{"id":114,"date":"2019-06-16T09:53:55","date_gmt":"2019-06-16T09:53:55","guid":{"rendered":"https:\/\/xyzhome.space\/2TapBrothers\/?page_id=114"},"modified":"2021-06-20T11:07:33","modified_gmt":"2021-06-20T11:07:33","slug":"impressum-datenschutz","status":"publish","type":"page","link":"https:\/\/hostme123.vip\/2TapBrothers\/impressum-datenschutz\/","title":{"rendered":"Impressum \/ Datenschutz"},"content":{"rendered":"<div id=\"dslc-theme-content\"><div id=\"dslc-theme-content-inner\"><p><\/p>\r\n<p><\/p>\r\n<p><\/p>\r\n<p>Thomas L\u00f6per<br \/>Holter Str. 251<br \/>33758 Schlo\u00df Holte - Stukenbrock<br \/>Tel.: +49 (0) 52 07 - 9 24 97 06<\/p>\r\n<p><\/p>\r\n<p><\/p>\r\n<p><\/p>\r\n<p><\/p>\r\n<p><\/p>\r\n<p><\/p>\r\n<p><\/p>\r\n<p><\/p>\r\n<p><\/p>\r\n<p><\/p>\r\n<p><\/p>\r\n<p><\/p>\r\n<p><\/p>\r\n<p><\/p>\r\n<p style=\"font-size: 26px;\"><strong>Datenschutzerkl\u00e4rung<\/strong><\/p>\r\n<p><\/p>\r\n<p><\/p>\r\n<p><strong>Grundsatz<\/strong><\/p>\r\n<p><\/p>\r\n<p><\/p>\r\n<p>Wir nehmen<br \/>den Schutz Ihrer pers\u00f6nlichen Daten sehr ernst und behandeln Ihre<br \/>personenbezogenen Daten vertraulich und entsprechend der gesetzlichen<br \/>Datenschutzvorschriften sowie dieser Datenschutzerkl\u00e4rung.\u00a0\u00a0<strong>\u00a0<\/strong><\/p>\r\n<p><\/p>\r\n<p><\/p>\r\n<p><strong>Erheben von Daten<\/strong><\/p>\r\n<p><\/p>\r\n<p><\/p>\r\n<p>Wir erheben und verarbeiten personenbezogene Daten nur, soweit diese f\u00fcr die<br \/>Begr\u00fcndung und inhaltliche Ausgestaltung oder \u00c4nderung des Rechtsverh\u00e4ltnisses<br \/>erforderlich sind (Bestandsdaten). Personenbezogene Daten \u00fcber die<br \/>Inanspruchnahme unserer Internetseiten (Nutzungsdaten) erheben wir nicht.<\/p>\r\n<p><\/p>\r\n<p><\/p>\r\n<p><strong>Datenverarbeitung auf dieser Internetseite<\/strong><\/p>\r\n<p><\/p>\r\n<p><\/p>\r\n<p>Wir erheben und speichern automatisch Informationen in Log Files, die Ihr Browser<br \/>automatisch an uns \u00fcbermittelt. Dies sind Browsertyp\/ Browserversion,<br \/>verwendetes Betriebssystem, Referrer URL und\u00a0 Uhrzeit der Serveranfrage.<br \/>Diese Daten sind nicht bestimmten Personen zuordenbar. Eine Zusammenf\u00fchrung<br \/>dieser Daten mit anderen Datenquellen wird nicht vorgenommen.<\/p>\r\n<p><\/p>\r\n<p><\/p>\r\n<p><strong>Nutzung von Cookies<\/strong><\/p>\r\n<p><\/p>\r\n<p><\/p>\r\n<p>Die Internetseiten verwenden teilweise so genannte Cookies. Diese dienen dazu,<br \/>unser Angebot nutzerfreundlicher, effektiver und sicherer zu machen. Cookies<br \/>sind kleine Textdateien, die auf Ihrem Rechner abgelegt werden und die Ihr<br \/>Browser speichert. Die meisten der von uns verwendeten Cookies sind so genannte<br \/>\u201eSession-Cookies\u201c. Sie werden nach Ende Ihres Besuchs automatisch gel\u00f6scht.<br \/>Cookies richten auf Ihrem Rechner keinen Schaden an und enthalten keine Viren.<\/p>\r\n<p><\/p>\r\n<p><\/p>\r\n<p><strong>Newsletter<\/strong><\/p>\r\n<p><\/p>\r\n<p><\/p>\r\n<p>Wenn Sie den auf der Webseite angebotenen Newsletter beziehen m\u00f6chten, ben\u00f6tigen wir von<br \/>Ihnen eine E-Mail-Adresse. Den Newsletter k\u00f6nnen Sie jederzeit kostenfrei \u00fcber<br \/>den im Newsletter angegebenen Link abbestellen.<\/p>\r\n<p><\/p>\r\n<p><\/p>\r\n<p>Wir haben mit unserem E-Mail-Marketing-Dienstleister Mailchimp einen Vertrag \u00fcber das<br \/>Verfahren zur Auftragsdatenverarbeitung abgeschlossen. Dadurch wird sicher<br \/>gestellt, dass sich unser Dienstleister beim Versand des Newsletters in allen<br \/>Punkten an die strengen Vorgaben des deutschen Datenschutzrechts h\u00e4lt. Dadurch<br \/>ist auch sicher gestellt, dass Ihre Daten nur innerhalb der EU mit einem hohen<br \/>Schutzniveau gespeichert werden. Eine Speicherung Ihrer Daten auf Servern<br \/>ausserhalb der EU findet nicht statt.<\/p>\r\n<p><\/p>\r\n<p><\/p>\r\n<p><strong>Kontaktformular<\/strong><\/p>\r\n<p><\/p>\r\n<p><\/p>\r\n<p>Wenn Sie uns per Kontaktformular Anfragen zukommen lassen, werden Ihre Angaben aus dem<br \/>Anfrageformular inklusive der von Ihnen dort angegebenen Kontaktdaten zwecks<br \/>Bearbeitung der Anfrage und f\u00fcr den Fall von Anschlussfragen bei uns<br \/>gespeichert. Diese Daten geben wir nicht ohne Ihre Einwilligung weiter. Die<br \/>Daten werden nach abgeschlossener Bearbeitung Ihrer Anfrage gel\u00f6scht.<\/p>\r\n<p><\/p>\r\n<p><\/p>\r\n<p><strong>Kommentarfunktion auf dieser Webseite<\/strong><\/p>\r\n<p><\/p>\r\n<p><\/p>\r\n<p>F\u00fcr die Kommentarfunktion auf dieser Seite werden neben Ihrem Kommentar auch Angaben<br \/>zum Zeitpunkt der Erstellung des Kommentars, Ihre E-Mail-Adresse und, wenn Sie<br \/>nicht anonym posten, der von Ihnen gew\u00e4hlte Nutzername gespeichert.<\/p>\r\n<p><\/p>\r\n<p><\/p>\r\n<p><strong>Abonnieren von Kommentaren<\/strong><\/p>\r\n<p><\/p>\r\n<p><\/p>\r\n<p>Als Nutzer der Seite k\u00f6nnen Sie nach einer Anmeldung Kommentare abonnieren. Sie erhalten<br \/>eine Best\u00e4tigungsemail, um zu pr\u00fcfen, ob Sie der Inhaber der angegebenen<br \/>E-Mail-Adresse sind. Sie k\u00f6nnen diese Funktion jederzeit \u00fcber einen Link in den<br \/>Info-Mails abbestellen.<\/p>\r\n<p><\/p>\r\n<p><\/p>\r\n<p><strong>\u00dcbermitteln von Daten bei Bestellungen und Buchungen auf dieser Seite<\/strong><\/p>\r\n<p><\/p>\r\n<p><\/p>\r\n<p>Wir \u00fcbermitteln personenbezogene Daten an Dritte nur dann, wenn dies im Rahmen der<br \/>Vertragsabwicklung notwendig ist, etwa an das mit der Zahlungsabwicklung<br \/>beauftragte Kreditinstitut. Eine weitergehende \u00dcbermittlung Ihrer Daten etwa zu<br \/>Zwecken der Werbung erfolgt nicht. Sie k\u00f6nnen der Nutzung der im Rahmen der<br \/>Bestellung gespeicherten E-Mail-Adresse jederzeit kostenfrei widersprechen.<\/p>\r\n<p><\/p>\r\n<p><\/p>\r\n<p><strong>Inhalte teilen bei Facebook, Google+1, Twitter &amp; Co.<\/strong><\/p>\r\n<p><\/p>\r\n<p><\/p>\r\n<p>Die Inhalte auf unseren Seiten k\u00f6nnen datenschutzkonform in sozialen Netzwerken wie<br \/>Facebook, Twitter oder Google+ geteilt werden.<\/p>\r\n<p><\/p>\r\n<p><\/p>\r\n<p>Unsere Nutzer k\u00f6nnen die Inhalte dieser Seite datenschutzkonform in sozialen<br \/>Netzwerken teilen, ohne dass komplette Surf-Profile durch die Betreiber der<br \/>Netzwerke erstellt werden.<\/p>\r\n<p><\/p><\/div><\/div>","protected":false},"excerpt":{"rendered":"<p>Thomas L\u00f6perHolter Str. 25133758 Schlo\u00df Holte - StukenbrockTel.: +49 (0) 52 07 - 9 24 97 06 Datenschutzerkl\u00e4rung Grundsatz Wir nehmenden Schutz Ihrer pers\u00f6nlichen Daten sehr ernst und behandeln Ihrepersonenbezogenen Daten vertraulich und entsprechend der gesetzlichenDatenschutzvorschriften sowie dieser Datenschutzerkl\u00e4rung.\u00a0\u00a0\u00a0 Erheben von Daten Wir erheben und verarbeiten personenbezogene Daten nur, soweit diese f\u00fcr dieBegr\u00fcndung und inhaltliche Ausgestaltung oder \u00c4nderung des Rechtsverh\u00e4ltnisseserforderlich sind (Bestandsdaten). Personenbezogene Daten \u00fcber [&hellip;]<\/p>\n","protected":false},"author":1,"featured_media":0,"parent":0,"menu_order":0,"comment_status":"closed","ping_status":"closed","template":"","meta":{"_monsterinsights_skip_tracking":false,"_monsterinsights_sitenote_active":false,"_monsterinsights_sitenote_note":"","_monsterinsights_sitenote_category":0,"footnotes":""},"class_list":["post-114","page","type-page","status-publish","hentry"],"yoast_head":"<!-- This site is optimized with the Yoast SEO plugin v27.5 - https:\/\/yoast.com\/product\/yoast-seo-wordpress\/ -->\n<title>Impressum \/ Datenschutz - 2 Tap Brothers<\/title>\n<meta name=\"robots\" content=\"index, follow, max-snippet:-1, max-image-preview:large, max-video-preview:-1\" \/>\n<link rel=\"canonical\" href=\"https:\/\/hostme123.vip\/2TapBrothers\/impressum-datenschutz\/\" \/>\n<meta property=\"og:locale\" content=\"en_US\" \/>\n<meta property=\"og:type\" content=\"article\" \/>\n<meta property=\"og:title\" content=\"Impressum \/ Datenschutz - 2 Tap Brothers\" \/>\n<meta property=\"og:description\" content=\"Thomas L\u00f6perHolter Str. 25133758 Schlo\u00df Holte - StukenbrockTel.: +49 (0) 52 07 - 9 24 97 06 Datenschutzerkl\u00e4rung Grundsatz Wir nehmenden Schutz Ihrer pers\u00f6nlichen Daten sehr ernst und behandeln Ihrepersonenbezogenen Daten vertraulich und entsprechend der gesetzlichenDatenschutzvorschriften sowie dieser Datenschutzerkl\u00e4rung.\u00a0\u00a0\u00a0 Erheben von Daten Wir erheben und verarbeiten personenbezogene Daten nur, soweit diese f\u00fcr dieBegr\u00fcndung und inhaltliche Ausgestaltung oder \u00c4nderung des Rechtsverh\u00e4ltnisseserforderlich sind (Bestandsdaten). Personenbezogene Daten \u00fcber [&hellip;]\" \/>\n<meta property=\"og:url\" content=\"https:\/\/hostme123.vip\/2TapBrothers\/impressum-datenschutz\/\" \/>\n<meta property=\"og:site_name\" content=\"2 Tap Brothers\" \/>\n<meta property=\"article:modified_time\" content=\"2021-06-20T11:07:33+00:00\" \/>\n<meta name=\"twitter:card\" content=\"summary_large_image\" \/>\n<meta name=\"twitter:label1\" content=\"Est. reading time\" \/>\n\t<meta name=\"twitter:data1\" content=\"3 minutes\" \/>\n<script type=\"application\/ld+json\" class=\"yoast-schema-graph\">{\"@context\":\"https:\\\/\\\/schema.org\",\"@graph\":[{\"@type\":\"WebPage\",\"@id\":\"https:\\\/\\\/hostme123.vip\\\/2TapBrothers\\\/impressum-datenschutz\\\/\",\"url\":\"https:\\\/\\\/hostme123.vip\\\/2TapBrothers\\\/impressum-datenschutz\\\/\",\"name\":\"Impressum \\\/ Datenschutz - 2 Tap Brothers\",\"isPartOf\":{\"@id\":\"https:\\\/\\\/hostme123.vip\\\/2TapBrothers\\\/#website\"},\"datePublished\":\"2019-06-16T09:53:55+00:00\",\"dateModified\":\"2021-06-20T11:07:33+00:00\",\"breadcrumb\":{\"@id\":\"https:\\\/\\\/hostme123.vip\\\/2TapBrothers\\\/impressum-datenschutz\\\/#breadcrumb\"},\"inLanguage\":\"en-US\",\"potentialAction\":[{\"@type\":\"ReadAction\",\"target\":[\"https:\\\/\\\/hostme123.vip\\\/2TapBrothers\\\/impressum-datenschutz\\\/\"]}]},{\"@type\":\"BreadcrumbList\",\"@id\":\"https:\\\/\\\/hostme123.vip\\\/2TapBrothers\\\/impressum-datenschutz\\\/#breadcrumb\",\"itemListElement\":[{\"@type\":\"ListItem\",\"position\":1,\"name\":\"Home\",\"item\":\"https:\\\/\\\/hostme123.vip\\\/2TapBrothers\\\/\"},{\"@type\":\"ListItem\",\"position\":2,\"name\":\"Impressum \\\/ Datenschutz\"}]},{\"@type\":\"WebSite\",\"@id\":\"https:\\\/\\\/hostme123.vip\\\/2TapBrothers\\\/#website\",\"url\":\"https:\\\/\\\/hostme123.vip\\\/2TapBrothers\\\/\",\"name\":\"2 Tap Brothers\",\"description\":\"Bob e Thomas &amp; Thomas L\u00f6per, Stepptanz &amp; Mehr\",\"potentialAction\":[{\"@type\":\"SearchAction\",\"target\":{\"@type\":\"EntryPoint\",\"urlTemplate\":\"https:\\\/\\\/hostme123.vip\\\/2TapBrothers\\\/?s={search_term_string}\"},\"query-input\":{\"@type\":\"PropertyValueSpecification\",\"valueRequired\":true,\"valueName\":\"search_term_string\"}}],\"inLanguage\":\"en-US\"}]}<\/script>\n<!-- \/ Yoast SEO plugin. -->","yoast_head_json":{"title":"Impressum \/ Datenschutz - 2 Tap Brothers","robots":{"index":"index","follow":"follow","max-snippet":"max-snippet:-1","max-image-preview":"max-image-preview:large","max-video-preview":"max-video-preview:-1"},"canonical":"https:\/\/hostme123.vip\/2TapBrothers\/impressum-datenschutz\/","og_locale":"en_US","og_type":"article","og_title":"Impressum \/ Datenschutz - 2 Tap Brothers","og_description":"Thomas L\u00f6perHolter Str. 25133758 Schlo\u00df Holte - StukenbrockTel.: +49 (0) 52 07 - 9 24 97 06 Datenschutzerkl\u00e4rung Grundsatz Wir nehmenden Schutz Ihrer pers\u00f6nlichen Daten sehr ernst und behandeln Ihrepersonenbezogenen Daten vertraulich und entsprechend der gesetzlichenDatenschutzvorschriften sowie dieser Datenschutzerkl\u00e4rung.\u00a0\u00a0\u00a0 Erheben von Daten Wir erheben und verarbeiten personenbezogene Daten nur, soweit diese f\u00fcr dieBegr\u00fcndung und inhaltliche Ausgestaltung oder \u00c4nderung des Rechtsverh\u00e4ltnisseserforderlich sind (Bestandsdaten). Personenbezogene Daten \u00fcber [&hellip;]","og_url":"https:\/\/hostme123.vip\/2TapBrothers\/impressum-datenschutz\/","og_site_name":"2 Tap Brothers","article_modified_time":"2021-06-20T11:07:33+00:00","twitter_card":"summary_large_image","twitter_misc":{"Est. reading time":"3 minutes"},"schema":{"@context":"https:\/\/schema.org","@graph":[{"@type":"WebPage","@id":"https:\/\/hostme123.vip\/2TapBrothers\/impressum-datenschutz\/","url":"https:\/\/hostme123.vip\/2TapBrothers\/impressum-datenschutz\/","name":"Impressum \/ Datenschutz - 2 Tap Brothers","isPartOf":{"@id":"https:\/\/hostme123.vip\/2TapBrothers\/#website"},"datePublished":"2019-06-16T09:53:55+00:00","dateModified":"2021-06-20T11:07:33+00:00","breadcrumb":{"@id":"https:\/\/hostme123.vip\/2TapBrothers\/impressum-datenschutz\/#breadcrumb"},"inLanguage":"en-US","potentialAction":[{"@type":"ReadAction","target":["https:\/\/hostme123.vip\/2TapBrothers\/impressum-datenschutz\/"]}]},{"@type":"BreadcrumbList","@id":"https:\/\/hostme123.vip\/2TapBrothers\/impressum-datenschutz\/#breadcrumb","itemListElement":[{"@type":"ListItem","position":1,"name":"Home","item":"https:\/\/hostme123.vip\/2TapBrothers\/"},{"@type":"ListItem","position":2,"name":"Impressum \/ Datenschutz"}]},{"@type":"WebSite","@id":"https:\/\/hostme123.vip\/2TapBrothers\/#website","url":"https:\/\/hostme123.vip\/2TapBrothers\/","name":"2 Tap Brothers","description":"Bob e Thomas &amp; Thomas L\u00f6per, Stepptanz &amp; Mehr","potentialAction":[{"@type":"SearchAction","target":{"@type":"EntryPoint","urlTemplate":"https:\/\/hostme123.vip\/2TapBrothers\/?s={search_term_string}"},"query-input":{"@type":"PropertyValueSpecification","valueRequired":true,"valueName":"search_term_string"}}],"inLanguage":"en-US"}]}},"jetpack_sharing_enabled":true,"_links":{"self":[{"href":"https:\/\/hostme123.vip\/2TapBrothers\/wp-json\/wp\/v2\/pages\/114","targetHints":{"allow":["GET"]}}],"collection":[{"href":"https:\/\/hostme123.vip\/2TapBrothers\/wp-json\/wp\/v2\/pages"}],"about":[{"href":"https:\/\/hostme123.vip\/2TapBrothers\/wp-json\/wp\/v2\/types\/page"}],"author":[{"embeddable":true,"href":"https:\/\/hostme123.vip\/2TapBrothers\/wp-json\/wp\/v2\/users\/1"}],"replies":[{"embeddable":true,"href":"https:\/\/hostme123.vip\/2TapBrothers\/wp-json\/wp\/v2\/comments?post=114"}],"version-history":[{"count":10,"href":"https:\/\/hostme123.vip\/2TapBrothers\/wp-json\/wp\/v2\/pages\/114\/revisions"}],"predecessor-version":[{"id":2072,"href":"https:\/\/hostme123.vip\/2TapBrothers\/wp-json\/wp\/v2\/pages\/114\/revisions\/2072"}],"wp:attachment":[{"href":"https:\/\/hostme123.vip\/2TapBrothers\/wp-json\/wp\/v2\/media?parent=114"}],"curies":[{"name":"wp","href":"https:\/\/api.w.org\/{rel}","templated":true}]}}