{"id":116,"date":"2019-06-16T09:56:17","date_gmt":"2019-06-16T09:56:17","guid":{"rendered":"https:\/\/xyzhome.space\/2TapBrothers\/?page_id=116"},"modified":"2021-02-06T18:48:48","modified_gmt":"2021-02-06T18:48:48","slug":"2-tap-brothers-bob-e-thomas-thomas-loper","status":"publish","type":"page","link":"https:\/\/hostme123.vip\/2TapBrothers\/","title":{"rendered":"2 Tap Brothers - Bob e &#038; Thomas"},"content":{"rendered":"<div id=\"dslc-theme-content\"><div id=\"dslc-theme-content-inner\"><p><\/p>\r\n<h4 style=\"text-align: left;\">Thomas L\u00f6per und Bob e Thomas, Deutschland und USA, zwei Steppt\u00e4nzer, vier F\u00fc\u00dfe, eine gemeinsame Passion: die Tradition des Rhythm Tap! Beeindruckende Fusstechnik und spontane Improvisationen zum Takt unterschiedlichster Musikstile machen diesen Tanzstil so faszinierend.<\/h4>\r\n<h4><\/h4>\r\n<h4><\/h4>\r\n<h4 style=\"text-align: left;\">Bob e &amp; Thomas, Steppt\u00e4nzer und Meister der Rhythmen, Musiker mit den F\u00fc\u00dfen, begeistern mit t\u00e4nzerisch innovativen Ideen. Sie fusionieren Stepptanzen, Live Musik Looping, Jonglage und Interaktion mit ihrem Publikum. Das Bindeglied: Bewegung und Kom\u00f6die, gespickt mit einer gro\u00dfen Prise Ironie.<\/h4>\r\n<h4><\/h4>\r\n<h4><\/h4>\r\n<h4 style=\"text-align: left;\">2 Tap Brothers, wo auch immer sie auftreten, entfachen sie ihr rhythmisches Feuerwerk.\u00a0 Ob Bob e<br \/>f\u00fcr 350.000 Zuschauer in Boston, oder Thomas im Dialog mit einer Samba-Percussion Gruppe, diesem Stepptakel kann sich niemand entziehen.<\/h4>\r\n<h4><\/h4>\r\n<h4><\/h4>\r\n<h4 style=\"text-align: left;\">Ihr Traum: Am Brandenburger Tor f\u00fcr 5.000 Zuschauer den Takt anzugeben, die spontan aufspringen, die F\u00fc\u00dfe schon in Bewegung, und gemeinsam mit ihnen rhythmisch Rabatz schlagen.<\/h4>\r\n<p><\/p>\r\n<p><\/p>\r\n<p><\/p><\/div><\/div>","protected":false},"excerpt":{"rendered":"<p>Thomas L\u00f6per und Bob e Thomas, Deutschland und USA, zwei Steppt\u00e4nzer, vier F\u00fc\u00dfe, eine gemeinsame Passion: die Tradition des Rhythm Tap! Beeindruckende Fusstechnik und spontane Improvisationen zum Takt unterschiedlichster Musikstile machen diesen Tanzstil so faszinierend. Bob e &amp; Thomas, Steppt\u00e4nzer und Meister der Rhythmen, Musiker mit den F\u00fc\u00dfen, begeistern mit t\u00e4nzerisch innovativen Ideen. Sie fusionieren Stepptanzen, Live Musik Looping, Jonglage und Interaktion mit ihrem Publikum. [&hellip;]<\/p>\n","protected":false},"author":1,"featured_media":0,"parent":0,"menu_order":0,"comment_status":"closed","ping_status":"closed","template":"","meta":{"_monsterinsights_skip_tracking":false,"_monsterinsights_sitenote_active":false,"_monsterinsights_sitenote_note":"","_monsterinsights_sitenote_category":0,"footnotes":""},"class_list":["post-116","page","type-page","status-publish","hentry"],"yoast_head":"<!-- This site is optimized with the Yoast SEO plugin v27.5 - https:\/\/yoast.com\/product\/yoast-seo-wordpress\/ -->\n<title>2 Tap Brothers - Bob e &amp; Thomas - 2 Tap Brothers<\/title>\n<meta name=\"robots\" content=\"index, follow, max-snippet:-1, max-image-preview:large, max-video-preview:-1\" \/>\n<link rel=\"canonical\" href=\"https:\/\/hostme123.vip\/2TapBrothers\/\" \/>\n<meta property=\"og:locale\" content=\"en_US\" \/>\n<meta property=\"og:type\" content=\"article\" \/>\n<meta property=\"og:title\" content=\"2 Tap Brothers - Bob e &amp; Thomas - 2 Tap Brothers\" \/>\n<meta property=\"og:description\" content=\"Thomas L\u00f6per und Bob e Thomas, Deutschland und USA, zwei Steppt\u00e4nzer, vier F\u00fc\u00dfe, eine gemeinsame Passion: die Tradition des Rhythm Tap! Beeindruckende Fusstechnik und spontane Improvisationen zum Takt unterschiedlichster Musikstile machen diesen Tanzstil so faszinierend. Bob e &amp; Thomas, Steppt\u00e4nzer und Meister der Rhythmen, Musiker mit den F\u00fc\u00dfen, begeistern mit t\u00e4nzerisch innovativen Ideen. Sie fusionieren Stepptanzen, Live Musik Looping, Jonglage und Interaktion mit ihrem Publikum. [&hellip;]\" \/>\n<meta property=\"og:url\" content=\"https:\/\/hostme123.vip\/2TapBrothers\/\" \/>\n<meta property=\"og:site_name\" content=\"2 Tap Brothers\" \/>\n<meta property=\"article:modified_time\" content=\"2021-02-06T18:48:48+00:00\" \/>\n<meta name=\"twitter:card\" content=\"summary_large_image\" \/>\n<meta name=\"twitter:label1\" content=\"Est. reading time\" \/>\n\t<meta name=\"twitter:data1\" content=\"1 minute\" \/>\n<script type=\"application\/ld+json\" class=\"yoast-schema-graph\">{\"@context\":\"https:\\\/\\\/schema.org\",\"@graph\":[{\"@type\":\"WebPage\",\"@id\":\"https:\\\/\\\/hostme123.vip\\\/2TapBrothers\\\/\",\"url\":\"https:\\\/\\\/hostme123.vip\\\/2TapBrothers\\\/\",\"name\":\"2 Tap Brothers - Bob e & Thomas - 2 Tap Brothers\",\"isPartOf\":{\"@id\":\"https:\\\/\\\/hostme123.vip\\\/2TapBrothers\\\/#website\"},\"datePublished\":\"2019-06-16T09:56:17+00:00\",\"dateModified\":\"2021-02-06T18:48:48+00:00\",\"breadcrumb\":{\"@id\":\"https:\\\/\\\/hostme123.vip\\\/2TapBrothers\\\/#breadcrumb\"},\"inLanguage\":\"en-US\",\"potentialAction\":[{\"@type\":\"ReadAction\",\"target\":[\"https:\\\/\\\/hostme123.vip\\\/2TapBrothers\\\/\"]}]},{\"@type\":\"BreadcrumbList\",\"@id\":\"https:\\\/\\\/hostme123.vip\\\/2TapBrothers\\\/#breadcrumb\",\"itemListElement\":[{\"@type\":\"ListItem\",\"position\":1,\"name\":\"Home\",\"item\":\"https:\\\/\\\/hostme123.vip\\\/2TapBrothers\\\/\"},{\"@type\":\"ListItem\",\"position\":2,\"name\":\"2 Tap Brothers &#8211; Bob e &#038; Thomas\"}]},{\"@type\":\"WebSite\",\"@id\":\"https:\\\/\\\/hostme123.vip\\\/2TapBrothers\\\/#website\",\"url\":\"https:\\\/\\\/hostme123.vip\\\/2TapBrothers\\\/\",\"name\":\"2 Tap Brothers\",\"description\":\"Bob e Thomas &amp; Thomas L\u00f6per, Stepptanz &amp; Mehr\",\"potentialAction\":[{\"@type\":\"SearchAction\",\"target\":{\"@type\":\"EntryPoint\",\"urlTemplate\":\"https:\\\/\\\/hostme123.vip\\\/2TapBrothers\\\/?s={search_term_string}\"},\"query-input\":{\"@type\":\"PropertyValueSpecification\",\"valueRequired\":true,\"valueName\":\"search_term_string\"}}],\"inLanguage\":\"en-US\"}]}<\/script>\n<!-- \/ Yoast SEO plugin. -->","yoast_head_json":{"title":"2 Tap Brothers - Bob e & Thomas - 2 Tap Brothers","robots":{"index":"index","follow":"follow","max-snippet":"max-snippet:-1","max-image-preview":"max-image-preview:large","max-video-preview":"max-video-preview:-1"},"canonical":"https:\/\/hostme123.vip\/2TapBrothers\/","og_locale":"en_US","og_type":"article","og_title":"2 Tap Brothers - Bob e & Thomas - 2 Tap Brothers","og_description":"Thomas L\u00f6per und Bob e Thomas, Deutschland und USA, zwei Steppt\u00e4nzer, vier F\u00fc\u00dfe, eine gemeinsame Passion: die Tradition des Rhythm Tap! Beeindruckende Fusstechnik und spontane Improvisationen zum Takt unterschiedlichster Musikstile machen diesen Tanzstil so faszinierend. Bob e &amp; Thomas, Steppt\u00e4nzer und Meister der Rhythmen, Musiker mit den F\u00fc\u00dfen, begeistern mit t\u00e4nzerisch innovativen Ideen. Sie fusionieren Stepptanzen, Live Musik Looping, Jonglage und Interaktion mit ihrem Publikum. [&hellip;]","og_url":"https:\/\/hostme123.vip\/2TapBrothers\/","og_site_name":"2 Tap Brothers","article_modified_time":"2021-02-06T18:48:48+00:00","twitter_card":"summary_large_image","twitter_misc":{"Est. reading time":"1 minute"},"schema":{"@context":"https:\/\/schema.org","@graph":[{"@type":"WebPage","@id":"https:\/\/hostme123.vip\/2TapBrothers\/","url":"https:\/\/hostme123.vip\/2TapBrothers\/","name":"2 Tap Brothers - Bob e & Thomas - 2 Tap Brothers","isPartOf":{"@id":"https:\/\/hostme123.vip\/2TapBrothers\/#website"},"datePublished":"2019-06-16T09:56:17+00:00","dateModified":"2021-02-06T18:48:48+00:00","breadcrumb":{"@id":"https:\/\/hostme123.vip\/2TapBrothers\/#breadcrumb"},"inLanguage":"en-US","potentialAction":[{"@type":"ReadAction","target":["https:\/\/hostme123.vip\/2TapBrothers\/"]}]},{"@type":"BreadcrumbList","@id":"https:\/\/hostme123.vip\/2TapBrothers\/#breadcrumb","itemListElement":[{"@type":"ListItem","position":1,"name":"Home","item":"https:\/\/hostme123.vip\/2TapBrothers\/"},{"@type":"ListItem","position":2,"name":"2 Tap Brothers &#8211; Bob e &#038; Thomas"}]},{"@type":"WebSite","@id":"https:\/\/hostme123.vip\/2TapBrothers\/#website","url":"https:\/\/hostme123.vip\/2TapBrothers\/","name":"2 Tap Brothers","description":"Bob e Thomas &amp; Thomas L\u00f6per, Stepptanz &amp; Mehr","potentialAction":[{"@type":"SearchAction","target":{"@type":"EntryPoint","urlTemplate":"https:\/\/hostme123.vip\/2TapBrothers\/?s={search_term_string}"},"query-input":{"@type":"PropertyValueSpecification","valueRequired":true,"valueName":"search_term_string"}}],"inLanguage":"en-US"}]}},"jetpack_sharing_enabled":true,"_links":{"self":[{"href":"https:\/\/hostme123.vip\/2TapBrothers\/wp-json\/wp\/v2\/pages\/116","targetHints":{"allow":["GET"]}}],"collection":[{"href":"https:\/\/hostme123.vip\/2TapBrothers\/wp-json\/wp\/v2\/pages"}],"about":[{"href":"https:\/\/hostme123.vip\/2TapBrothers\/wp-json\/wp\/v2\/types\/page"}],"author":[{"embeddable":true,"href":"https:\/\/hostme123.vip\/2TapBrothers\/wp-json\/wp\/v2\/users\/1"}],"replies":[{"embeddable":true,"href":"https:\/\/hostme123.vip\/2TapBrothers\/wp-json\/wp\/v2\/comments?post=116"}],"version-history":[{"count":8,"href":"https:\/\/hostme123.vip\/2TapBrothers\/wp-json\/wp\/v2\/pages\/116\/revisions"}],"predecessor-version":[{"id":2044,"href":"https:\/\/hostme123.vip\/2TapBrothers\/wp-json\/wp\/v2\/pages\/116\/revisions\/2044"}],"wp:attachment":[{"href":"https:\/\/hostme123.vip\/2TapBrothers\/wp-json\/wp\/v2\/media?parent=116"}],"curies":[{"name":"wp","href":"https:\/\/api.w.org\/{rel}","templated":true}]}}