{"id":127,"date":"2019-06-16T10:02:54","date_gmt":"2019-06-16T10:02:54","guid":{"rendered":"https:\/\/xyzhome.space\/2TapBrothers\/?page_id=127"},"modified":"2019-06-16T10:04:17","modified_gmt":"2019-06-16T10:04:17","slug":"biografie-bob-e-thomas","status":"publish","type":"page","link":"https:\/\/hostme123.vip\/2TapBrothers\/biografie-bob-e-thomas\/","title":{"rendered":"Biografie - Bob e Thomas"},"content":{"rendered":"<div id=\"dslc-theme-content\"><div id=\"dslc-theme-content-inner\">\n<div class=\"wp-block-image\"><figure class=\"alignright\"><a href=\"http:\/\/www.bobethomas.com\/home\/wp-content\/uploads\/2016\/09\/Headshot_Elbow_Lean_index.jpg\"><img loading=\"lazy\" decoding=\"async\" width=\"300\" height=\"237\" src=\"https:\/\/xyzhome.space\/2TapBrothers\/wp-content\/uploads\/2019\/06\/Bob-Leaning-Arm-headshot-Boston-Urlaub-IMG_5139-cropped-300x237.jpg\" alt=\"\" class=\"wp-image-128\" srcset=\"https:\/\/hostme123.vip\/2TapBrothers\/wp-content\/uploads\/2019\/06\/Bob-Leaning-Arm-headshot-Boston-Urlaub-IMG_5139-cropped-300x237.jpg 300w, https:\/\/hostme123.vip\/2TapBrothers\/wp-content\/uploads\/2019\/06\/Bob-Leaning-Arm-headshot-Boston-Urlaub-IMG_5139-cropped-768x606.jpg 768w, https:\/\/hostme123.vip\/2TapBrothers\/wp-content\/uploads\/2019\/06\/Bob-Leaning-Arm-headshot-Boston-Urlaub-IMG_5139-cropped-1024x808.jpg 1024w, https:\/\/hostme123.vip\/2TapBrothers\/wp-content\/uploads\/2019\/06\/Bob-Leaning-Arm-headshot-Boston-Urlaub-IMG_5139-cropped.jpg 1632w\" sizes=\"auto, (max-width: 300px) 100vw, 300px\" \/><\/a><\/figure><\/div>\n\n\n\n<p>Bob\ne Thomas, der nach Deutschland wegen der Liebe gekommen ist, war f\u00fcr 30 Jahre\nin Amerika als T\u00e4nzer und Darsteller t\u00e4tig.<\/p>\n\n\n\n<p>Mit seiner Ausbildung als Musiker \/ Komponist (BMusic Theorie\/Komponieren\nWittenberg Univ, USA) sowohl auch als Schriftsteller (MFA Creative Nonfiction\nWriting, Goucher College, USA) bringt er vielf\u00e4ltig Erfahrung und Training als\nK\u00fcnstler zu seiner Arbeit.<\/p>\n\n\n\n<p>Er hat u.a. mit dem Artie\nShaw Orchestra Asia Tour (1994), mit der Houston Symphony Orchestra, Boston\nPops Orchestra (auf national TV), San Antonio Orchestra, New Mexico Orchestra,\nJacksonville Orchestra, und Boston Philharmonic Orchestra getanzt.<\/p>\n\n\n\n<p>Seine Spezial\u00e4ten sind amerikanische Tanzen aus den 1920-1950er Jahre,\ndarunter authentischer Jazz, Swing-Jitterbug-Lindy, und Stepptanz. Er hat\nStepptanzimprovisation und amerikanische Tanzgeschichte f\u00fcr die BA-Tanz\nProgramme an der Roger Williams University und Dean College unterrichtet.<\/p>\n\n\n\n<p>Zwischen 1993 und 2005 war seine Show \u201cRoots of American Dance, The\nAfrican-European Synthesis\u201d, die er selber recherchiert, geschrieben und\ngetanzt hat, mehr als 500 mal in der USA und Kanada dargestellt.\n\nEr ist seit 2008 in Deutschland als T\u00e4nzer, Lehrer und\nDarsteller t\u00e4tig, ua als Tanzgeschichte Lehrer f\u00fcr die Tanzp\u00e4dagogik Ausbildung\nin Bielefeld und als Stepptanzimprovisation und Body Percussion Workshopleiter\nin G\u00fctersloh und Bad Oeynhausen.\n\n\n\n<\/p>\n\n\n\n<h1 class=\"wp-block-heading\"><\/h1>\n<\/div><\/div>","protected":false},"excerpt":{"rendered":"<p>Bob e Thomas, der nach Deutschland wegen der Liebe gekommen ist, war f\u00fcr 30 Jahre in Amerika als T\u00e4nzer und Darsteller t\u00e4tig. Mit seiner Ausbildung als Musiker \/ Komponist (BMusic Theorie\/Komponieren Wittenberg Univ, USA) sowohl auch als Schriftsteller (MFA Creative Nonfiction Writing, Goucher College, USA) bringt er vielf\u00e4ltig Erfahrung und Training als K\u00fcnstler zu seiner Arbeit. Er hat u.a. mit dem Artie Shaw Orchestra Asia [&hellip;]<\/p>\n","protected":false},"author":1,"featured_media":0,"parent":0,"menu_order":0,"comment_status":"closed","ping_status":"closed","template":"","meta":{"_monsterinsights_skip_tracking":false,"_monsterinsights_sitenote_active":false,"_monsterinsights_sitenote_note":"","_monsterinsights_sitenote_category":0,"footnotes":""},"class_list":["post-127","page","type-page","status-publish","hentry"],"yoast_head":"<!-- This site is optimized with the Yoast SEO plugin v27.5 - https:\/\/yoast.com\/product\/yoast-seo-wordpress\/ -->\n<title>Biografie - Bob e Thomas - 2 Tap Brothers<\/title>\n<meta name=\"robots\" content=\"index, follow, max-snippet:-1, max-image-preview:large, max-video-preview:-1\" \/>\n<link rel=\"canonical\" href=\"https:\/\/hostme123.vip\/2TapBrothers\/biografie-bob-e-thomas\/\" \/>\n<meta property=\"og:locale\" content=\"en_US\" \/>\n<meta property=\"og:type\" content=\"article\" \/>\n<meta property=\"og:title\" content=\"Biografie - Bob e Thomas - 2 Tap Brothers\" \/>\n<meta property=\"og:description\" content=\"Bob e Thomas, der nach Deutschland wegen der Liebe gekommen ist, war f\u00fcr 30 Jahre in Amerika als T\u00e4nzer und Darsteller t\u00e4tig. Mit seiner Ausbildung als Musiker \/ Komponist (BMusic Theorie\/Komponieren Wittenberg Univ, USA) sowohl auch als Schriftsteller (MFA Creative Nonfiction Writing, Goucher College, USA) bringt er vielf\u00e4ltig Erfahrung und Training als K\u00fcnstler zu seiner Arbeit. Er hat u.a. mit dem Artie Shaw Orchestra Asia [&hellip;]\" \/>\n<meta property=\"og:url\" content=\"https:\/\/hostme123.vip\/2TapBrothers\/biografie-bob-e-thomas\/\" \/>\n<meta property=\"og:site_name\" content=\"2 Tap Brothers\" \/>\n<meta property=\"article:modified_time\" content=\"2019-06-16T10:04:17+00:00\" \/>\n<meta property=\"og:image\" content=\"https:\/\/xyzhome.space\/2TapBrothers\/wp-content\/uploads\/2019\/06\/Bob-Leaning-Arm-headshot-Boston-Urlaub-IMG_5139-cropped-300x237.jpg\" \/>\n<meta name=\"twitter:card\" content=\"summary_large_image\" \/>\n<meta name=\"twitter:label1\" content=\"Est. reading time\" \/>\n\t<meta name=\"twitter:data1\" content=\"1 minute\" \/>\n<script type=\"application\/ld+json\" class=\"yoast-schema-graph\">{\"@context\":\"https:\\\/\\\/schema.org\",\"@graph\":[{\"@type\":\"WebPage\",\"@id\":\"https:\\\/\\\/hostme123.vip\\\/2TapBrothers\\\/biografie-bob-e-thomas\\\/\",\"url\":\"https:\\\/\\\/hostme123.vip\\\/2TapBrothers\\\/biografie-bob-e-thomas\\\/\",\"name\":\"Biografie - Bob e Thomas - 2 Tap Brothers\",\"isPartOf\":{\"@id\":\"https:\\\/\\\/hostme123.vip\\\/2TapBrothers\\\/#website\"},\"primaryImageOfPage\":{\"@id\":\"https:\\\/\\\/hostme123.vip\\\/2TapBrothers\\\/biografie-bob-e-thomas\\\/#primaryimage\"},\"image\":{\"@id\":\"https:\\\/\\\/hostme123.vip\\\/2TapBrothers\\\/biografie-bob-e-thomas\\\/#primaryimage\"},\"thumbnailUrl\":\"https:\\\/\\\/xyzhome.space\\\/2TapBrothers\\\/wp-content\\\/uploads\\\/2019\\\/06\\\/Bob-Leaning-Arm-headshot-Boston-Urlaub-IMG_5139-cropped-300x237.jpg\",\"datePublished\":\"2019-06-16T10:02:54+00:00\",\"dateModified\":\"2019-06-16T10:04:17+00:00\",\"breadcrumb\":{\"@id\":\"https:\\\/\\\/hostme123.vip\\\/2TapBrothers\\\/biografie-bob-e-thomas\\\/#breadcrumb\"},\"inLanguage\":\"en-US\",\"potentialAction\":[{\"@type\":\"ReadAction\",\"target\":[\"https:\\\/\\\/hostme123.vip\\\/2TapBrothers\\\/biografie-bob-e-thomas\\\/\"]}]},{\"@type\":\"ImageObject\",\"inLanguage\":\"en-US\",\"@id\":\"https:\\\/\\\/hostme123.vip\\\/2TapBrothers\\\/biografie-bob-e-thomas\\\/#primaryimage\",\"url\":\"https:\\\/\\\/xyzhome.space\\\/2TapBrothers\\\/wp-content\\\/uploads\\\/2019\\\/06\\\/Bob-Leaning-Arm-headshot-Boston-Urlaub-IMG_5139-cropped-300x237.jpg\",\"contentUrl\":\"https:\\\/\\\/xyzhome.space\\\/2TapBrothers\\\/wp-content\\\/uploads\\\/2019\\\/06\\\/Bob-Leaning-Arm-headshot-Boston-Urlaub-IMG_5139-cropped-300x237.jpg\"},{\"@type\":\"BreadcrumbList\",\"@id\":\"https:\\\/\\\/hostme123.vip\\\/2TapBrothers\\\/biografie-bob-e-thomas\\\/#breadcrumb\",\"itemListElement\":[{\"@type\":\"ListItem\",\"position\":1,\"name\":\"Home\",\"item\":\"https:\\\/\\\/hostme123.vip\\\/2TapBrothers\\\/\"},{\"@type\":\"ListItem\",\"position\":2,\"name\":\"Biografie &#8211; Bob e Thomas\"}]},{\"@type\":\"WebSite\",\"@id\":\"https:\\\/\\\/hostme123.vip\\\/2TapBrothers\\\/#website\",\"url\":\"https:\\\/\\\/hostme123.vip\\\/2TapBrothers\\\/\",\"name\":\"2 Tap Brothers\",\"description\":\"Bob e Thomas &amp; Thomas L\u00f6per, Stepptanz &amp; Mehr\",\"potentialAction\":[{\"@type\":\"SearchAction\",\"target\":{\"@type\":\"EntryPoint\",\"urlTemplate\":\"https:\\\/\\\/hostme123.vip\\\/2TapBrothers\\\/?s={search_term_string}\"},\"query-input\":{\"@type\":\"PropertyValueSpecification\",\"valueRequired\":true,\"valueName\":\"search_term_string\"}}],\"inLanguage\":\"en-US\"}]}<\/script>\n<!-- \/ Yoast SEO plugin. -->","yoast_head_json":{"title":"Biografie - Bob e Thomas - 2 Tap Brothers","robots":{"index":"index","follow":"follow","max-snippet":"max-snippet:-1","max-image-preview":"max-image-preview:large","max-video-preview":"max-video-preview:-1"},"canonical":"https:\/\/hostme123.vip\/2TapBrothers\/biografie-bob-e-thomas\/","og_locale":"en_US","og_type":"article","og_title":"Biografie - Bob e Thomas - 2 Tap Brothers","og_description":"Bob e Thomas, der nach Deutschland wegen der Liebe gekommen ist, war f\u00fcr 30 Jahre in Amerika als T\u00e4nzer und Darsteller t\u00e4tig. Mit seiner Ausbildung als Musiker \/ Komponist (BMusic Theorie\/Komponieren Wittenberg Univ, USA) sowohl auch als Schriftsteller (MFA Creative Nonfiction Writing, Goucher College, USA) bringt er vielf\u00e4ltig Erfahrung und Training als K\u00fcnstler zu seiner Arbeit. Er hat u.a. mit dem Artie Shaw Orchestra Asia [&hellip;]","og_url":"https:\/\/hostme123.vip\/2TapBrothers\/biografie-bob-e-thomas\/","og_site_name":"2 Tap Brothers","article_modified_time":"2019-06-16T10:04:17+00:00","og_image":[{"url":"https:\/\/xyzhome.space\/2TapBrothers\/wp-content\/uploads\/2019\/06\/Bob-Leaning-Arm-headshot-Boston-Urlaub-IMG_5139-cropped-300x237.jpg","type":"","width":"","height":""}],"twitter_card":"summary_large_image","twitter_misc":{"Est. reading time":"1 minute"},"schema":{"@context":"https:\/\/schema.org","@graph":[{"@type":"WebPage","@id":"https:\/\/hostme123.vip\/2TapBrothers\/biografie-bob-e-thomas\/","url":"https:\/\/hostme123.vip\/2TapBrothers\/biografie-bob-e-thomas\/","name":"Biografie - Bob e Thomas - 2 Tap Brothers","isPartOf":{"@id":"https:\/\/hostme123.vip\/2TapBrothers\/#website"},"primaryImageOfPage":{"@id":"https:\/\/hostme123.vip\/2TapBrothers\/biografie-bob-e-thomas\/#primaryimage"},"image":{"@id":"https:\/\/hostme123.vip\/2TapBrothers\/biografie-bob-e-thomas\/#primaryimage"},"thumbnailUrl":"https:\/\/xyzhome.space\/2TapBrothers\/wp-content\/uploads\/2019\/06\/Bob-Leaning-Arm-headshot-Boston-Urlaub-IMG_5139-cropped-300x237.jpg","datePublished":"2019-06-16T10:02:54+00:00","dateModified":"2019-06-16T10:04:17+00:00","breadcrumb":{"@id":"https:\/\/hostme123.vip\/2TapBrothers\/biografie-bob-e-thomas\/#breadcrumb"},"inLanguage":"en-US","potentialAction":[{"@type":"ReadAction","target":["https:\/\/hostme123.vip\/2TapBrothers\/biografie-bob-e-thomas\/"]}]},{"@type":"ImageObject","inLanguage":"en-US","@id":"https:\/\/hostme123.vip\/2TapBrothers\/biografie-bob-e-thomas\/#primaryimage","url":"https:\/\/xyzhome.space\/2TapBrothers\/wp-content\/uploads\/2019\/06\/Bob-Leaning-Arm-headshot-Boston-Urlaub-IMG_5139-cropped-300x237.jpg","contentUrl":"https:\/\/xyzhome.space\/2TapBrothers\/wp-content\/uploads\/2019\/06\/Bob-Leaning-Arm-headshot-Boston-Urlaub-IMG_5139-cropped-300x237.jpg"},{"@type":"BreadcrumbList","@id":"https:\/\/hostme123.vip\/2TapBrothers\/biografie-bob-e-thomas\/#breadcrumb","itemListElement":[{"@type":"ListItem","position":1,"name":"Home","item":"https:\/\/hostme123.vip\/2TapBrothers\/"},{"@type":"ListItem","position":2,"name":"Biografie &#8211; Bob e Thomas"}]},{"@type":"WebSite","@id":"https:\/\/hostme123.vip\/2TapBrothers\/#website","url":"https:\/\/hostme123.vip\/2TapBrothers\/","name":"2 Tap Brothers","description":"Bob e Thomas &amp; Thomas L\u00f6per, Stepptanz &amp; Mehr","potentialAction":[{"@type":"SearchAction","target":{"@type":"EntryPoint","urlTemplate":"https:\/\/hostme123.vip\/2TapBrothers\/?s={search_term_string}"},"query-input":{"@type":"PropertyValueSpecification","valueRequired":true,"valueName":"search_term_string"}}],"inLanguage":"en-US"}]}},"jetpack_sharing_enabled":true,"_links":{"self":[{"href":"https:\/\/hostme123.vip\/2TapBrothers\/wp-json\/wp\/v2\/pages\/127","targetHints":{"allow":["GET"]}}],"collection":[{"href":"https:\/\/hostme123.vip\/2TapBrothers\/wp-json\/wp\/v2\/pages"}],"about":[{"href":"https:\/\/hostme123.vip\/2TapBrothers\/wp-json\/wp\/v2\/types\/page"}],"author":[{"embeddable":true,"href":"https:\/\/hostme123.vip\/2TapBrothers\/wp-json\/wp\/v2\/users\/1"}],"replies":[{"embeddable":true,"href":"https:\/\/hostme123.vip\/2TapBrothers\/wp-json\/wp\/v2\/comments?post=127"}],"version-history":[{"count":3,"href":"https:\/\/hostme123.vip\/2TapBrothers\/wp-json\/wp\/v2\/pages\/127\/revisions"}],"predecessor-version":[{"id":131,"href":"https:\/\/hostme123.vip\/2TapBrothers\/wp-json\/wp\/v2\/pages\/127\/revisions\/131"}],"wp:attachment":[{"href":"https:\/\/hostme123.vip\/2TapBrothers\/wp-json\/wp\/v2\/media?parent=127"}],"curies":[{"name":"wp","href":"https:\/\/api.w.org\/{rel}","templated":true}]}}