{"id":245,"date":"2019-06-17T05:04:32","date_gmt":"2019-06-17T05:04:32","guid":{"rendered":"https:\/\/xyzhome.space\/2TapBrothers\/?page_id=245"},"modified":"2019-06-17T05:14:22","modified_gmt":"2019-06-17T05:14:22","slug":"biografie-thomas-loper","status":"publish","type":"page","link":"https:\/\/hostme123.vip\/2TapBrothers\/biografie-thomas-loper\/","title":{"rendered":"Biografie - Thomas L\u00f6per"},"content":{"rendered":"<div id=\"dslc-theme-content\"><div id=\"dslc-theme-content-inner\">\n<p><\/p>\n\n\n<p style=\"mso-margin-top-alt: auto; mso-margin-bottom-alt: auto; line-height: normal;\"><b>Ausbildung <\/b>i.e.L bei Debra Bray<\/p>\n<p><b>Auftritte:\u00a0 <u>Solo<\/u>, mit <u>X-otic-Tap<\/u> oder mit <u>Tap \u00b4n Drum<\/u> bei:<\/b> WDR-Fernsehen; ADAC; Casino Hohensyburg; IG-Metall; Landesgartenschau(en);...; bei Variet\u00e9s und Galas; in Hotels und Autoh\u00e4usern; auf vielen Klein- und Gro\u00df-Kunstb\u00fchnen; Theaterfesten; Stadtfesten, Messen, \u00a0und und und \u2026 im In- und Ausland ...\u00a0<\/p>\n<table style=\"width: 469.5pt; mso-cellspacing: .7pt; background: white; mso-background-themecolor: background1; mso-yfti-tbllook: 1184; mso-table-lspace: 7.05pt; margin-left: 5.25pt; mso-table-rspace: 7.05pt; margin-right: 5.25pt; mso-table-anchor-vertical: paragraph; mso-table-anchor-horizontal: margin; mso-table-left: left; mso-table-top: 3.0pt; mso-padding-alt: 1.5pt 1.5pt 1.5pt 1.5pt;\" border=\"0\" width=\"783\" cellspacing=\"1\" cellpadding=\"0\" align=\"left\">\n<tbody>\n<tr>\n<td style=\"width: 64.5pt; padding: 1.5pt 1.5pt 1.5pt 1.5pt;\" width=\"108\">\n<p style=\"margin-bottom: .0001pt; line-height: normal; mso-element: frame; mso-element-frame-hspace: 7.05pt; mso-element-wrap: around; mso-element-anchor-vertical: paragraph; mso-element-anchor-horizontal: margin; mso-element-top: 3.0pt; mso-height-rule: exactly;\">seit 1991<\/p>\n<\/td>\n<td style=\"padding: 1.5pt 1.5pt 1.5pt 1.5pt;\">\n<p style=\"margin-bottom: .0001pt; line-height: normal; mso-element: frame; mso-element-frame-hspace: 7.05pt; mso-element-wrap: around; mso-element-anchor-vertical: paragraph; mso-element-anchor-horizontal: margin; mso-element-top: 3.0pt; mso-height-rule: exactly;\">Stept\u00e4nzer, Steplehrer, Choreograph<\/p>\n<\/td>\n<\/tr>\n<tr>\n<td style=\"width: 64.5pt; padding: 1.5pt 1.5pt 1.5pt 1.5pt;\" width=\"108\">\n<p style=\"margin-bottom: .0001pt; line-height: normal; mso-element: frame; mso-element-frame-hspace: 7.05pt; mso-element-wrap: around; mso-element-anchor-vertical: paragraph; mso-element-anchor-horizontal: margin; mso-element-top: 3.0pt; mso-height-rule: exactly;\">1995 - 1998<\/p>\n<\/td>\n<td style=\"padding: 1.5pt 1.5pt 1.5pt 1.5pt;\">\n<p style=\"margin-bottom: .0001pt; line-height: normal; mso-element: frame; mso-element-frame-hspace: 7.05pt; mso-element-wrap: around; mso-element-anchor-vertical: paragraph; mso-element-anchor-horizontal: margin; mso-element-top: 3.0pt; mso-height-rule: exactly;\">Auftritte im \"Jazz Up! Tap Dance\"- Duo und dem Pianisten Volker Kukulenz<\/p>\n<\/td>\n<\/tr>\n<tr>\n<td style=\"width: 64.5pt; padding: 1.5pt 1.5pt 1.5pt 1.5pt;\" width=\"108\">\n<p style=\"margin-bottom: .0001pt; line-height: normal; mso-element: frame; mso-element-frame-hspace: 7.05pt; mso-element-wrap: around; mso-element-anchor-vertical: paragraph; mso-element-anchor-horizontal: margin; mso-element-top: 3.0pt; mso-height-rule: exactly;\">1995 - 2000<\/p>\n<\/td>\n<td style=\"padding: 1.5pt 1.5pt 1.5pt 1.5pt;\">\n<p style=\"margin-bottom: .0001pt; line-height: normal; mso-element: frame; mso-element-frame-hspace: 7.05pt; mso-element-wrap: around; mso-element-anchor-vertical: paragraph; mso-element-anchor-horizontal: margin; mso-element-top: 3.0pt; mso-height-rule: exactly;\">Zusammenarbeit mit Debra Bray (USA); Shows und Workshops<\/p>\n<\/td>\n<\/tr>\n<tr>\n<td style=\"width: 64.5pt; padding: 1.5pt 1.5pt 1.5pt 1.5pt;\" width=\"108\">\n<p style=\"margin-bottom: .0001pt; line-height: normal; mso-element: frame; mso-element-frame-hspace: 7.05pt; mso-element-wrap: around; mso-element-anchor-vertical: paragraph; mso-element-anchor-horizontal: margin; mso-element-top: 3.0pt; mso-height-rule: exactly;\">Seit 1996<\/p>\n<\/td>\n<td style=\"padding: 1.5pt 1.5pt 1.5pt 1.5pt;\">\n<p style=\"margin-bottom: .0001pt; line-height: normal; mso-element: frame; mso-element-frame-hspace: 7.05pt; mso-element-wrap: around; mso-element-anchor-vertical: paragraph; mso-element-anchor-horizontal: margin; mso-element-top: 3.0pt; mso-height-rule: exactly;\">Unterricht und Workshops in Tanzstudios,Tanzschulen, Musikschulen, \u2026<\/p>\n<\/td>\n<\/tr>\n<tr>\n<td style=\"width: 64.5pt; padding: 1.5pt 1.5pt 1.5pt 1.5pt;\" width=\"108\">\n<p style=\"margin-bottom: .0001pt; line-height: normal; mso-element: frame; mso-element-frame-hspace: 7.05pt; mso-element-wrap: around; mso-element-anchor-vertical: paragraph; mso-element-anchor-horizontal: margin; mso-element-top: 3.0pt; mso-height-rule: exactly;\">1997<\/p>\n<\/td>\n<td style=\"padding: 1.5pt 1.5pt 1.5pt 1.5pt;\">\n<p style=\"margin-bottom: .0001pt; line-height: normal; mso-element: frame; mso-element-frame-hspace: 7.05pt; mso-element-wrap: around; mso-element-anchor-vertical: paragraph; mso-element-anchor-horizontal: margin; mso-element-top: 3.0pt; mso-height-rule: exactly;\">Step-Performance mit Didgeridoo-Musik<\/p>\n<\/td>\n<\/tr>\n<tr>\n<td style=\"width: 64.5pt; padding: 1.5pt 1.5pt 1.5pt 1.5pt;\" width=\"108\">\n<p style=\"margin-bottom: .0001pt; line-height: normal; mso-element: frame; mso-element-frame-hspace: 7.05pt; mso-element-wrap: around; mso-element-anchor-vertical: paragraph; mso-element-anchor-horizontal: margin; mso-element-top: 3.0pt; mso-height-rule: exactly;\">1998<\/p>\n<\/td>\n<td style=\"padding: 1.5pt 1.5pt 1.5pt 1.5pt;\">\n<p style=\"margin-bottom: .0001pt; line-height: normal; mso-element: frame; mso-element-frame-hspace: 7.05pt; mso-element-wrap: around; mso-element-anchor-vertical: paragraph; mso-element-anchor-horizontal: margin; mso-element-top: 3.0pt; mso-height-rule: exactly;\">Rhythmusspektakel mit den \"Querschl\u00e4gern\", einer 24-k\u00f6pfigen Percussion-Formation<\/p>\n<\/td>\n<\/tr>\n<tr>\n<td style=\"width: 64.5pt; padding: 1.5pt 1.5pt 1.5pt 1.5pt;\" width=\"108\">\n<p style=\"margin-bottom: .0001pt; line-height: normal; mso-element: frame; mso-element-frame-hspace: 7.05pt; mso-element-wrap: around; mso-element-anchor-vertical: paragraph; mso-element-anchor-horizontal: margin; mso-element-top: 3.0pt; mso-height-rule: exactly;\">1999 - 2002<\/p>\n<\/td>\n<td style=\"padding: 1.5pt 1.5pt 1.5pt 1.5pt;\">\n<p style=\"margin-bottom: .0001pt; line-height: normal; mso-element: frame; mso-element-frame-hspace: 7.05pt; mso-element-wrap: around; mso-element-anchor-vertical: paragraph; mso-element-anchor-horizontal: margin; mso-element-top: 3.0pt; mso-height-rule: exactly;\">Auftritte im \"ART\"-Trio; Besetzung: E-Gitarre, Tuba\/Posaune, Steptanz<\/p>\n<\/td>\n<\/tr>\n<tr>\n<td style=\"width: 64.5pt; padding: 1.5pt 1.5pt 1.5pt 1.5pt;\" width=\"108\">\n<p style=\"margin-bottom: .0001pt; line-height: normal; mso-element: frame; mso-element-frame-hspace: 7.05pt; mso-element-wrap: around; mso-element-anchor-vertical: paragraph; mso-element-anchor-horizontal: margin; mso-element-top: 3.0pt; mso-height-rule: exactly;\">1999<\/p>\n<\/td>\n<td style=\"padding: 1.5pt 1.5pt 1.5pt 1.5pt;\">\n<p style=\"margin-bottom: .0001pt; line-height: normal; mso-element: frame; mso-element-frame-hspace: 7.05pt; mso-element-wrap: around; mso-element-anchor-vertical: paragraph; mso-element-anchor-horizontal: margin; mso-element-top: 3.0pt; mso-height-rule: exactly;\">Beginn des Projektes \"Tap \u00b4n Drum\"; div. Choreographien f\u00fcr Steptanzformationen<\/p>\n<\/td>\n<\/tr>\n<tr style=\"mso-yfti-irow: 8; height: 11.45pt;\">\n<td style=\"width: 64.5pt; padding: 1.5pt 1.5pt 1.5pt 1.5pt; height: 11.45pt;\" width=\"108\">\n<p style=\"margin-bottom: .0001pt; line-height: normal; mso-element: frame; mso-element-frame-hspace: 7.05pt; mso-element-wrap: around; mso-element-anchor-vertical: paragraph; mso-element-anchor-horizontal: margin; mso-element-top: 3.0pt; mso-height-rule: exactly;\">Seit April 2001<\/p>\n<\/td>\n<td style=\"padding: 1.5pt 1.5pt 1.5pt 1.5pt; height: 11.45pt;\">\n<p style=\"margin-bottom: .0001pt; line-height: normal; mso-element: frame; mso-element-frame-hspace: 7.05pt; mso-element-wrap: around; mso-element-anchor-vertical: paragraph; mso-element-anchor-horizontal: margin; mso-element-top: 3.0pt; mso-height-rule: exactly;\">Regelm\u00e4\u00dfiger Unterricht im \u201eTanzstudio B. Br\u00e4utigam\u201c, seit 2015 beim Nachfolge-<a name=\"_GoBack\"><\/a>Tanzstudio Silio\u00a0 in Paderborn. \u00a0\u00a0<\/p>\n<\/td>\n<\/tr>\n<tr>\n<td style=\"width: 64.5pt; padding: 1.5pt 1.5pt 1.5pt 1.5pt;\" width=\"108\">\n<p style=\"margin-bottom: .0001pt; line-height: normal; mso-element: frame; mso-element-frame-hspace: 7.05pt; mso-element-wrap: around; mso-element-anchor-vertical: paragraph; mso-element-anchor-horizontal: margin; mso-element-top: 3.0pt; mso-height-rule: exactly;\">2001<\/p>\n<\/td>\n<td style=\"padding: 1.5pt 1.5pt 1.5pt 1.5pt;\">\n<p style=\"margin-bottom: .0001pt; line-height: normal; mso-element: frame; mso-element-frame-hspace: 7.05pt; mso-element-wrap: around; mso-element-anchor-vertical: paragraph; mso-element-anchor-horizontal: margin; mso-element-top: 3.0pt; mso-height-rule: exactly;\">Tap \u00b4n Drum - Auftritt im WDR-Fernsehen; div. Choreographien f\u00fcr Steptanzformationen;<\/p>\n<\/td>\n<\/tr>\n<tr>\n<td style=\"width: 64.5pt; padding: 1.5pt 1.5pt 1.5pt 1.5pt;\" width=\"108\">\n<p style=\"margin-bottom: .0001pt; line-height: normal; mso-element: frame; mso-element-frame-hspace: 7.05pt; mso-element-wrap: around; mso-element-anchor-vertical: paragraph; mso-element-anchor-horizontal: margin; mso-element-top: 3.0pt; mso-height-rule: exactly;\">2002<\/p>\n<\/td>\n<td style=\"padding: 1.5pt 1.5pt 1.5pt 1.5pt;\">\n<p style=\"margin-bottom: .0001pt; line-height: normal; mso-element: frame; mso-element-frame-hspace: 7.05pt; mso-element-wrap: around; mso-element-anchor-vertical: paragraph; mso-element-anchor-horizontal: margin; mso-element-top: 3.0pt; mso-height-rule: exactly;\">Choreographien f\u00fcr Steptanzformationen<\/p>\n<\/td>\n<\/tr>\n<tr>\n<td style=\"width: 64.5pt; padding: 1.5pt 1.5pt 1.5pt 1.5pt;\" width=\"108\">\n<p style=\"margin-bottom: .0001pt; line-height: normal; mso-element: frame; mso-element-frame-hspace: 7.05pt; mso-element-wrap: around; mso-element-anchor-vertical: paragraph; mso-element-anchor-horizontal: margin; mso-element-top: 3.0pt; mso-height-rule: exactly;\">2003<\/p>\n<\/td>\n<td style=\"padding: 1.5pt 1.5pt 1.5pt 1.5pt;\">\n<p style=\"margin-bottom: .0001pt; line-height: normal; mso-element: frame; mso-element-frame-hspace: 7.05pt; mso-element-wrap: around; mso-element-anchor-vertical: paragraph; mso-element-anchor-horizontal: margin; mso-element-top: 3.0pt; mso-height-rule: exactly;\">Solo-Tanz zur Musik von Chopin bei Ballett-Auff\u00fchrung; Choreographien f\u00fcr Steptanzformationen; Auftritte in Polen \u2013 auch im Jahr 2013<\/p>\n<\/td>\n<\/tr>\n<tr>\n<td style=\"width: 64.5pt; padding: 1.5pt 1.5pt 1.5pt 1.5pt;\" width=\"108\">\n<p style=\"margin-bottom: .0001pt; line-height: normal; mso-element: frame; mso-element-frame-hspace: 7.05pt; mso-element-wrap: around; mso-element-anchor-vertical: paragraph; mso-element-anchor-horizontal: margin; mso-element-top: 3.0pt; mso-height-rule: exactly;\">2004<\/p>\n<\/td>\n<td style=\"padding: 1.5pt 1.5pt 1.5pt 1.5pt;\">\n<p style=\"margin-bottom: .0001pt; line-height: normal; mso-element: frame; mso-element-frame-hspace: 7.05pt; mso-element-wrap: around; mso-element-anchor-vertical: paragraph; mso-element-anchor-horizontal: margin; mso-element-top: 3.0pt; mso-height-rule: exactly;\">Auftritte in Ungarn<\/p>\n<\/td>\n<\/tr>\n<tr>\n<td style=\"width: 64.5pt; padding: 1.5pt 1.5pt 1.5pt 1.5pt;\" width=\"108\">\n<p style=\"margin-bottom: .0001pt; line-height: normal; mso-element: frame; mso-element-frame-hspace: 7.05pt; mso-element-wrap: around; mso-element-anchor-vertical: paragraph; mso-element-anchor-horizontal: margin; mso-element-top: 3.0pt; mso-height-rule: exactly;\">2005<\/p>\n<\/td>\n<td style=\"padding: 1.5pt 1.5pt 1.5pt 1.5pt;\">\n<p style=\"margin-bottom: .0001pt; line-height: normal; mso-element: frame; mso-element-frame-hspace: 7.05pt; mso-element-wrap: around; mso-element-anchor-vertical: paragraph; mso-element-anchor-horizontal: margin; mso-element-top: 3.0pt; mso-height-rule: exactly;\">immer wieder sch\u00f6n: Solo-Auftritte und Shows\/Konzerte mit Tap \u00b4n Drum<\/p>\n<\/td>\n<\/tr>\n<tr>\n<td style=\"width: 64.5pt; padding: 1.5pt 1.5pt 1.5pt 1.5pt;\" width=\"108\">\n<p style=\"margin-bottom: .0001pt; line-height: normal; mso-element: frame; mso-element-frame-hspace: 7.05pt; mso-element-wrap: around; mso-element-anchor-vertical: paragraph; mso-element-anchor-horizontal: margin; mso-element-top: 3.0pt; mso-height-rule: exactly;\">2006<\/p>\n<\/td>\n<td style=\"padding: 1.5pt 1.5pt 1.5pt 1.5pt;\">\n<p style=\"margin-bottom: .0001pt; line-height: normal; mso-element: frame; mso-element-frame-hspace: 7.05pt; mso-element-wrap: around; mso-element-anchor-vertical: paragraph; mso-element-anchor-horizontal: margin; mso-element-top: 3.0pt; mso-height-rule: exactly;\">neue Choreographien f\u00fcr Funk-Tap; Solo-Auftritte und Shows\/Konzerte mit Tap\u00b4n Drum<\/p>\n<\/td>\n<\/tr>\n<tr>\n<td style=\"width: 64.5pt; padding: 1.5pt 1.5pt 1.5pt 1.5pt;\" width=\"108\">\n<p style=\"margin-bottom: .0001pt; line-height: normal; mso-element: frame; mso-element-frame-hspace: 7.05pt; mso-element-wrap: around; mso-element-anchor-vertical: paragraph; mso-element-anchor-horizontal: margin; mso-element-top: 3.0pt; mso-height-rule: exactly;\">2007<\/p>\n<\/td>\n<td style=\"padding: 1.5pt 1.5pt 1.5pt 1.5pt;\">\n<p style=\"margin-bottom: .0001pt; line-height: normal; mso-element: frame; mso-element-frame-hspace: 7.05pt; mso-element-wrap: around; mso-element-anchor-vertical: paragraph; mso-element-anchor-horizontal: margin; mso-element-top: 3.0pt; mso-height-rule: exactly;\">\"Ramalama Bang Bang\" \u2013 Show, Choreographie f\u00fcr Duo (x-otic tap); nat\u00fcrlich auch weiterhin Tap \u00b4n Drum und Solo-Auftritte<\/p>\n<\/td>\n<\/tr>\n<tr>\n<td style=\"width: 64.5pt; padding: 1.5pt 1.5pt 1.5pt 1.5pt;\" width=\"108\">\n<p style=\"margin-bottom: .0001pt; line-height: normal; mso-element: frame; mso-element-frame-hspace: 7.05pt; mso-element-wrap: around; mso-element-anchor-vertical: paragraph; mso-element-anchor-horizontal: margin; mso-element-top: 3.0pt; mso-height-rule: exactly;\">2008<\/p>\n<\/td>\n<td style=\"padding: 1.5pt 1.5pt 1.5pt 1.5pt;\">\n<p style=\"margin-bottom: .0001pt; line-height: normal; mso-element: frame; mso-element-frame-hspace: 7.05pt; mso-element-wrap: around; mso-element-anchor-vertical: paragraph; mso-element-anchor-horizontal: margin; mso-element-top: 3.0pt; mso-height-rule: exactly;\">nat\u00fcrlich x-otic - tap, tap \u00b4n drum und solo - Auftritte; Ragtime-Choreographie (f\u00fcr Nov. 2008 in Paderborn, Paderhalle<\/p>\n<\/td>\n<\/tr>\n<tr style=\"mso-yfti-irow: 17; height: 24.95pt;\">\n<td style=\"width: 64.5pt; padding: 1.5pt 1.5pt 1.5pt 1.5pt; height: 24.95pt;\" width=\"108\">\n<p style=\"margin-bottom: .0001pt; line-height: normal; mso-element: frame; mso-element-frame-hspace: 7.05pt; mso-element-wrap: around; mso-element-anchor-vertical: paragraph; mso-element-anchor-horizontal: margin; mso-element-top: 3.0pt; mso-height-rule: exactly;\">Seit 2009<\/p>\n<\/td>\n<td style=\"padding: 1.5pt 1.5pt 1.5pt 1.5pt; height: 24.95pt;\">\n<p style=\"margin-bottom: .0001pt; line-height: normal; mso-element: frame; mso-element-frame-hspace: 7.05pt; mso-element-wrap: around; mso-element-anchor-vertical: paragraph; mso-element-anchor-horizontal: margin; mso-element-top: 3.0pt; mso-height-rule: exactly;\">Regelm\u00e4\u00dfige\u00a0 Auftritte mit x-otic \u2013 tap, tap \u00b4n drum und solo; div. Choreographien zu unterschiedlichen Themen: \u201eAfrica\u201c, \u201eDunkle Gestalten\u201c, \u2026 in den Stilen Jazz-Tap, Swing-Tap, Rhythm-Tap, Funk-Tap, \u2026<\/p>\n<\/td>\n<\/tr>\n<tr style=\"mso-yfti-irow: 18; mso-yfti-lastrow: yes; height: 24.95pt;\">\n<td style=\"width: 64.5pt; padding: 1.5pt 1.5pt 1.5pt 1.5pt; height: 24.95pt;\" width=\"108\">\n<p style=\"margin-bottom: .0001pt; line-height: normal; mso-element: frame; mso-element-frame-hspace: 7.05pt; mso-element-wrap: around; mso-element-anchor-vertical: paragraph; mso-element-anchor-horizontal: margin; mso-element-top: 3.0pt; mso-height-rule: exactly;\">2013<\/p>\n<\/td>\n<td style=\"padding: 1.5pt 1.5pt 1.5pt 1.5pt; height: 24.95pt;\">\n<p style=\"margin-bottom: .0001pt; line-height: normal; mso-element: frame; mso-element-frame-hspace: 7.05pt; mso-element-wrap: around; mso-element-anchor-vertical: paragraph; mso-element-anchor-horizontal: margin; mso-element-top: 3.0pt; mso-height-rule: exactly;\">Auftritte in Polen; mit \u201ex-otic tap\u201c im GOP Bad Oeynhausen beim \u201eMatinee f\u00fcr Herzen\u201c<\/p>\n<\/td>\n<\/tr>\n<\/tbody>\n<\/table><\/div><\/div>","protected":false},"excerpt":{"rendered":"<p>Ausbildung i.e.L bei Debra Bray Auftritte:\u00a0 Solo, mit X-otic-Tap oder mit Tap \u00b4n Drum bei: WDR-Fernsehen; ADAC; Casino Hohensyburg; IG-Metall; Landesgartenschau(en);...; bei Variet\u00e9s und Galas; in Hotels und Autoh\u00e4usern; auf vielen Klein- und Gro\u00df-Kunstb\u00fchnen; Theaterfesten; Stadtfesten, Messen, \u00a0und und und \u2026 im In- und Ausland ...\u00a0 seit 1991 Stept\u00e4nzer, Steplehrer, Choreograph 1995 - 1998 Auftritte im \"Jazz Up! Tap Dance\"- Duo und dem Pianisten Volker [&hellip;]<\/p>\n","protected":false},"author":1,"featured_media":0,"parent":0,"menu_order":0,"comment_status":"closed","ping_status":"closed","template":"","meta":{"_monsterinsights_skip_tracking":false,"_monsterinsights_sitenote_active":false,"_monsterinsights_sitenote_note":"","_monsterinsights_sitenote_category":0,"footnotes":""},"class_list":["post-245","page","type-page","status-publish","hentry"],"yoast_head":"<!-- This site is optimized with the Yoast SEO plugin v27.3 - https:\/\/yoast.com\/product\/yoast-seo-wordpress\/ -->\n<title>Biografie - Thomas L\u00f6per - 2 Tap Brothers<\/title>\n<meta name=\"robots\" content=\"index, follow, max-snippet:-1, max-image-preview:large, max-video-preview:-1\" \/>\n<link rel=\"canonical\" href=\"https:\/\/hostme123.vip\/2TapBrothers\/biografie-thomas-loper\/\" \/>\n<meta property=\"og:locale\" content=\"en_US\" \/>\n<meta property=\"og:type\" content=\"article\" \/>\n<meta property=\"og:title\" content=\"Biografie - Thomas L\u00f6per - 2 Tap Brothers\" \/>\n<meta property=\"og:description\" content=\"Ausbildung i.e.L bei Debra Bray Auftritte:\u00a0 Solo, mit X-otic-Tap oder mit Tap \u00b4n Drum bei: WDR-Fernsehen; ADAC; Casino Hohensyburg; IG-Metall; Landesgartenschau(en);...; bei Variet\u00e9s und Galas; in Hotels und Autoh\u00e4usern; auf vielen Klein- und Gro\u00df-Kunstb\u00fchnen; Theaterfesten; Stadtfesten, Messen, \u00a0und und und \u2026 im In- und Ausland ...\u00a0 seit 1991 Stept\u00e4nzer, Steplehrer, Choreograph 1995 - 1998 Auftritte im &quot;Jazz Up! Tap Dance&quot;- Duo und dem Pianisten Volker [&hellip;]\" \/>\n<meta property=\"og:url\" content=\"https:\/\/hostme123.vip\/2TapBrothers\/biografie-thomas-loper\/\" \/>\n<meta property=\"og:site_name\" content=\"2 Tap Brothers\" \/>\n<meta property=\"article:modified_time\" content=\"2019-06-17T05:14:22+00:00\" \/>\n<meta name=\"twitter:card\" content=\"summary_large_image\" \/>\n<meta name=\"twitter:label1\" content=\"Est. reading time\" \/>\n\t<meta name=\"twitter:data1\" content=\"1 minute\" \/>\n<script type=\"application\/ld+json\" class=\"yoast-schema-graph\">{\"@context\":\"https:\\\/\\\/schema.org\",\"@graph\":[{\"@type\":\"WebPage\",\"@id\":\"https:\\\/\\\/hostme123.vip\\\/2TapBrothers\\\/biografie-thomas-loper\\\/\",\"url\":\"https:\\\/\\\/hostme123.vip\\\/2TapBrothers\\\/biografie-thomas-loper\\\/\",\"name\":\"Biografie - Thomas L\u00f6per - 2 Tap Brothers\",\"isPartOf\":{\"@id\":\"https:\\\/\\\/hostme123.vip\\\/2TapBrothers\\\/#website\"},\"datePublished\":\"2019-06-17T05:04:32+00:00\",\"dateModified\":\"2019-06-17T05:14:22+00:00\",\"breadcrumb\":{\"@id\":\"https:\\\/\\\/hostme123.vip\\\/2TapBrothers\\\/biografie-thomas-loper\\\/#breadcrumb\"},\"inLanguage\":\"en-US\",\"potentialAction\":[{\"@type\":\"ReadAction\",\"target\":[\"https:\\\/\\\/hostme123.vip\\\/2TapBrothers\\\/biografie-thomas-loper\\\/\"]}]},{\"@type\":\"BreadcrumbList\",\"@id\":\"https:\\\/\\\/hostme123.vip\\\/2TapBrothers\\\/biografie-thomas-loper\\\/#breadcrumb\",\"itemListElement\":[{\"@type\":\"ListItem\",\"position\":1,\"name\":\"Home\",\"item\":\"https:\\\/\\\/hostme123.vip\\\/2TapBrothers\\\/\"},{\"@type\":\"ListItem\",\"position\":2,\"name\":\"Biografie &#8211; Thomas L\u00f6per\"}]},{\"@type\":\"WebSite\",\"@id\":\"https:\\\/\\\/hostme123.vip\\\/2TapBrothers\\\/#website\",\"url\":\"https:\\\/\\\/hostme123.vip\\\/2TapBrothers\\\/\",\"name\":\"2 Tap Brothers\",\"description\":\"Bob e Thomas &amp; Thomas L\u00f6per, Stepptanz &amp; Mehr\",\"potentialAction\":[{\"@type\":\"SearchAction\",\"target\":{\"@type\":\"EntryPoint\",\"urlTemplate\":\"https:\\\/\\\/hostme123.vip\\\/2TapBrothers\\\/?s={search_term_string}\"},\"query-input\":{\"@type\":\"PropertyValueSpecification\",\"valueRequired\":true,\"valueName\":\"search_term_string\"}}],\"inLanguage\":\"en-US\"}]}<\/script>\n<!-- \/ Yoast SEO plugin. -->","yoast_head_json":{"title":"Biografie - Thomas L\u00f6per - 2 Tap Brothers","robots":{"index":"index","follow":"follow","max-snippet":"max-snippet:-1","max-image-preview":"max-image-preview:large","max-video-preview":"max-video-preview:-1"},"canonical":"https:\/\/hostme123.vip\/2TapBrothers\/biografie-thomas-loper\/","og_locale":"en_US","og_type":"article","og_title":"Biografie - Thomas L\u00f6per - 2 Tap Brothers","og_description":"Ausbildung i.e.L bei Debra Bray Auftritte:\u00a0 Solo, mit X-otic-Tap oder mit Tap \u00b4n Drum bei: WDR-Fernsehen; ADAC; Casino Hohensyburg; IG-Metall; Landesgartenschau(en);...; bei Variet\u00e9s und Galas; in Hotels und Autoh\u00e4usern; auf vielen Klein- und Gro\u00df-Kunstb\u00fchnen; Theaterfesten; Stadtfesten, Messen, \u00a0und und und \u2026 im In- und Ausland ...\u00a0 seit 1991 Stept\u00e4nzer, Steplehrer, Choreograph 1995 - 1998 Auftritte im \"Jazz Up! Tap Dance\"- Duo und dem Pianisten Volker [&hellip;]","og_url":"https:\/\/hostme123.vip\/2TapBrothers\/biografie-thomas-loper\/","og_site_name":"2 Tap Brothers","article_modified_time":"2019-06-17T05:14:22+00:00","twitter_card":"summary_large_image","twitter_misc":{"Est. reading time":"1 minute"},"schema":{"@context":"https:\/\/schema.org","@graph":[{"@type":"WebPage","@id":"https:\/\/hostme123.vip\/2TapBrothers\/biografie-thomas-loper\/","url":"https:\/\/hostme123.vip\/2TapBrothers\/biografie-thomas-loper\/","name":"Biografie - Thomas L\u00f6per - 2 Tap Brothers","isPartOf":{"@id":"https:\/\/hostme123.vip\/2TapBrothers\/#website"},"datePublished":"2019-06-17T05:04:32+00:00","dateModified":"2019-06-17T05:14:22+00:00","breadcrumb":{"@id":"https:\/\/hostme123.vip\/2TapBrothers\/biografie-thomas-loper\/#breadcrumb"},"inLanguage":"en-US","potentialAction":[{"@type":"ReadAction","target":["https:\/\/hostme123.vip\/2TapBrothers\/biografie-thomas-loper\/"]}]},{"@type":"BreadcrumbList","@id":"https:\/\/hostme123.vip\/2TapBrothers\/biografie-thomas-loper\/#breadcrumb","itemListElement":[{"@type":"ListItem","position":1,"name":"Home","item":"https:\/\/hostme123.vip\/2TapBrothers\/"},{"@type":"ListItem","position":2,"name":"Biografie &#8211; Thomas L\u00f6per"}]},{"@type":"WebSite","@id":"https:\/\/hostme123.vip\/2TapBrothers\/#website","url":"https:\/\/hostme123.vip\/2TapBrothers\/","name":"2 Tap Brothers","description":"Bob e Thomas &amp; Thomas L\u00f6per, Stepptanz &amp; Mehr","potentialAction":[{"@type":"SearchAction","target":{"@type":"EntryPoint","urlTemplate":"https:\/\/hostme123.vip\/2TapBrothers\/?s={search_term_string}"},"query-input":{"@type":"PropertyValueSpecification","valueRequired":true,"valueName":"search_term_string"}}],"inLanguage":"en-US"}]}},"jetpack_sharing_enabled":true,"_links":{"self":[{"href":"https:\/\/hostme123.vip\/2TapBrothers\/wp-json\/wp\/v2\/pages\/245","targetHints":{"allow":["GET"]}}],"collection":[{"href":"https:\/\/hostme123.vip\/2TapBrothers\/wp-json\/wp\/v2\/pages"}],"about":[{"href":"https:\/\/hostme123.vip\/2TapBrothers\/wp-json\/wp\/v2\/types\/page"}],"author":[{"embeddable":true,"href":"https:\/\/hostme123.vip\/2TapBrothers\/wp-json\/wp\/v2\/users\/1"}],"replies":[{"embeddable":true,"href":"https:\/\/hostme123.vip\/2TapBrothers\/wp-json\/wp\/v2\/comments?post=245"}],"version-history":[{"count":6,"href":"https:\/\/hostme123.vip\/2TapBrothers\/wp-json\/wp\/v2\/pages\/245\/revisions"}],"predecessor-version":[{"id":252,"href":"https:\/\/hostme123.vip\/2TapBrothers\/wp-json\/wp\/v2\/pages\/245\/revisions\/252"}],"wp:attachment":[{"href":"https:\/\/hostme123.vip\/2TapBrothers\/wp-json\/wp\/v2\/media?parent=245"}],"curies":[{"name":"wp","href":"https:\/\/api.w.org\/{rel}","templated":true}]}}