{"id":2,"date":"2015-12-30T11:56:10","date_gmt":"2015-12-30T11:56:10","guid":{"rendered":"http:\/\/xyzhome.space\/bobethomas\/?page_id=2"},"modified":"2021-01-07T10:17:30","modified_gmt":"2021-01-07T09:17:30","slug":"index-homepage","status":"publish","type":"page","link":"https:\/\/hostme123.vip\/Bobethomas\/","title":{"rendered":"Bob e Thomas"},"content":{"rendered":"<body><h3><a href=\"http:\/\/www.bobethomas.com\/home\/biografie\">Amerikanischer T\u00e4nzer<\/a><\/h3>\n<p>Als Darsteller und Musikal Theater Choreograf bekannt f\u00fcr seine Kenntnisse und Arbeit mit amerikanischen Tanzen aus den 1920-1950er Jahre, darunter authentischem Jazz, Swing-Jitterbug-Lindy, Vaudeville und traditionellem und improvisiertem Stepptanz.<\/p>\n<h3><a href=\"http:\/\/www.bobethomas.com\/home\/sample-page\/workshops-unterricht\/\"><strong>Workshops<\/strong><\/a><\/h3>\n<p>Workshops \u2013 Stepptanz Improv &amp; Technik, 1940er authentischer Jazz, Body Percussion, Swing-Jitterbug\u2026 Expert in den amerikanischen Tanzstilen aus den 1920-60er\u2026<\/p>\n<h3><a href=\"http:\/\/www.bobethomas.com\/home\/sample-page\/darsteller-dancer\/\">Shows<\/a><\/h3>\n<p>Als T\u00e4nzer, Darsteller, Publikums Animation, Tanzkom\u00f6die\u2026 hat in Asia mit dem Artie Shaw Orchestra getanzt\u2026 in Konzerten mit der Houston Symphony Orchestra, Boston Pops Orchestra (auf national TV), San Antonio Orchestra, New Mexico Orchestra, Jacksonville Orchestra\u2026. j\u00e4hrlich in New York und New England mit \u201cClara\u2019s Dream: A Jazz Nutcracker\u201d<\/p>\n<\/body>","protected":false},"excerpt":{"rendered":"<p>Amerikanischer T\u00e4nzer Als Darsteller und Musikal Theater Choreograf bekannt f\u00fcr seine Kenntnisse und Arbeit mit amerikanischen Tanzen aus den 1920-1950er Jahre, darunter authentischem Jazz, Swing-Jitterbug-Lindy, Vaudeville und traditionellem und improvisiertem Stepptanz. Workshops Workshops \u2013 Stepptanz Improv &amp; Technik, 1940er authentischer Jazz, Body Percussion, Swing-Jitterbug\u2026 Expert in den amerikanischen Tanzstilen aus den 1920-60er\u2026 Shows Als T\u00e4nzer, Darsteller, Publikums Animation, Tanzkom\u00f6die\u2026 hat in Asia mit dem Artie [&hellip;]<\/p>\n","protected":false},"author":1,"featured_media":0,"parent":0,"menu_order":0,"comment_status":"closed","ping_status":"open","template":"","meta":{"jetpack_post_was_ever_published":false,"footnotes":""},"class_list":["post-2","page","type-page","status-publish","hentry"],"yoast_head":"<!-- This site is optimized with the Yoast SEO plugin v26.5 - https:\/\/yoast.com\/wordpress\/plugins\/seo\/ -->\n<title>Bob e Thomas - K\u00fcnstler, T\u00e4nzer, Darsteller<\/title>\n<meta name=\"description\" content=\"Bob e Thomas - K\u00fcnstler, T\u00e4nzer, Darsteller, Stepptanzen, shows, Musik, music\" \/>\n<meta name=\"robots\" content=\"index, follow, max-snippet:-1, max-image-preview:large, max-video-preview:-1\" \/>\n<link rel=\"canonical\" href=\"https:\/\/hostme123.vip\/Bobethomas\/\" \/>\n<meta property=\"og:locale\" content=\"en_US\" \/>\n<meta property=\"og:type\" content=\"article\" \/>\n<meta property=\"og:title\" content=\"Bob e Thomas - K\u00fcnstler, T\u00e4nzer, Darsteller\" \/>\n<meta property=\"og:description\" content=\"Bob e Thomas - K\u00fcnstler, T\u00e4nzer, Darsteller, Stepptanzen, shows, Musik, music\" \/>\n<meta property=\"og:url\" content=\"https:\/\/hostme123.vip\/Bobethomas\/\" \/>\n<meta property=\"og:site_name\" content=\"Bob e Thomas\" \/>\n<meta property=\"article:modified_time\" content=\"2021-01-07T09:17:30+00:00\" \/>\n<meta name=\"twitter:card\" content=\"summary_large_image\" \/>\n<meta name=\"twitter:label1\" content=\"Est. reading time\" \/>\n\t<meta name=\"twitter:data1\" content=\"1 minute\" \/>\n<script type=\"application\/ld+json\" class=\"yoast-schema-graph\">{\"@context\":\"https:\/\/schema.org\",\"@graph\":[{\"@type\":\"WebPage\",\"@id\":\"https:\/\/hostme123.vip\/Bobethomas\/\",\"url\":\"https:\/\/hostme123.vip\/Bobethomas\/\",\"name\":\"Bob e Thomas - K\u00fcnstler, T\u00e4nzer, Darsteller\",\"isPartOf\":{\"@id\":\"https:\/\/hostme123.vip\/Bobethomas\/#website\"},\"datePublished\":\"2015-12-30T11:56:10+00:00\",\"dateModified\":\"2021-01-07T09:17:30+00:00\",\"description\":\"Bob e Thomas - K\u00fcnstler, T\u00e4nzer, Darsteller, Stepptanzen, shows, Musik, music\",\"breadcrumb\":{\"@id\":\"https:\/\/hostme123.vip\/Bobethomas\/#breadcrumb\"},\"inLanguage\":\"en-US\",\"potentialAction\":[{\"@type\":\"ReadAction\",\"target\":[\"https:\/\/hostme123.vip\/Bobethomas\/\"]}]},{\"@type\":\"BreadcrumbList\",\"@id\":\"https:\/\/hostme123.vip\/Bobethomas\/#breadcrumb\",\"itemListElement\":[{\"@type\":\"ListItem\",\"position\":1,\"name\":\"Home\",\"item\":\"https:\/\/hostme123.vip\/Bobethomas\/\"},{\"@type\":\"ListItem\",\"position\":2,\"name\":\"Bob e Thomas\"}]},{\"@type\":\"WebSite\",\"@id\":\"https:\/\/hostme123.vip\/Bobethomas\/#website\",\"url\":\"https:\/\/hostme123.vip\/Bobethomas\/\",\"name\":\"Bob e Thomas\",\"description\":\"Tap Dance, Shows, Workshops, Choreografie\",\"potentialAction\":[{\"@type\":\"SearchAction\",\"target\":{\"@type\":\"EntryPoint\",\"urlTemplate\":\"https:\/\/hostme123.vip\/Bobethomas\/?s={search_term_string}\"},\"query-input\":{\"@type\":\"PropertyValueSpecification\",\"valueRequired\":true,\"valueName\":\"search_term_string\"}}],\"inLanguage\":\"en-US\"}]}<\/script>\n<!-- \/ Yoast SEO plugin. -->","yoast_head_json":{"title":"Bob e Thomas - K\u00fcnstler, T\u00e4nzer, Darsteller","description":"Bob e Thomas - K\u00fcnstler, T\u00e4nzer, Darsteller, Stepptanzen, shows, Musik, music","robots":{"index":"index","follow":"follow","max-snippet":"max-snippet:-1","max-image-preview":"max-image-preview:large","max-video-preview":"max-video-preview:-1"},"canonical":"https:\/\/hostme123.vip\/Bobethomas\/","og_locale":"en_US","og_type":"article","og_title":"Bob e Thomas - K\u00fcnstler, T\u00e4nzer, Darsteller","og_description":"Bob e Thomas - K\u00fcnstler, T\u00e4nzer, Darsteller, Stepptanzen, shows, Musik, music","og_url":"https:\/\/hostme123.vip\/Bobethomas\/","og_site_name":"Bob e Thomas","article_modified_time":"2021-01-07T09:17:30+00:00","twitter_card":"summary_large_image","twitter_misc":{"Est. reading time":"1 minute"},"schema":{"@context":"https:\/\/schema.org","@graph":[{"@type":"WebPage","@id":"https:\/\/hostme123.vip\/Bobethomas\/","url":"https:\/\/hostme123.vip\/Bobethomas\/","name":"Bob e Thomas - K\u00fcnstler, T\u00e4nzer, Darsteller","isPartOf":{"@id":"https:\/\/hostme123.vip\/Bobethomas\/#website"},"datePublished":"2015-12-30T11:56:10+00:00","dateModified":"2021-01-07T09:17:30+00:00","description":"Bob e Thomas - K\u00fcnstler, T\u00e4nzer, Darsteller, Stepptanzen, shows, Musik, music","breadcrumb":{"@id":"https:\/\/hostme123.vip\/Bobethomas\/#breadcrumb"},"inLanguage":"en-US","potentialAction":[{"@type":"ReadAction","target":["https:\/\/hostme123.vip\/Bobethomas\/"]}]},{"@type":"BreadcrumbList","@id":"https:\/\/hostme123.vip\/Bobethomas\/#breadcrumb","itemListElement":[{"@type":"ListItem","position":1,"name":"Home","item":"https:\/\/hostme123.vip\/Bobethomas\/"},{"@type":"ListItem","position":2,"name":"Bob e Thomas"}]},{"@type":"WebSite","@id":"https:\/\/hostme123.vip\/Bobethomas\/#website","url":"https:\/\/hostme123.vip\/Bobethomas\/","name":"Bob e Thomas","description":"Tap Dance, Shows, Workshops, Choreografie","potentialAction":[{"@type":"SearchAction","target":{"@type":"EntryPoint","urlTemplate":"https:\/\/hostme123.vip\/Bobethomas\/?s={search_term_string}"},"query-input":{"@type":"PropertyValueSpecification","valueRequired":true,"valueName":"search_term_string"}}],"inLanguage":"en-US"}]}},"jetpack_sharing_enabled":true,"jetpack_shortlink":"https:\/\/wp.me\/PcaV4r-2","_links":{"self":[{"href":"https:\/\/hostme123.vip\/Bobethomas\/wp-json\/wp\/v2\/pages\/2","targetHints":{"allow":["GET"]}}],"collection":[{"href":"https:\/\/hostme123.vip\/Bobethomas\/wp-json\/wp\/v2\/pages"}],"about":[{"href":"https:\/\/hostme123.vip\/Bobethomas\/wp-json\/wp\/v2\/types\/page"}],"author":[{"embeddable":true,"href":"https:\/\/hostme123.vip\/Bobethomas\/wp-json\/wp\/v2\/users\/1"}],"replies":[{"embeddable":true,"href":"https:\/\/hostme123.vip\/Bobethomas\/wp-json\/wp\/v2\/comments?post=2"}],"version-history":[{"count":4,"href":"https:\/\/hostme123.vip\/Bobethomas\/wp-json\/wp\/v2\/pages\/2\/revisions"}],"predecessor-version":[{"id":692,"href":"https:\/\/hostme123.vip\/Bobethomas\/wp-json\/wp\/v2\/pages\/2\/revisions\/692"}],"wp:attachment":[{"href":"https:\/\/hostme123.vip\/Bobethomas\/wp-json\/wp\/v2\/media?parent=2"}],"curies":[{"name":"wp","href":"https:\/\/api.w.org\/{rel}","templated":true}]}}