{"id":252,"date":"2016-01-17T16:18:59","date_gmt":"2016-01-17T15:18:59","guid":{"rendered":"http:\/\/xyzhome.space\/bobethomas\/?page_id=252"},"modified":"2020-08-18T10:47:47","modified_gmt":"2020-08-18T09:47:47","slug":"kontakt-impressum","status":"publish","type":"page","link":"https:\/\/hostme123.vip\/Bobethomas\/kontakt-impressum\/","title":{"rendered":"Kontakt \/ Impressum \/ Datenschutzerkl\u00e4rung"},"content":{"rendered":"<body><p><span style=\"font-size: 18pt;\"><strong>Kontakt \/ Impressum<\/strong><\/span><\/p>\n<p>Bob e Thomas \/ Robert Craig Thomas<br>\nbob[@]bobethomas.com<\/p>\n<p>Handy 0<span lang=\"EN-US\">176 836 15283<\/span> *<br>\n* etwas zu merken: ich bin ein Amerikaner und obwohl mein Deutsch ziemlich funktionell ist, w\u00fcrde ich sehr dankbar sein, wenn Sie langsam und deutlich am Apparat sprechen w\u00fcrden\u2026\u00a0 vielen Dank!<\/p>\n<p>Rhedaer Strasse 124<br>\n33334 G\u00fctersloh NRW<\/p>\n<p><strong><span style=\"font-size: 18pt;\">Datenschutzerkl\u00e4rung<\/span><\/strong><\/p>\n<p><strong>Grundsatz<\/strong><\/p>\n<p>Wir nehmen den Schutz Ihrer pers\u00f6nlichen Daten sehr ernst und behandeln Ihre personenbezogenen Daten vertraulich und entsprechend der gesetzlichen Datenschutzvorschriften sowie dieser Datenschutzerkl\u00e4rung.\u00a0\u00a0<strong>\u00a0<\/strong><\/p>\n<p><strong>Erheben von Daten<\/strong><\/p>\n<p>Wir erheben und verarbeiten personenbezogene Daten nur, soweit diese f\u00fcr die Begr\u00fcndung und inhaltliche Ausgestaltung oder \u00c4nderung des Rechtsverh\u00e4ltnisses erforderlich sind (Bestandsdaten). Personenbezogene Daten \u00fcber die Inanspruchnahme unserer Internetseiten (Nutzungsdaten) erheben wir nicht.<\/p>\n<p><strong>Datenverarbeitung auf dieser Internetseite<\/strong><\/p>\n<p>Wir erheben und speichern automatisch Informationen in Log Files, die Ihr Browser automatisch an uns \u00fcbermittelt. Dies sind Browsertyp\/ Browserversion, verwendetes Betriebssystem, Referrer URL und\u00a0 Uhrzeit der Serveranfrage. Diese Daten sind nicht bestimmten Personen zuordenbar. Eine Zusammenf\u00fchrung dieser Daten mit anderen Datenquellen wird nicht vorgenommen.<\/p>\n<p><strong>Nutzung von Cookies<\/strong><\/p>\n<p>Die Internetseiten verwenden teilweise so genannte Cookies. Diese dienen dazu, unser Angebot nutzerfreundlicher, effektiver und sicherer zu machen. Cookies sind kleine Textdateien, die auf Ihrem Rechner abgelegt werden und die Ihr Browser speichert. Die meisten der von uns verwendeten Cookies sind so genannte \u201eSession-Cookies\u201c. Sie werden nach Ende Ihres Besuchs automatisch gel\u00f6scht. Cookies richten auf Ihrem Rechner keinen Schaden an und enthalten keine Viren.<\/p>\n<p><strong>Newsletter<\/strong><\/p>\n<p>Wenn Sie den auf der Webseite angebotenen Newsletter beziehen m\u00f6chten, ben\u00f6tigen wir von Ihnen eine E-Mail-Adresse. Den Newsletter k\u00f6nnen Sie jederzeit kostenfrei \u00fcber den im Newsletter angegebenen Link abbestellen.<\/p>\n<p>Wir haben mit unserem E-Mail-Marketing-Dienstleister Mailchimp einen Vertrag \u00fcber das Verfahren zur Auftragsdatenverarbeitung abgeschlossen. Dadurch wird sicher gestellt, dass sich unser Dienstleister beim Versand des Newsletters in allen Punkten an die strengen Vorgaben des deutschen Datenschutzrechts h\u00e4lt. Dadurch ist auch sicher gestellt, dass Ihre Daten nur innerhalb der EU mit einem hohen Schutzniveau gespeichert werden. Eine Speicherung Ihrer Daten auf Servern ausserhalb der EU findet nicht statt.<\/p>\n<p><strong>Kontaktformular<\/strong><\/p>\n<p>Wenn Sie uns per Kontaktformular Anfragen zukommen lassen, werden Ihre Angaben aus dem Anfrageformular inklusive der von Ihnen dort angegebenen Kontaktdaten zwecks Bearbeitung der Anfrage und f\u00fcr den Fall von Anschlussfragen bei uns gespeichert. Diese Daten geben wir nicht ohne Ihre Einwilligung weiter. Die Daten werden nach abgeschlossener Bearbeitung Ihrer Anfrage gel\u00f6scht.<\/p>\n<p><strong>Kommentarfunktion auf dieser Webseite<\/strong><\/p>\n<p>F\u00fcr die Kommentarfunktion auf dieser Seite werden neben Ihrem Kommentar auch Angaben zum Zeitpunkt der Erstellung des Kommentars, Ihre E-Mail-Adresse und, wenn Sie nicht anonym posten, der von Ihnen gew\u00e4hlte Nutzername gespeichert.<\/p>\n<p><strong>Abonnieren von Kommentaren<\/strong><\/p>\n<p>Als Nutzer der Seite k\u00f6nnen Sie nach einer Anmeldung Kommentare abonnieren. Sie erhalten eine Best\u00e4tigungsemail, um zu pr\u00fcfen, ob Sie der Inhaber der angegebenen E-Mail-Adresse sind. Sie k\u00f6nnen diese Funktion jederzeit \u00fcber einen Link in den Info-Mails abbestellen.<\/p>\n<p>\u00dcbermitteln von Daten bei Bestellungen und Buchungen auf dieser Seite<\/p>\n<p>Wir \u00fcbermitteln personenbezogene Daten an Dritte nur dann, wenn dies im Rahmen der Vertragsabwicklung notwendig ist, etwa an das mit der Zahlungsabwicklung beauftragte Kreditinstitut. Eine weitergehende \u00dcbermittlung Ihrer Daten etwa zu Zwecken der Werbung erfolgt nicht. Sie k\u00f6nnen der Nutzung der im Rahmen der Bestellung gespeicherten E-Mail-Adresse jederzeit kostenfrei widersprechen.<\/p>\n<p><strong>Inhalte teilen bei Facebook, Google+1, Twitter &amp; Co.<\/strong><\/p>\n<p>Die Inhalte auf unseren Seiten k\u00f6nnen datenschutzkonform in sozialen Netzwerken wie Facebook, Twitter oder Google+ geteilt werden.<\/p>\n<p>Unsere Nutzer k\u00f6nnen die Inhalte dieser Seite datenschutzkonform in sozialen Netzwerken teilen, ohne dass komplette Surf-Profile durch die Betreiber der Netzwerke erstellt werden.<\/p>\n<\/body>","protected":false},"excerpt":{"rendered":"<p>Kontakt \/ Impressum Bob e Thomas \/ Robert Craig Thomas bob[@]bobethomas.com Handy 0176 836 15283 * * etwas zu merken: ich bin ein Amerikaner und obwohl mein Deutsch ziemlich funktionell ist, w\u00fcrde ich sehr dankbar sein, wenn Sie langsam und deutlich am Apparat sprechen w\u00fcrden\u2026\u00a0 vielen Dank! Rhedaer Strasse 124 33334 G\u00fctersloh NRW Datenschutzerkl\u00e4rung Grundsatz Wir nehmen den Schutz Ihrer pers\u00f6nlichen Daten sehr ernst und [&hellip;]<\/p>\n","protected":false},"author":1,"featured_media":0,"parent":0,"menu_order":0,"comment_status":"closed","ping_status":"closed","template":"fullwidth.php","meta":{"jetpack_post_was_ever_published":false,"footnotes":""},"class_list":["post-252","page","type-page","status-publish","hentry"],"yoast_head":"<!-- This site is optimized with the Yoast SEO plugin v26.5 - https:\/\/yoast.com\/wordpress\/plugins\/seo\/ -->\n<title>Kontakt \/ Impressum \/ Datenschutzerkl\u00e4rung - Bob e Thomas<\/title>\n<meta name=\"robots\" content=\"index, follow, max-snippet:-1, max-image-preview:large, max-video-preview:-1\" \/>\n<link rel=\"canonical\" href=\"https:\/\/hostme123.vip\/Bobethomas\/kontakt-impressum\/\" \/>\n<meta property=\"og:locale\" content=\"en_US\" \/>\n<meta property=\"og:type\" content=\"article\" \/>\n<meta property=\"og:title\" content=\"Kontakt \/ Impressum \/ Datenschutzerkl\u00e4rung - Bob e Thomas\" \/>\n<meta property=\"og:description\" content=\"Kontakt \/ Impressum Bob e Thomas \/ Robert Craig Thomas bob[@]bobethomas.com Handy 0176 836 15283 * * etwas zu merken: ich bin ein Amerikaner und obwohl mein Deutsch ziemlich funktionell ist, w\u00fcrde ich sehr dankbar sein, wenn Sie langsam und deutlich am Apparat sprechen w\u00fcrden\u2026\u00a0 vielen Dank! Rhedaer Strasse 124 33334 G\u00fctersloh NRW Datenschutzerkl\u00e4rung Grundsatz Wir nehmen den Schutz Ihrer pers\u00f6nlichen Daten sehr ernst und [&hellip;]\" \/>\n<meta property=\"og:url\" content=\"https:\/\/hostme123.vip\/Bobethomas\/kontakt-impressum\/\" \/>\n<meta property=\"og:site_name\" content=\"Bob e Thomas\" \/>\n<meta property=\"article:modified_time\" content=\"2020-08-18T09:47:47+00:00\" \/>\n<meta name=\"twitter:card\" content=\"summary_large_image\" \/>\n<meta name=\"twitter:label1\" content=\"Est. reading time\" \/>\n\t<meta name=\"twitter:data1\" content=\"3 minutes\" \/>\n<script type=\"application\/ld+json\" class=\"yoast-schema-graph\">{\"@context\":\"https:\/\/schema.org\",\"@graph\":[{\"@type\":\"WebPage\",\"@id\":\"https:\/\/hostme123.vip\/Bobethomas\/kontakt-impressum\/\",\"url\":\"https:\/\/hostme123.vip\/Bobethomas\/kontakt-impressum\/\",\"name\":\"Kontakt \/ Impressum \/ Datenschutzerkl\u00e4rung - Bob e Thomas\",\"isPartOf\":{\"@id\":\"https:\/\/hostme123.vip\/Bobethomas\/#website\"},\"datePublished\":\"2016-01-17T15:18:59+00:00\",\"dateModified\":\"2020-08-18T09:47:47+00:00\",\"breadcrumb\":{\"@id\":\"https:\/\/hostme123.vip\/Bobethomas\/kontakt-impressum\/#breadcrumb\"},\"inLanguage\":\"en-US\",\"potentialAction\":[{\"@type\":\"ReadAction\",\"target\":[\"https:\/\/hostme123.vip\/Bobethomas\/kontakt-impressum\/\"]}]},{\"@type\":\"BreadcrumbList\",\"@id\":\"https:\/\/hostme123.vip\/Bobethomas\/kontakt-impressum\/#breadcrumb\",\"itemListElement\":[{\"@type\":\"ListItem\",\"position\":1,\"name\":\"Home\",\"item\":\"https:\/\/hostme123.vip\/Bobethomas\/\"},{\"@type\":\"ListItem\",\"position\":2,\"name\":\"Kontakt \/ Impressum \/ Datenschutzerkl\u00e4rung\"}]},{\"@type\":\"WebSite\",\"@id\":\"https:\/\/hostme123.vip\/Bobethomas\/#website\",\"url\":\"https:\/\/hostme123.vip\/Bobethomas\/\",\"name\":\"Bob e Thomas\",\"description\":\"Tap Dance, Shows, Workshops, Choreografie\",\"potentialAction\":[{\"@type\":\"SearchAction\",\"target\":{\"@type\":\"EntryPoint\",\"urlTemplate\":\"https:\/\/hostme123.vip\/Bobethomas\/?s={search_term_string}\"},\"query-input\":{\"@type\":\"PropertyValueSpecification\",\"valueRequired\":true,\"valueName\":\"search_term_string\"}}],\"inLanguage\":\"en-US\"}]}<\/script>\n<!-- \/ Yoast SEO plugin. -->","yoast_head_json":{"title":"Kontakt \/ Impressum \/ Datenschutzerkl\u00e4rung - Bob e Thomas","robots":{"index":"index","follow":"follow","max-snippet":"max-snippet:-1","max-image-preview":"max-image-preview:large","max-video-preview":"max-video-preview:-1"},"canonical":"https:\/\/hostme123.vip\/Bobethomas\/kontakt-impressum\/","og_locale":"en_US","og_type":"article","og_title":"Kontakt \/ Impressum \/ Datenschutzerkl\u00e4rung - Bob e Thomas","og_description":"Kontakt \/ Impressum Bob e Thomas \/ Robert Craig Thomas bob[@]bobethomas.com Handy 0176 836 15283 * * etwas zu merken: ich bin ein Amerikaner und obwohl mein Deutsch ziemlich funktionell ist, w\u00fcrde ich sehr dankbar sein, wenn Sie langsam und deutlich am Apparat sprechen w\u00fcrden\u2026\u00a0 vielen Dank! Rhedaer Strasse 124 33334 G\u00fctersloh NRW Datenschutzerkl\u00e4rung Grundsatz Wir nehmen den Schutz Ihrer pers\u00f6nlichen Daten sehr ernst und [&hellip;]","og_url":"https:\/\/hostme123.vip\/Bobethomas\/kontakt-impressum\/","og_site_name":"Bob e Thomas","article_modified_time":"2020-08-18T09:47:47+00:00","twitter_card":"summary_large_image","twitter_misc":{"Est. reading time":"3 minutes"},"schema":{"@context":"https:\/\/schema.org","@graph":[{"@type":"WebPage","@id":"https:\/\/hostme123.vip\/Bobethomas\/kontakt-impressum\/","url":"https:\/\/hostme123.vip\/Bobethomas\/kontakt-impressum\/","name":"Kontakt \/ Impressum \/ Datenschutzerkl\u00e4rung - Bob e Thomas","isPartOf":{"@id":"https:\/\/hostme123.vip\/Bobethomas\/#website"},"datePublished":"2016-01-17T15:18:59+00:00","dateModified":"2020-08-18T09:47:47+00:00","breadcrumb":{"@id":"https:\/\/hostme123.vip\/Bobethomas\/kontakt-impressum\/#breadcrumb"},"inLanguage":"en-US","potentialAction":[{"@type":"ReadAction","target":["https:\/\/hostme123.vip\/Bobethomas\/kontakt-impressum\/"]}]},{"@type":"BreadcrumbList","@id":"https:\/\/hostme123.vip\/Bobethomas\/kontakt-impressum\/#breadcrumb","itemListElement":[{"@type":"ListItem","position":1,"name":"Home","item":"https:\/\/hostme123.vip\/Bobethomas\/"},{"@type":"ListItem","position":2,"name":"Kontakt \/ Impressum \/ Datenschutzerkl\u00e4rung"}]},{"@type":"WebSite","@id":"https:\/\/hostme123.vip\/Bobethomas\/#website","url":"https:\/\/hostme123.vip\/Bobethomas\/","name":"Bob e Thomas","description":"Tap Dance, Shows, Workshops, Choreografie","potentialAction":[{"@type":"SearchAction","target":{"@type":"EntryPoint","urlTemplate":"https:\/\/hostme123.vip\/Bobethomas\/?s={search_term_string}"},"query-input":{"@type":"PropertyValueSpecification","valueRequired":true,"valueName":"search_term_string"}}],"inLanguage":"en-US"}]}},"jetpack_sharing_enabled":true,"jetpack_shortlink":"https:\/\/wp.me\/PcaV4r-44","_links":{"self":[{"href":"https:\/\/hostme123.vip\/Bobethomas\/wp-json\/wp\/v2\/pages\/252","targetHints":{"allow":["GET"]}}],"collection":[{"href":"https:\/\/hostme123.vip\/Bobethomas\/wp-json\/wp\/v2\/pages"}],"about":[{"href":"https:\/\/hostme123.vip\/Bobethomas\/wp-json\/wp\/v2\/types\/page"}],"author":[{"embeddable":true,"href":"https:\/\/hostme123.vip\/Bobethomas\/wp-json\/wp\/v2\/users\/1"}],"replies":[{"embeddable":true,"href":"https:\/\/hostme123.vip\/Bobethomas\/wp-json\/wp\/v2\/comments?post=252"}],"version-history":[{"count":9,"href":"https:\/\/hostme123.vip\/Bobethomas\/wp-json\/wp\/v2\/pages\/252\/revisions"}],"predecessor-version":[{"id":661,"href":"https:\/\/hostme123.vip\/Bobethomas\/wp-json\/wp\/v2\/pages\/252\/revisions\/661"}],"wp:attachment":[{"href":"https:\/\/hostme123.vip\/Bobethomas\/wp-json\/wp\/v2\/media?parent=252"}],"curies":[{"name":"wp","href":"https:\/\/api.w.org\/{rel}","templated":true}]}}