{"id":432,"date":"2018-01-24T08:34:14","date_gmt":"2018-01-24T07:34:14","guid":{"rendered":"http:\/\/xyzhome.space\/bobethomas\/?page_id=432"},"modified":"2020-07-08T16:27:55","modified_gmt":"2020-07-08T15:27:55","slug":"workshops","status":"publish","type":"page","link":"https:\/\/hostme123.vip\/Bobethomas\/workshops\/","title":{"rendered":"Workshops von Bob e"},"content":{"rendered":"<body><p><\/p><strong><a href=\"https:\/\/i0.wp.com\/hostme123.vip\/Bobethomas\/wp-content\/uploads\/2016\/09\/BT-Charleston-knees-Northampton-DSC02567-sharper.jpg?ssl=1\"><img data-recalc-dims=\"1\" decoding=\"async\" class=\"size-medium wp-image-299 alignright lazyload\" data-src=\"https:\/\/i0.wp.com\/hostme123.vip\/Bobethomas\/wp-content\/uploads\/2016\/09\/BT-Charleston-knees-Northampton-DSC02567-sharper.jpg?resize=300%2C282&#038;ssl=1\" alt=\"\" width=\"300\" height=\"282\" data-srcset=\"https:\/\/i0.wp.com\/hostme123.vip\/Bobethomas\/wp-content\/uploads\/2016\/09\/BT-Charleston-knees-Northampton-DSC02567-sharper.jpg?resize=300%2C282&amp;ssl=1 300w, https:\/\/i0.wp.com\/hostme123.vip\/Bobethomas\/wp-content\/uploads\/2016\/09\/BT-Charleston-knees-Northampton-DSC02567-sharper.jpg?resize=768%2C723&amp;ssl=1 768w, https:\/\/i0.wp.com\/hostme123.vip\/Bobethomas\/wp-content\/uploads\/2016\/09\/BT-Charleston-knees-Northampton-DSC02567-sharper.jpg?resize=1024%2C964&amp;ssl=1 1024w, https:\/\/i0.wp.com\/hostme123.vip\/Bobethomas\/wp-content\/uploads\/2016\/09\/BT-Charleston-knees-Northampton-DSC02567-sharper.jpg?resize=159%2C150&amp;ssl=1 159w, https:\/\/i0.wp.com\/hostme123.vip\/Bobethomas\/wp-content\/uploads\/2016\/09\/BT-Charleston-knees-Northampton-DSC02567-sharper.jpg?resize=150%2C141&amp;ssl=1 150w, https:\/\/i0.wp.com\/hostme123.vip\/Bobethomas\/wp-content\/uploads\/2016\/09\/BT-Charleston-knees-Northampton-DSC02567-sharper.jpg?w=1640&amp;ssl=1 1640w\" data-sizes=\"auto, (max-width: 300px) 100vw, 300px\" src=\"data:image\/svg+xml;base64,PHN2ZyB3aWR0aD0iMSIgaGVpZ2h0PSIxIiB4bWxucz0iaHR0cDovL3d3dy53My5vcmcvMjAwMC9zdmciPjwvc3ZnPg==\" style=\"--smush-placeholder-width: 300px; --smush-placeholder-aspect-ratio: 300\/282;\" \/><\/a>Seine Spezialit\u00e4ten sind amerikanische Tanzen aus den 1920-1950er Jahre, darunter authentischer Jazz, Swing-Jitterbug-Lindy, und Stepptanz.<\/strong>\n<p>An verschiedenen Universit\u00e4ten \/ Tanzhochschulen in Boston, USA hat er Stepptanzimprovisation und amerikanische Tanzgeschichte unterrichtet. Und als Gastredner an der Harvard University hat er von der Entwicklung von amerikanischem Jazz Musik und Tanz von 1850-1960 erz\u00e4hlt und gezeigt.<\/p>\n<p>Sein Unterricht ist hoch professionell und f\u00fcr die Teilnehmer steht immer Unterhaltsamkeit und Spa\u00df auf dem Programm.<\/p>\n<hr>\n<p><strong><span style=\"font-size: 18pt;\">Body Percussion<\/span><br>\n<\/strong>\u2022 es macht wirklich Spa\u00df, den K\u00f6rper wie ein Instument zu spielen\u2026 wir machen verschiedene Rhythmen mit allem, was uns die Natur mitgegeben hat: H\u00e4nde, F\u00fc\u00dfe, Stimme werden Klatschen, Klopfen, Schnipsen, Stampfen\u2026<\/p>\n<hr>\n<p><strong><span style=\"font-size: 18pt;\">Stepptanz<\/span><br>\n<\/strong>(Inhalt wird an das Studentenniveau angepasst)<br>\n<a href=\"http:\/\/www.youtube.com\/bobethomas.com\" target=\"_blank\" rel=\"noopener noreferrer\">Stepptanz Videos auf Youtube<\/a><\/p>\n<p>\u2022 Technik \u2013 Shuffles, Flaps, Wings, Pullbacks, Time Steps &amp; Buck Dancing, Paddle &amp; Roll, high-speed Steppen<br>\n\u2022 Routine und Kombinationen \u2013 Shim-Sham, Softshoe, Buck Dance, BS Chorus usw.<br>\n\u2022 Stepptanz Jazz Improvisation<\/p>\n<hr>\n<p><strong><span style=\"font-size: 18pt;\">Stepptanz Improvisation<\/span><br>\n<\/strong>Improvisation ist die t\u00e4nzerische Art der spontanen Kommunikation: Austausch und Frage-Antwort stehen im Mittelpunkt\u2026 Poetry-Slam im Stepptanz. Voraussetzungen: Enthusiasmus; Interesse an Ged\u00e4chtnistraining; Spa\u00df, Musikkentnisse zu erweitern; Verfeinerung der Stepptanztechnik.<br>\n(Inhalt wird an das Studentenniveau angepasst)<\/p>\n<p><strong>Stuffe 1:<\/strong><br>\n\u2022 Musik ist Zeit<br>\n\u2022 Musikbegleitung<br>\n\u2022 Jazz Liedformen<\/p>\n<p><strong>Stuffe 2:<\/strong><br>\n\u2022 Improvisation durch Imitation<br>\n\u2022 Rhythmisches Improvisieren mit begrenztem Schrittmaterial<br>\n\u2022 Improvisation \u00fcber l\u00e4ngere Musikphrasen<br>\n\u2022 Der Einsatz von Pausen<\/p>\n<p><strong>Stuffe 3:<\/strong> <a id=\"Improv\" name=\"Improv\"><\/a><br>\n\u2022 Freie Improvisation<br>\n\u2022 Trading<br>\n\u2022 Call &amp; Response<\/p>\n<hr>\n<p><strong><span style=\"font-size: 18pt;\">Body Percussion mit Authentic Jazz \/ Big Apple<\/span><br>\n<\/strong>Eine Mischung aus Authentischem Jazz der 1930er Jahre und Body Percussion \u2013 ein Tanzstil, der aus dem S\u00fcden Americas kam\u2026 er wurde urspr\u00fcnglich einfach \u201cBlack Dance\u201d genannt und war der Vorfahr von Hip Hop\u2026\u2026<\/p>\n<hr>\n<p><strong><span style=\"font-size: 18pt;\">Authentic Jazz \/ Big Apple \/ 1930s Jazz<\/span><br>\n<\/strong>Der Vorfahr von Jazz, das Originel in den 1930er Jahren, in Harlem entwickelt und getanzt\u2026 heute als Authentic Jazz bekannt.<\/p>\n<hr>\n<p><strong><span style=\"font-size: 18pt;\">Charleston \/ 1920-30s Jazz<\/span><br>\n<\/strong>Ein Teil von Early Jazz, Charleston war der erste 20. Jahrhundert \u201cDance Craze\u201d.\u00a0 Mit verschiedenen Kick-Steps, Kick-Combinations, Knee-Crosses usw, der Charleston ist sofort erkennbar.<\/p>\n<hr>\n<p><strong><span style=\"font-size: 18pt;\">Amerikanischer 1950s Swing-Jitterbug<\/span><br>\n<\/strong><a href=\"https:\/\/www.youtube.com\/watch?v=SfYvA0aHiAk\" target=\"_blank\" rel=\"noopener noreferrer\">Swing-Jitterbug Video auf Youtube<\/a><\/p>\n<p>\u2022 einfacher und spa\u00dfreicher Gesellschaftstanz aus den 1950er Jahren Amerikas\u2026 die einfachtste Form von Swing\/Lindy Hop\/ Jitterbug<br>\n\u2022 von Bill Haley (1954) bis The Beegees (1977) haben wir \u00fcberall in der USA Jitterbug-Swing zu Rock-and-Roll Musik getanzt\u2026<br>\n\u2022 \u2026und 1977 entstand aus einer Mischung von Swing-Jitterbug und Merengue: Disco!<\/p>\n<hr>\n<p><strong><span style=\"font-size: 18pt;\">Praktische &amp; Spa\u00dfreiche Musiktheorie f\u00fcr T\u00e4nzer<\/span><br>\n<\/strong>\u2022 wie lernt man, die Beats und denTakt zu z\u00e4hlen? Was ist eine Phrase, ein Vers, eine Strophe, Refrain?<\/p>\n<p>Wenn man tanzt oder Choreografie lernt, hilft es viel, die Musik analysieren und einordnen zu k\u00f6nnen, es hilft, die Choreografie besser zu lernen und zu verstehen und die Reihenfolge von den Steps einzuordnen. Und das ist genau, was wir in diesem Workshop lernen werden.<\/p>\n<p>\u2022 Bob e Thomas hat einen Bachelor in Musiktheorie und Komposition in America erhalten und bei einigen Tanzausbildungsprogrammen in Deutschland unterrichtet er Musikanalyse und Tanzgeschichte<\/p>\n<hr>\n<p><strong><span style=\"font-size: 18pt;\">Lebenslauf: Tanzlehrer<\/span><br>\n<\/strong>\u2022 Ballettschule Iris Witte. \u201cFantasie an die Freude\u201d Choreographie und Musik f\u00fcr Jahreskonzert Finale, BodyPercussion und Boomwhackers St\u00fcck f\u00fcr 200 T\u00e4nzer. Bad Oeynhausen, 2018.<br>\n\u2022 Ballettschule Iris Witte. Workshops in Stepptanz und Body Percussion f\u00fcr Erwachsene und Jugendliche. Bad Oeynhausen, 2014-jetzt.<br>\n\u2022 TANZP\u00c4DAGOGIK AUSBILDUNG, Claudia Lorenz \u2013 Tanzgeschichte \/ Musikanalyse, Workshops in Authentischem Jazz und Stepptanz. Bielefeld. 2010-2017.<br>\n\u2022 Dance Center Bielefeld. Choreographie mit dem Schwerpunkt auf Lindy-Swing und traditionellem Amerikanischen Jazz. 2007-2010.<br>\n\u2022 Neumann Sport &amp; Ballett \u2013 Workshops mit Jazz Stepptanz Improvisation, Body Percussion, Lindy-Swing, und traditionellem Amerikanischen Jazz. 2010-jetzt.<br>\n\u2022 Die Tanzerei. Workshops mit dem Schwerpunkt auf Lindy-Swing und traditionellem Amerikanischen Jazz. F\u00fcrth, Deutschland. 2004-2007.<br>\n\u2022 Dean College, Faculty\/Dozent. Stepptanz Technik und Improvisation, Musical Theater, Amerikanische Tanzgeschichte. BA Tanzprogramm, USA. 2001-2008.<br>\n\u2022 Roger Williams University, Faculty\/Dozent. Stepptanz Technik und Improvisation, traditioneller Amerikanischer Jazz. BA Tanzprogramm, USA. 1994-1999.<br>\n\u2022 Decidedly Jazz Danceworks \u2013 professional dance company, Choreographie mit dem Schwerpunkt auf traditionellem Amerikanischen Jazz. Calgary, Canada. 2005.<br>\n\u2022 Harvard University, j\u00e4hrlicher Gastredner: Amerikanische Tanzgeschichte 1850-1960. Cambridge, MA USA. 1992 &amp; 1993.<br>\n\u2022 Kennedy Center Theater Festival. Workshop mit dem Schwerpunkt auf Physical Comedy in Theorie und Praxis. Providence, RI USA. 2004.<br>\n\u2022 Big Apple Circus. Workshop mit dem Schwerpunkt auf Physical Comedy in Theorie und Praxis, Ausbildung von Krankenhausclowns (for national leadersofhospitalclownunitsacrossthe USA). New York City, NY USA. 2005.<br>\n\u2022 Portsmouth Percussive Dance Festival: Lindy-Swing und traditionellerAmerikanischer Tanz. Portsmouth, NH. 2001-2007<br>\n\u2022 American College Dance Festival (ACDF New England): Lindy-Swing und traditionellerAmerikanischerJazztanz, 1998 &amp; 2002.<\/p>\n<table id=\"tablepress-3\" border=\"1\" width=\"90%\" cellspacing=\"6\" cellpadding=\"6\" align=\"left\"><\/table>\n<p><\/p>\n<\/body>","protected":false},"excerpt":{"rendered":"<p>Seine Spezialit\u00e4ten sind amerikanische Tanzen aus den 1920-1950er Jahre, darunter authentischer Jazz, Swing-Jitterbug-Lindy, und Stepptanz. An verschiedenen Universit\u00e4ten \/ Tanzhochschulen in Boston, USA hat er Stepptanzimprovisation und amerikanische Tanzgeschichte unterrichtet. Und als Gastredner an der Harvard University hat er von der Entwicklung von amerikanischem Jazz Musik und Tanz von 1850-1960 erz\u00e4hlt und gezeigt. Sein Unterricht ist hoch professionell und f\u00fcr die Teilnehmer steht immer Unterhaltsamkeit [&hellip;]<\/p>\n","protected":false},"author":1,"featured_media":0,"parent":0,"menu_order":0,"comment_status":"closed","ping_status":"closed","template":"fullwidth.php","meta":{"jetpack_post_was_ever_published":false,"footnotes":""},"class_list":["post-432","page","type-page","status-publish","hentry"],"yoast_head":"<!-- This site is optimized with the Yoast SEO plugin v26.5 - https:\/\/yoast.com\/wordpress\/plugins\/seo\/ -->\n<title>Workshops von Bob e - Bob e Thomas<\/title>\n<meta name=\"robots\" content=\"index, follow, max-snippet:-1, max-image-preview:large, max-video-preview:-1\" \/>\n<link rel=\"canonical\" href=\"https:\/\/hostme123.vip\/Bobethomas\/workshops\/\" \/>\n<meta property=\"og:locale\" content=\"en_US\" \/>\n<meta property=\"og:type\" content=\"article\" \/>\n<meta property=\"og:title\" content=\"Workshops von Bob e - Bob e Thomas\" \/>\n<meta property=\"og:description\" content=\"Seine Spezialit\u00e4ten sind amerikanische Tanzen aus den 1920-1950er Jahre, darunter authentischer Jazz, Swing-Jitterbug-Lindy, und Stepptanz. An verschiedenen Universit\u00e4ten \/ Tanzhochschulen in Boston, USA hat er Stepptanzimprovisation und amerikanische Tanzgeschichte unterrichtet. Und als Gastredner an der Harvard University hat er von der Entwicklung von amerikanischem Jazz Musik und Tanz von 1850-1960 erz\u00e4hlt und gezeigt. Sein Unterricht ist hoch professionell und f\u00fcr die Teilnehmer steht immer Unterhaltsamkeit [&hellip;]\" \/>\n<meta property=\"og:url\" content=\"https:\/\/hostme123.vip\/Bobethomas\/workshops\/\" \/>\n<meta property=\"og:site_name\" content=\"Bob e Thomas\" \/>\n<meta property=\"article:modified_time\" content=\"2020-07-08T15:27:55+00:00\" \/>\n<meta property=\"og:image\" content=\"https:\/\/hostme123.vip\/Bobethomas\/wp-content\/uploads\/2016\/09\/BT-Charleston-knees-Northampton-DSC02567-sharper-300x282.jpg\" \/>\n<meta name=\"twitter:card\" content=\"summary_large_image\" \/>\n<meta name=\"twitter:label1\" content=\"Est. reading time\" \/>\n\t<meta name=\"twitter:data1\" content=\"3 minutes\" \/>\n<script type=\"application\/ld+json\" class=\"yoast-schema-graph\">{\"@context\":\"https:\/\/schema.org\",\"@graph\":[{\"@type\":\"WebPage\",\"@id\":\"https:\/\/hostme123.vip\/Bobethomas\/workshops\/\",\"url\":\"https:\/\/hostme123.vip\/Bobethomas\/workshops\/\",\"name\":\"Workshops von Bob e - Bob e Thomas\",\"isPartOf\":{\"@id\":\"https:\/\/hostme123.vip\/Bobethomas\/#website\"},\"primaryImageOfPage\":{\"@id\":\"https:\/\/hostme123.vip\/Bobethomas\/workshops\/#primaryimage\"},\"image\":{\"@id\":\"https:\/\/hostme123.vip\/Bobethomas\/workshops\/#primaryimage\"},\"thumbnailUrl\":\"https:\/\/hostme123.vip\/Bobethomas\/wp-content\/uploads\/2016\/09\/BT-Charleston-knees-Northampton-DSC02567-sharper-300x282.jpg\",\"datePublished\":\"2018-01-24T07:34:14+00:00\",\"dateModified\":\"2020-07-08T15:27:55+00:00\",\"breadcrumb\":{\"@id\":\"https:\/\/hostme123.vip\/Bobethomas\/workshops\/#breadcrumb\"},\"inLanguage\":\"en-US\",\"potentialAction\":[{\"@type\":\"ReadAction\",\"target\":[\"https:\/\/hostme123.vip\/Bobethomas\/workshops\/\"]}]},{\"@type\":\"ImageObject\",\"inLanguage\":\"en-US\",\"@id\":\"https:\/\/hostme123.vip\/Bobethomas\/workshops\/#primaryimage\",\"url\":\"https:\/\/i0.wp.com\/hostme123.vip\/Bobethomas\/wp-content\/uploads\/2016\/09\/BT-Charleston-knees-Northampton-DSC02567-sharper.jpg?fit=1640%2C1544&ssl=1\",\"contentUrl\":\"https:\/\/i0.wp.com\/hostme123.vip\/Bobethomas\/wp-content\/uploads\/2016\/09\/BT-Charleston-knees-Northampton-DSC02567-sharper.jpg?fit=1640%2C1544&ssl=1\",\"width\":1640,\"height\":1544},{\"@type\":\"BreadcrumbList\",\"@id\":\"https:\/\/hostme123.vip\/Bobethomas\/workshops\/#breadcrumb\",\"itemListElement\":[{\"@type\":\"ListItem\",\"position\":1,\"name\":\"Home\",\"item\":\"https:\/\/hostme123.vip\/Bobethomas\/\"},{\"@type\":\"ListItem\",\"position\":2,\"name\":\"Workshops von Bob e\"}]},{\"@type\":\"WebSite\",\"@id\":\"https:\/\/hostme123.vip\/Bobethomas\/#website\",\"url\":\"https:\/\/hostme123.vip\/Bobethomas\/\",\"name\":\"Bob e Thomas\",\"description\":\"Tap Dance, Shows, Workshops, Choreografie\",\"potentialAction\":[{\"@type\":\"SearchAction\",\"target\":{\"@type\":\"EntryPoint\",\"urlTemplate\":\"https:\/\/hostme123.vip\/Bobethomas\/?s={search_term_string}\"},\"query-input\":{\"@type\":\"PropertyValueSpecification\",\"valueRequired\":true,\"valueName\":\"search_term_string\"}}],\"inLanguage\":\"en-US\"}]}<\/script>\n<!-- \/ Yoast SEO plugin. -->","yoast_head_json":{"title":"Workshops von Bob e - Bob e Thomas","robots":{"index":"index","follow":"follow","max-snippet":"max-snippet:-1","max-image-preview":"max-image-preview:large","max-video-preview":"max-video-preview:-1"},"canonical":"https:\/\/hostme123.vip\/Bobethomas\/workshops\/","og_locale":"en_US","og_type":"article","og_title":"Workshops von Bob e - Bob e Thomas","og_description":"Seine Spezialit\u00e4ten sind amerikanische Tanzen aus den 1920-1950er Jahre, darunter authentischer Jazz, Swing-Jitterbug-Lindy, und Stepptanz. An verschiedenen Universit\u00e4ten \/ Tanzhochschulen in Boston, USA hat er Stepptanzimprovisation und amerikanische Tanzgeschichte unterrichtet. Und als Gastredner an der Harvard University hat er von der Entwicklung von amerikanischem Jazz Musik und Tanz von 1850-1960 erz\u00e4hlt und gezeigt. Sein Unterricht ist hoch professionell und f\u00fcr die Teilnehmer steht immer Unterhaltsamkeit [&hellip;]","og_url":"https:\/\/hostme123.vip\/Bobethomas\/workshops\/","og_site_name":"Bob e Thomas","article_modified_time":"2020-07-08T15:27:55+00:00","og_image":[{"url":"https:\/\/hostme123.vip\/Bobethomas\/wp-content\/uploads\/2016\/09\/BT-Charleston-knees-Northampton-DSC02567-sharper-300x282.jpg","type":"","width":"","height":""}],"twitter_card":"summary_large_image","twitter_misc":{"Est. reading time":"3 minutes"},"schema":{"@context":"https:\/\/schema.org","@graph":[{"@type":"WebPage","@id":"https:\/\/hostme123.vip\/Bobethomas\/workshops\/","url":"https:\/\/hostme123.vip\/Bobethomas\/workshops\/","name":"Workshops von Bob e - Bob e Thomas","isPartOf":{"@id":"https:\/\/hostme123.vip\/Bobethomas\/#website"},"primaryImageOfPage":{"@id":"https:\/\/hostme123.vip\/Bobethomas\/workshops\/#primaryimage"},"image":{"@id":"https:\/\/hostme123.vip\/Bobethomas\/workshops\/#primaryimage"},"thumbnailUrl":"https:\/\/hostme123.vip\/Bobethomas\/wp-content\/uploads\/2016\/09\/BT-Charleston-knees-Northampton-DSC02567-sharper-300x282.jpg","datePublished":"2018-01-24T07:34:14+00:00","dateModified":"2020-07-08T15:27:55+00:00","breadcrumb":{"@id":"https:\/\/hostme123.vip\/Bobethomas\/workshops\/#breadcrumb"},"inLanguage":"en-US","potentialAction":[{"@type":"ReadAction","target":["https:\/\/hostme123.vip\/Bobethomas\/workshops\/"]}]},{"@type":"ImageObject","inLanguage":"en-US","@id":"https:\/\/hostme123.vip\/Bobethomas\/workshops\/#primaryimage","url":"https:\/\/i0.wp.com\/hostme123.vip\/Bobethomas\/wp-content\/uploads\/2016\/09\/BT-Charleston-knees-Northampton-DSC02567-sharper.jpg?fit=1640%2C1544&ssl=1","contentUrl":"https:\/\/i0.wp.com\/hostme123.vip\/Bobethomas\/wp-content\/uploads\/2016\/09\/BT-Charleston-knees-Northampton-DSC02567-sharper.jpg?fit=1640%2C1544&ssl=1","width":1640,"height":1544},{"@type":"BreadcrumbList","@id":"https:\/\/hostme123.vip\/Bobethomas\/workshops\/#breadcrumb","itemListElement":[{"@type":"ListItem","position":1,"name":"Home","item":"https:\/\/hostme123.vip\/Bobethomas\/"},{"@type":"ListItem","position":2,"name":"Workshops von Bob e"}]},{"@type":"WebSite","@id":"https:\/\/hostme123.vip\/Bobethomas\/#website","url":"https:\/\/hostme123.vip\/Bobethomas\/","name":"Bob e Thomas","description":"Tap Dance, Shows, Workshops, Choreografie","potentialAction":[{"@type":"SearchAction","target":{"@type":"EntryPoint","urlTemplate":"https:\/\/hostme123.vip\/Bobethomas\/?s={search_term_string}"},"query-input":{"@type":"PropertyValueSpecification","valueRequired":true,"valueName":"search_term_string"}}],"inLanguage":"en-US"}]}},"jetpack_sharing_enabled":true,"jetpack_shortlink":"https:\/\/wp.me\/PcaV4r-6Y","_links":{"self":[{"href":"https:\/\/hostme123.vip\/Bobethomas\/wp-json\/wp\/v2\/pages\/432","targetHints":{"allow":["GET"]}}],"collection":[{"href":"https:\/\/hostme123.vip\/Bobethomas\/wp-json\/wp\/v2\/pages"}],"about":[{"href":"https:\/\/hostme123.vip\/Bobethomas\/wp-json\/wp\/v2\/types\/page"}],"author":[{"embeddable":true,"href":"https:\/\/hostme123.vip\/Bobethomas\/wp-json\/wp\/v2\/users\/1"}],"replies":[{"embeddable":true,"href":"https:\/\/hostme123.vip\/Bobethomas\/wp-json\/wp\/v2\/comments?post=432"}],"version-history":[{"count":25,"href":"https:\/\/hostme123.vip\/Bobethomas\/wp-json\/wp\/v2\/pages\/432\/revisions"}],"predecessor-version":[{"id":650,"href":"https:\/\/hostme123.vip\/Bobethomas\/wp-json\/wp\/v2\/pages\/432\/revisions\/650"}],"wp:attachment":[{"href":"https:\/\/hostme123.vip\/Bobethomas\/wp-json\/wp\/v2\/media?parent=432"}],"curies":[{"name":"wp","href":"https:\/\/api.w.org\/{rel}","templated":true}]}}