{"id":694,"date":"2021-01-07T10:26:07","date_gmt":"2021-01-07T09:26:07","guid":{"rendered":"https:\/\/hostme123.vip\/Bobethomas\/?page_id=694"},"modified":"2021-01-07T10:27:53","modified_gmt":"2021-01-07T09:27:53","slug":"bob-e","status":"publish","type":"page","link":"https:\/\/hostme123.vip\/Bobethomas\/bob-e\/","title":{"rendered":"Bob e&#8230;"},"content":{"rendered":"<body>\r\n<p style=\"text-align: left;\">Bob e Thomas, der nach Deutschland wegen der Liebe gekommen ist, war f\u00fcr 30 Jahre in Amerika als T\u00e4nzer und Darsteller t\u00e4tig.<\/p>\r\n\r\n\r\n\r\n<p style=\"text-align: left;\">Mit seiner Ausbildung als Musiker \/ Komponist (BMusic Theorie \/ Komponieren Wittenberg University, USA) sowohl auch als Schriftsteller (MFA Creative Nonfiction Writing, Goucher College, USA) bringt er vielf\u00e4ltig Erfahrung und Training als K\u00fcnstler zu seiner Arbeit.<\/p>\r\n\r\n\r\n\r\n<p style=\"text-align: left;\">Er ist seit 2008 in Deutschland als T\u00e4nzer, Lehrer und Darsteller t\u00e4tig, ua als Tanzgeschichte Lehrer f\u00fcr die Tanzp\u00e4dagogik Ausbildung in Bielefeld und als Stepptanzimprovisation und Body Percussion Workshopleiter in OWL.<\/p>\r\n<p style=\"text-align: left;\">Jetzt ist er auch besch\u00e4ftigt mit dem neuen duo Act \u201cThe 2 Tap Brothers\u201d mit Stept\u00e4nzer Thomas L\u00f6per.\u00a0\u00a0<\/p>\r\n<\/body>","protected":false},"excerpt":{"rendered":"<p>Bob e Thomas, der nach Deutschland wegen der Liebe gekommen ist, war f\u00fcr 30 Jahre in Amerika als T\u00e4nzer und Darsteller t\u00e4tig. Mit seiner Ausbildung als Musiker \/ Komponist (BMusic Theorie \/ Komponieren Wittenberg University, USA) sowohl auch als Schriftsteller (MFA Creative Nonfiction Writing, Goucher College, USA) bringt er vielf\u00e4ltig Erfahrung und Training als K\u00fcnstler zu seiner Arbeit. Er ist seit 2008 in Deutschland als [&hellip;]<\/p>\n","protected":false},"author":1,"featured_media":0,"parent":0,"menu_order":0,"comment_status":"closed","ping_status":"closed","template":"","meta":{"jetpack_post_was_ever_published":false,"footnotes":""},"class_list":["post-694","page","type-page","status-publish","hentry"],"yoast_head":"<!-- This site is optimized with the Yoast SEO plugin v26.5 - https:\/\/yoast.com\/wordpress\/plugins\/seo\/ -->\n<title>Bob e... - Bob e Thomas<\/title>\n<meta name=\"robots\" content=\"index, follow, max-snippet:-1, max-image-preview:large, max-video-preview:-1\" \/>\n<link rel=\"canonical\" href=\"https:\/\/hostme123.vip\/Bobethomas\/bob-e\/\" \/>\n<meta property=\"og:locale\" content=\"en_US\" \/>\n<meta property=\"og:type\" content=\"article\" \/>\n<meta property=\"og:title\" content=\"Bob e... - Bob e Thomas\" \/>\n<meta property=\"og:description\" content=\"Bob e Thomas, der nach Deutschland wegen der Liebe gekommen ist, war f\u00fcr 30 Jahre in Amerika als T\u00e4nzer und Darsteller t\u00e4tig. Mit seiner Ausbildung als Musiker \/ Komponist (BMusic Theorie \/ Komponieren Wittenberg University, USA) sowohl auch als Schriftsteller (MFA Creative Nonfiction Writing, Goucher College, USA) bringt er vielf\u00e4ltig Erfahrung und Training als K\u00fcnstler zu seiner Arbeit. Er ist seit 2008 in Deutschland als [&hellip;]\" \/>\n<meta property=\"og:url\" content=\"https:\/\/hostme123.vip\/Bobethomas\/bob-e\/\" \/>\n<meta property=\"og:site_name\" content=\"Bob e Thomas\" \/>\n<meta property=\"article:modified_time\" content=\"2021-01-07T09:27:53+00:00\" \/>\n<meta name=\"twitter:card\" content=\"summary_large_image\" \/>\n<meta name=\"twitter:label1\" content=\"Est. reading time\" \/>\n\t<meta name=\"twitter:data1\" content=\"1 minute\" \/>\n<script type=\"application\/ld+json\" class=\"yoast-schema-graph\">{\"@context\":\"https:\/\/schema.org\",\"@graph\":[{\"@type\":\"WebPage\",\"@id\":\"https:\/\/hostme123.vip\/Bobethomas\/bob-e\/\",\"url\":\"https:\/\/hostme123.vip\/Bobethomas\/bob-e\/\",\"name\":\"Bob e... - Bob e Thomas\",\"isPartOf\":{\"@id\":\"https:\/\/hostme123.vip\/Bobethomas\/#website\"},\"datePublished\":\"2021-01-07T09:26:07+00:00\",\"dateModified\":\"2021-01-07T09:27:53+00:00\",\"breadcrumb\":{\"@id\":\"https:\/\/hostme123.vip\/Bobethomas\/bob-e\/#breadcrumb\"},\"inLanguage\":\"en-US\",\"potentialAction\":[{\"@type\":\"ReadAction\",\"target\":[\"https:\/\/hostme123.vip\/Bobethomas\/bob-e\/\"]}]},{\"@type\":\"BreadcrumbList\",\"@id\":\"https:\/\/hostme123.vip\/Bobethomas\/bob-e\/#breadcrumb\",\"itemListElement\":[{\"@type\":\"ListItem\",\"position\":1,\"name\":\"Home\",\"item\":\"https:\/\/hostme123.vip\/Bobethomas\/\"},{\"@type\":\"ListItem\",\"position\":2,\"name\":\"Bob e&#8230;\"}]},{\"@type\":\"WebSite\",\"@id\":\"https:\/\/hostme123.vip\/Bobethomas\/#website\",\"url\":\"https:\/\/hostme123.vip\/Bobethomas\/\",\"name\":\"Bob e Thomas\",\"description\":\"Tap Dance, Shows, Workshops, Choreografie\",\"potentialAction\":[{\"@type\":\"SearchAction\",\"target\":{\"@type\":\"EntryPoint\",\"urlTemplate\":\"https:\/\/hostme123.vip\/Bobethomas\/?s={search_term_string}\"},\"query-input\":{\"@type\":\"PropertyValueSpecification\",\"valueRequired\":true,\"valueName\":\"search_term_string\"}}],\"inLanguage\":\"en-US\"}]}<\/script>\n<!-- \/ Yoast SEO plugin. -->","yoast_head_json":{"title":"Bob e... - Bob e Thomas","robots":{"index":"index","follow":"follow","max-snippet":"max-snippet:-1","max-image-preview":"max-image-preview:large","max-video-preview":"max-video-preview:-1"},"canonical":"https:\/\/hostme123.vip\/Bobethomas\/bob-e\/","og_locale":"en_US","og_type":"article","og_title":"Bob e... - Bob e Thomas","og_description":"Bob e Thomas, der nach Deutschland wegen der Liebe gekommen ist, war f\u00fcr 30 Jahre in Amerika als T\u00e4nzer und Darsteller t\u00e4tig. Mit seiner Ausbildung als Musiker \/ Komponist (BMusic Theorie \/ Komponieren Wittenberg University, USA) sowohl auch als Schriftsteller (MFA Creative Nonfiction Writing, Goucher College, USA) bringt er vielf\u00e4ltig Erfahrung und Training als K\u00fcnstler zu seiner Arbeit. Er ist seit 2008 in Deutschland als [&hellip;]","og_url":"https:\/\/hostme123.vip\/Bobethomas\/bob-e\/","og_site_name":"Bob e Thomas","article_modified_time":"2021-01-07T09:27:53+00:00","twitter_card":"summary_large_image","twitter_misc":{"Est. reading time":"1 minute"},"schema":{"@context":"https:\/\/schema.org","@graph":[{"@type":"WebPage","@id":"https:\/\/hostme123.vip\/Bobethomas\/bob-e\/","url":"https:\/\/hostme123.vip\/Bobethomas\/bob-e\/","name":"Bob e... - Bob e Thomas","isPartOf":{"@id":"https:\/\/hostme123.vip\/Bobethomas\/#website"},"datePublished":"2021-01-07T09:26:07+00:00","dateModified":"2021-01-07T09:27:53+00:00","breadcrumb":{"@id":"https:\/\/hostme123.vip\/Bobethomas\/bob-e\/#breadcrumb"},"inLanguage":"en-US","potentialAction":[{"@type":"ReadAction","target":["https:\/\/hostme123.vip\/Bobethomas\/bob-e\/"]}]},{"@type":"BreadcrumbList","@id":"https:\/\/hostme123.vip\/Bobethomas\/bob-e\/#breadcrumb","itemListElement":[{"@type":"ListItem","position":1,"name":"Home","item":"https:\/\/hostme123.vip\/Bobethomas\/"},{"@type":"ListItem","position":2,"name":"Bob e&#8230;"}]},{"@type":"WebSite","@id":"https:\/\/hostme123.vip\/Bobethomas\/#website","url":"https:\/\/hostme123.vip\/Bobethomas\/","name":"Bob e Thomas","description":"Tap Dance, Shows, Workshops, Choreografie","potentialAction":[{"@type":"SearchAction","target":{"@type":"EntryPoint","urlTemplate":"https:\/\/hostme123.vip\/Bobethomas\/?s={search_term_string}"},"query-input":{"@type":"PropertyValueSpecification","valueRequired":true,"valueName":"search_term_string"}}],"inLanguage":"en-US"}]}},"jetpack_sharing_enabled":true,"jetpack_shortlink":"https:\/\/wp.me\/PcaV4r-bc","_links":{"self":[{"href":"https:\/\/hostme123.vip\/Bobethomas\/wp-json\/wp\/v2\/pages\/694","targetHints":{"allow":["GET"]}}],"collection":[{"href":"https:\/\/hostme123.vip\/Bobethomas\/wp-json\/wp\/v2\/pages"}],"about":[{"href":"https:\/\/hostme123.vip\/Bobethomas\/wp-json\/wp\/v2\/types\/page"}],"author":[{"embeddable":true,"href":"https:\/\/hostme123.vip\/Bobethomas\/wp-json\/wp\/v2\/users\/1"}],"replies":[{"embeddable":true,"href":"https:\/\/hostme123.vip\/Bobethomas\/wp-json\/wp\/v2\/comments?post=694"}],"version-history":[{"count":3,"href":"https:\/\/hostme123.vip\/Bobethomas\/wp-json\/wp\/v2\/pages\/694\/revisions"}],"predecessor-version":[{"id":698,"href":"https:\/\/hostme123.vip\/Bobethomas\/wp-json\/wp\/v2\/pages\/694\/revisions\/698"}],"wp:attachment":[{"href":"https:\/\/hostme123.vip\/Bobethomas\/wp-json\/wp\/v2\/media?parent=694"}],"curies":[{"name":"wp","href":"https:\/\/api.w.org\/{rel}","templated":true}]}}