{"id":702,"date":"2021-01-07T18:01:22","date_gmt":"2021-01-07T17:01:22","guid":{"rendered":"https:\/\/hostme123.vip\/Bobethomas\/?page_id=702"},"modified":"2021-01-07T18:01:22","modified_gmt":"2021-01-07T17:01:22","slug":"lebenslauf-homepage","status":"publish","type":"page","link":"https:\/\/hostme123.vip\/Bobethomas\/lebenslauf-homepage\/","title":{"rendered":"Lebenslauf &#8211; homepage"},"content":{"rendered":"<body>\r\n<p style=\"text-align: left;\"><strong>Choreograf \u2013 Choreographer<\/strong><\/p>\r\n\r\n\r\n\r\n<p style=\"text-align: left;\"><strong>Musical Theater \u2013 Komplettchoreographie des Musicals<\/strong><\/p>\r\n\r\n\r\n\r\n<ul class=\"wp-block-list\" style=\"text-align: left;\">\r\n<li><strong>\u201cAnything Goes\u201d \u2013 alle Tanzst\u00fccke \u2013 Boston, Boston College, USA<\/strong><\/li>\r\n<li><strong>\u201cOn Your Toes Boston\u201d \u2013 alle Tanzst\u00fccke \u2013 Dean College, USA<\/strong><\/li>\r\n<\/ul>\r\n\r\n\r\n\r\n<p style=\"text-align: left;\"><br><strong>St\u00fccke f\u00fcr gro\u00dfe Ensembles und Einzelchoreographien<\/strong><\/p>\r\n\r\n\r\n\r\n<ul class=\"wp-block-list\" style=\"text-align: left;\">\r\n<li><strong>\u201cFantasie an die Freude\u201d \u2013 Jahreskonzert Finale f\u00fcr 200 T\u00e4nzer, Komponist und Choreograph \u2013 Ballettschule Witte, Bad Oeynhausen.<\/strong><\/li>\r\n<li><strong>\u201cClaras Dream: A Jazz Nutcracker\u201d \u2013 Act I Finale, Solos \u2013 New England, NYC Tours<\/strong><\/li>\r\n<li><strong>\u201cMusic Hall Follies in 9 Acts\u201d Variet\u00e9 \u2013 Company, Solos \u2013 New England, USA<\/strong><\/li>\r\n<li><strong>Boston Pops Orchestra; Houston Symphony; San Antonio Symphony; New Mexico Symphony; Jacksonville Symphony \u2013 Solos<\/strong><\/li>\r\n<li><strong>Artie Shaw Big Band Orchestra (Asia Tour) \u2013 St\u00fccke f\u00fcr 4 T\u00e4nzer<\/strong><\/li>\r\n<\/ul>\r\n\r\n\r\n\r\n<p style=\"text-align: left;\"><strong>Tanzlehrer<\/strong><\/p>\r\n\r\n\r\n\r\n<ul class=\"wp-block-list\" style=\"text-align: left;\">\r\n<li><strong>Ballettschule Iris Witte.<\/strong> Workshops in Stepptanz und Body Percussion f\u00fcr Erwachsene und Jugendliche. Bad Oeynhausen, 2014-jetzt.<\/li>\r\n<li><strong>Tanzp\u00e4dagogik Ausbildungsprogramm, Erg\u00e4nzungsschule f\u00fcr berufliche Bildung <\/strong>\u2013 Tanzgeschichte und Musikanalyse Lehrer. Bielefeld. 2010-2017.<\/li>\r\n<li><strong>Dance Center Bielefeld. <\/strong>Choreographie mit dem Schwerpunkt auf Lindy-Swing und traditionellem Amerikanischem Jazz. 2007-2010.<\/li>\r\n<li><strong>Neumann Sport &amp; Ballett<\/strong> \u2013 Workshops mit Jazz Stepptanz Improvisation, Body Percussion, Lindy-Swing, und traditionellem Amerikanischem Jazz. 2010-jetzt.<\/li>\r\n<li><strong>Die Tanzerei. <\/strong>Workshops mit dem Schwerpunkt auf Lindy-Swing und traditionellem Amerikanischem Jazz. F\u00fcrth, Deutschland. 2004-2007.<\/li>\r\n<li><strong>Dean College, Faculty\/Dozent.<\/strong> Stepptanz Technik und Improvisation, Musical Theater, Amerikanische Tanzgeschichte. BA Tanzprogramm, USA. 2001-2008.<\/li>\r\n<li><strong>Roger Williams University, Faculty\/Dozent.<\/strong> Stepptanz Technik und Improvisation, traditioneller Amerikanischer Jazz. BA Tanzprogramm, USA. 1994-1999.<\/li>\r\n<li><strong>Decidedly Jazz Danceworks<\/strong> \u2013 professional dance company, Choreographie mit dem Schwerpunkt auf traditionellem Amerikanischem Jazz. Calgary, Canada. 2005.<\/li>\r\n<li><strong>Harvard University<\/strong>, j\u00e4hrlicher Gastredner: Amerikanische Tanzgeschichte 1850-1960. Cambridge, MA USA. 1992 &amp; 1993.<\/li>\r\n<li><strong>Kennedy Center Theater Festival<\/strong>. Workshop mit dem Schwerpunkt auf Theorie und Praxis Physical Comedy. Providence, RI USA. 2004.<\/li>\r\n<li><strong>Big Apple Circus<\/strong><strong>. Workshop <\/strong>mit dem Schwerpunkt auf<strong> Theorie und Praxis Physical Comedy, for national leaders of hospital clown units across the USA. New York City, NY USA. 2005.<\/strong><\/li>\r\n<li><strong>Portsmouth Percussive Dance Festival<\/strong>: Lindy-Swing und traditioneller Amerikanischer Tanz. Portsmouth, NH. 2001-2007<\/li>\r\n<li><strong>American College Dance Festival<\/strong> (ACDF New England): Lindy-Swing und traditioneller Amerikanischer Jazztanz, 1998 &amp; 2002.<\/li>\r\n<\/ul>\r\n\r\n\r\n\r\n<p style=\"text-align: left;\"><strong>Darsteller und T\u00e4nzer: selber getanzt und choreographiert<\/strong><\/p>\r\n\r\n\r\n\r\n<ul class=\"wp-block-list\" style=\"text-align: left;\">\r\n<li><strong>Nacht der Kl\u00e4nge.<\/strong> Solo 30-min Show, dreimal dargestellt. Mit Stepptanzen, Live Loop Aufnahmen und Publikums Animation. Universit\u00e4t Bielefeld. 2013 &amp; 2014.<\/li>\r\n<li><strong>Four Fools of Rhythm Variet\u00e9 Concert<\/strong>, co-Choreograf und featured T\u00e4nzer.<br>Die Tafelhalle, N\u00fcrnberg, Germany. 2001-2006.<\/li>\r\n<li><strong>Clara\u2019s Dream: A Jazz-Tap Nutcracker<\/strong>, co-Choreograph und featured T\u00e4nzer, w\/ n.<br>Touring Northeast US, November-December. 2000-2006.<\/li>\r\n<li><strong>San Antonio Symphony Orchestra.<\/strong> Partner-act, featured in \u201cSteppin\u2019 Out\u201d with conductor Michael Krajewski. Audiences of 2,000, standing ovations.<\/li>\r\n<li><strong>Houston Symphony Orchestra.<\/strong> Solo T\u00e4nzer und Physical Comedian in \u201cMarch Madness\u201d concert with conductor Michael Krajewski. Audience of 2,000. 2004.<\/li>\r\n<li><strong>New Mexico Symphony Orchestra.<\/strong> Partner-act, featured in \u201cSteppin\u2019 Out\u201d with<br>conductor Michael Krajewski. Audience of 2,000, standing ovation. 2004<\/li>\r\n<li><strong>Jacksonville (Florida) Symphony Orchestra.<\/strong> Partner-act, featured in \u201cSteppin\u2019 Out\u201d<br>with conductor Michael Krajewski. 2004. Audiences of 2,000, standing ovations.<\/li>\r\n<li><strong>\u201cVaudeville Follies: A Vaudeville in 9 Acts.\u201d <\/strong>Moderator &amp; solo T\u00e4nzer- Komiker,<br>with Bill Irwin and Fayard Nicholas. Music Hall, Portsmouth, NH. 2003.<br>\u2013 \u201c\u2026 with tap artist and comic genius Bob Thomas.\u201d<em>.Wayne Self, Foundation for Art<\/em><\/li>\r\n<li><strong>Roots of American Dance, African-European Synthesis: 1850-1940<\/strong>.<br>Continuously touring the eastern U.S. &amp; Canada. 400 shows, 1993-2007.<\/li>\r\n<li><strong>Yo-Yo Ma &amp; The NY-Buenos Aires Tango Connection<\/strong> Soloist, Argentine<br>Tango style Tap Dance. 1998.<\/li>\r\n<li><strong>Boston Pops Orchestra<\/strong>, Fourth of July Esplanade concert w\/ Keith Lockhart. For a<br>live audience of 325,000 people &amp; national TV. 1995.<\/li>\r\n<li><strong>Artie Shaw Orchestra Asian Tour.<\/strong> Performing in Taiwan and Hong Kong. 1994.<\/li>\r\n<li><strong>Boston Symphony Orchestra,<\/strong> Presidents\u2019 Dinner, dance show and teaching entertainment, Symphony Hall, Boston. 1990.<\/li>\r\n<li><strong>Newport Jazz Festival<\/strong>, Newport Casino, with Illinois Jacquet Big Band. 1988.<\/li>\r\n<\/ul>\r\n\r\n\r\n\r\n<p style=\"text-align: left;\"><strong>Solo Darsteller und T\u00e4nzer: Originelle Solo Monolog, Mime und Tanz Shows<\/strong><\/p>\r\n\r\n\r\n\r\n<ul class=\"wp-block-list\" style=\"text-align: left;\">\r\n<li><strong>EcCeNTRiciTy! Solo Monolog, Mime und Tanz Show.<\/strong> US &amp; Canada, 1997, 2001.<br>\u2013 \u201cA marvelous dancer and mime\u2026 a brilliant storyteller.\u201d <em>Vue Magazine, Canada<\/em><br>\u2013 \u201cAn appealing storyteller whose dancing recalls Steve Martin\u201d <em>Orlando Sentinel<\/em><\/li>\r\n<li><strong>Economies of Life. Solo Monolog, Mime und Tanz Show.<\/strong> Canada 1998.<br>\u2013 \u201cMost moving performance I\u2019ve ever seen. Ever.\u201d -See Magazine<\/li>\r\n<li><strong>Love, Art &amp; Catfish. Solo Monolog und Tanz Show.<\/strong> US &amp; Canada 1995- 2005.<br>\u2013 \u201cA charming evocative one-man show.\u201d <em>Orlando Sentinel.<\/em><\/li>\r\n<\/ul>\r\n\r\n\r\n\r\n<p style=\"text-align: left;\"><strong>K\u00fcnstlerische Arbeit in Amerika: 1990-2008<\/strong><\/p>\r\n\r\n\r\n\r\n<ul class=\"wp-block-list\">\r\n<li style=\"text-align: left;\"><a href=\"https:\/\/hostme123.vip\/archive_site\/\" target=\"_blank\" rel=\"noreferrer noopener\"><strong>Bob e Thomas Archiv Webseite (USA)\u00a0<\/strong><\/a><\/li>\r\n<\/ul>\r\n<\/body>","protected":false},"excerpt":{"rendered":"<p>Choreograf \u2013 Choreographer Musical Theater \u2013 Komplettchoreographie des Musicals \u201cAnything Goes\u201d \u2013 alle Tanzst\u00fccke \u2013 Boston, Boston College, USA \u201cOn Your Toes Boston\u201d \u2013 alle Tanzst\u00fccke \u2013 Dean College, USA St\u00fccke f\u00fcr gro\u00dfe Ensembles und Einzelchoreographien \u201cFantasie an die Freude\u201d \u2013 Jahreskonzert Finale f\u00fcr 200 T\u00e4nzer, Komponist und Choreograph \u2013 Ballettschule Witte, Bad Oeynhausen. \u201cClaras Dream: A Jazz Nutcracker\u201d \u2013 Act I Finale, Solos \u2013 [&hellip;]<\/p>\n","protected":false},"author":1,"featured_media":0,"parent":0,"menu_order":0,"comment_status":"closed","ping_status":"closed","template":"","meta":{"jetpack_post_was_ever_published":false,"footnotes":""},"class_list":["post-702","page","type-page","status-publish","hentry"],"yoast_head":"<!-- This site is optimized with the Yoast SEO plugin v26.5 - https:\/\/yoast.com\/wordpress\/plugins\/seo\/ -->\n<title>Lebenslauf - homepage - Bob e Thomas<\/title>\n<meta name=\"robots\" content=\"index, follow, max-snippet:-1, max-image-preview:large, max-video-preview:-1\" \/>\n<link rel=\"canonical\" href=\"https:\/\/hostme123.vip\/Bobethomas\/lebenslauf-homepage\/\" \/>\n<meta property=\"og:locale\" content=\"en_US\" \/>\n<meta property=\"og:type\" content=\"article\" \/>\n<meta property=\"og:title\" content=\"Lebenslauf - homepage - Bob e Thomas\" \/>\n<meta property=\"og:description\" content=\"Choreograf \u2013 Choreographer Musical Theater \u2013 Komplettchoreographie des Musicals \u201cAnything Goes\u201d \u2013 alle Tanzst\u00fccke \u2013 Boston, Boston College, USA \u201cOn Your Toes Boston\u201d \u2013 alle Tanzst\u00fccke \u2013 Dean College, USA St\u00fccke f\u00fcr gro\u00dfe Ensembles und Einzelchoreographien \u201cFantasie an die Freude\u201d \u2013 Jahreskonzert Finale f\u00fcr 200 T\u00e4nzer, Komponist und Choreograph \u2013 Ballettschule Witte, Bad Oeynhausen. \u201cClaras Dream: A Jazz Nutcracker\u201d \u2013 Act I Finale, Solos \u2013 [&hellip;]\" \/>\n<meta property=\"og:url\" content=\"https:\/\/hostme123.vip\/Bobethomas\/lebenslauf-homepage\/\" \/>\n<meta property=\"og:site_name\" content=\"Bob e Thomas\" \/>\n<meta name=\"twitter:card\" content=\"summary_large_image\" \/>\n<meta name=\"twitter:label1\" content=\"Est. reading time\" \/>\n\t<meta name=\"twitter:data1\" content=\"3 minutes\" \/>\n<script type=\"application\/ld+json\" class=\"yoast-schema-graph\">{\"@context\":\"https:\/\/schema.org\",\"@graph\":[{\"@type\":\"WebPage\",\"@id\":\"https:\/\/hostme123.vip\/Bobethomas\/lebenslauf-homepage\/\",\"url\":\"https:\/\/hostme123.vip\/Bobethomas\/lebenslauf-homepage\/\",\"name\":\"Lebenslauf - homepage - Bob e Thomas\",\"isPartOf\":{\"@id\":\"https:\/\/hostme123.vip\/Bobethomas\/#website\"},\"datePublished\":\"2021-01-07T17:01:22+00:00\",\"breadcrumb\":{\"@id\":\"https:\/\/hostme123.vip\/Bobethomas\/lebenslauf-homepage\/#breadcrumb\"},\"inLanguage\":\"en-US\",\"potentialAction\":[{\"@type\":\"ReadAction\",\"target\":[\"https:\/\/hostme123.vip\/Bobethomas\/lebenslauf-homepage\/\"]}]},{\"@type\":\"BreadcrumbList\",\"@id\":\"https:\/\/hostme123.vip\/Bobethomas\/lebenslauf-homepage\/#breadcrumb\",\"itemListElement\":[{\"@type\":\"ListItem\",\"position\":1,\"name\":\"Home\",\"item\":\"https:\/\/hostme123.vip\/Bobethomas\/\"},{\"@type\":\"ListItem\",\"position\":2,\"name\":\"Lebenslauf &#8211; homepage\"}]},{\"@type\":\"WebSite\",\"@id\":\"https:\/\/hostme123.vip\/Bobethomas\/#website\",\"url\":\"https:\/\/hostme123.vip\/Bobethomas\/\",\"name\":\"Bob e Thomas\",\"description\":\"Tap Dance, Shows, Workshops, Choreografie\",\"potentialAction\":[{\"@type\":\"SearchAction\",\"target\":{\"@type\":\"EntryPoint\",\"urlTemplate\":\"https:\/\/hostme123.vip\/Bobethomas\/?s={search_term_string}\"},\"query-input\":{\"@type\":\"PropertyValueSpecification\",\"valueRequired\":true,\"valueName\":\"search_term_string\"}}],\"inLanguage\":\"en-US\"}]}<\/script>\n<!-- \/ Yoast SEO plugin. -->","yoast_head_json":{"title":"Lebenslauf - homepage - Bob e Thomas","robots":{"index":"index","follow":"follow","max-snippet":"max-snippet:-1","max-image-preview":"max-image-preview:large","max-video-preview":"max-video-preview:-1"},"canonical":"https:\/\/hostme123.vip\/Bobethomas\/lebenslauf-homepage\/","og_locale":"en_US","og_type":"article","og_title":"Lebenslauf - homepage - Bob e Thomas","og_description":"Choreograf \u2013 Choreographer Musical Theater \u2013 Komplettchoreographie des Musicals \u201cAnything Goes\u201d \u2013 alle Tanzst\u00fccke \u2013 Boston, Boston College, USA \u201cOn Your Toes Boston\u201d \u2013 alle Tanzst\u00fccke \u2013 Dean College, USA St\u00fccke f\u00fcr gro\u00dfe Ensembles und Einzelchoreographien \u201cFantasie an die Freude\u201d \u2013 Jahreskonzert Finale f\u00fcr 200 T\u00e4nzer, Komponist und Choreograph \u2013 Ballettschule Witte, Bad Oeynhausen. \u201cClaras Dream: A Jazz Nutcracker\u201d \u2013 Act I Finale, Solos \u2013 [&hellip;]","og_url":"https:\/\/hostme123.vip\/Bobethomas\/lebenslauf-homepage\/","og_site_name":"Bob e Thomas","twitter_card":"summary_large_image","twitter_misc":{"Est. reading time":"3 minutes"},"schema":{"@context":"https:\/\/schema.org","@graph":[{"@type":"WebPage","@id":"https:\/\/hostme123.vip\/Bobethomas\/lebenslauf-homepage\/","url":"https:\/\/hostme123.vip\/Bobethomas\/lebenslauf-homepage\/","name":"Lebenslauf - homepage - Bob e Thomas","isPartOf":{"@id":"https:\/\/hostme123.vip\/Bobethomas\/#website"},"datePublished":"2021-01-07T17:01:22+00:00","breadcrumb":{"@id":"https:\/\/hostme123.vip\/Bobethomas\/lebenslauf-homepage\/#breadcrumb"},"inLanguage":"en-US","potentialAction":[{"@type":"ReadAction","target":["https:\/\/hostme123.vip\/Bobethomas\/lebenslauf-homepage\/"]}]},{"@type":"BreadcrumbList","@id":"https:\/\/hostme123.vip\/Bobethomas\/lebenslauf-homepage\/#breadcrumb","itemListElement":[{"@type":"ListItem","position":1,"name":"Home","item":"https:\/\/hostme123.vip\/Bobethomas\/"},{"@type":"ListItem","position":2,"name":"Lebenslauf &#8211; homepage"}]},{"@type":"WebSite","@id":"https:\/\/hostme123.vip\/Bobethomas\/#website","url":"https:\/\/hostme123.vip\/Bobethomas\/","name":"Bob e Thomas","description":"Tap Dance, Shows, Workshops, Choreografie","potentialAction":[{"@type":"SearchAction","target":{"@type":"EntryPoint","urlTemplate":"https:\/\/hostme123.vip\/Bobethomas\/?s={search_term_string}"},"query-input":{"@type":"PropertyValueSpecification","valueRequired":true,"valueName":"search_term_string"}}],"inLanguage":"en-US"}]}},"jetpack_sharing_enabled":true,"jetpack_shortlink":"https:\/\/wp.me\/PcaV4r-bk","_links":{"self":[{"href":"https:\/\/hostme123.vip\/Bobethomas\/wp-json\/wp\/v2\/pages\/702","targetHints":{"allow":["GET"]}}],"collection":[{"href":"https:\/\/hostme123.vip\/Bobethomas\/wp-json\/wp\/v2\/pages"}],"about":[{"href":"https:\/\/hostme123.vip\/Bobethomas\/wp-json\/wp\/v2\/types\/page"}],"author":[{"embeddable":true,"href":"https:\/\/hostme123.vip\/Bobethomas\/wp-json\/wp\/v2\/users\/1"}],"replies":[{"embeddable":true,"href":"https:\/\/hostme123.vip\/Bobethomas\/wp-json\/wp\/v2\/comments?post=702"}],"version-history":[{"count":3,"href":"https:\/\/hostme123.vip\/Bobethomas\/wp-json\/wp\/v2\/pages\/702\/revisions"}],"predecessor-version":[{"id":705,"href":"https:\/\/hostme123.vip\/Bobethomas\/wp-json\/wp\/v2\/pages\/702\/revisions\/705"}],"wp:attachment":[{"href":"https:\/\/hostme123.vip\/Bobethomas\/wp-json\/wp\/v2\/media?parent=702"}],"curies":[{"name":"wp","href":"https:\/\/api.w.org\/{rel}","templated":true}]}}