{"id":28,"date":"2016-09-21T12:14:53","date_gmt":"2016-09-21T12:14:53","guid":{"rendered":"https:\/\/xyzhome.space\/robertcthomas\/?page_id=28"},"modified":"2020-07-09T12:20:46","modified_gmt":"2020-07-09T10:20:46","slug":"prasentation-training","status":"publish","type":"page","link":"https:\/\/hostme123.vip\/Robertcthomas\/prasentation-training\/","title":{"rendered":"Pr\u00e4sentation Training"},"content":{"rendered":"<p><span style=\"color: #000066; font-family: Arial,Helvetica,sans-serif; font-size: medium;\"><img data-recalc-dims=\"1\" loading=\"lazy\" decoding=\"async\" class=\"wp-image-59 size-medium alignright\" src=\"https:\/\/i0.wp.com\/hostme123.vip\/Robertcthomas\/wp-content\/uploads\/2016\/09\/Bob-Headshot-N%C3%BCrnberg-Dec2013-IMG_1728.jpg?resize=259%2C300&#038;ssl=1\" alt=\"\" width=\"259\" height=\"300\" srcset=\"https:\/\/i0.wp.com\/hostme123.vip\/Robertcthomas\/wp-content\/uploads\/2016\/09\/Bob-Headshot-N%C3%BCrnberg-Dec2013-IMG_1728.jpg?resize=259%2C300&amp;ssl=1 259w, https:\/\/i0.wp.com\/hostme123.vip\/Robertcthomas\/wp-content\/uploads\/2016\/09\/Bob-Headshot-N%C3%BCrnberg-Dec2013-IMG_1728.jpg?resize=768%2C889&amp;ssl=1 768w, https:\/\/i0.wp.com\/hostme123.vip\/Robertcthomas\/wp-content\/uploads\/2016\/09\/Bob-Headshot-N%C3%BCrnberg-Dec2013-IMG_1728.jpg?w=794&amp;ssl=1 794w\" sizes=\"auto, (max-width: 259px) 100vw, 259px\" \/>Robert C Thomas hat eine einzigartige Kombination aus Trainingskompetenzen: Sowohl als Trainer als auch als Darsteller hat er vielf\u00e4ltige Erfahrungen in den Bereichen Pr\u00e4sentation und Performance, lehrt an Universit\u00e4ten und Fachhochschulen und verf\u00fcgt \u00fcber besondere Kenntnisse im Bereich des professionellen Schreibens.<\/span><\/p>\n<p><span style=\"color: #000066; font-family: Arial,Helvetica,sans-serif; font-size: medium;\">Viele Jahre Schauspiel- und Redetraining l\u00e4sst er in seine Trainings mit einflie\u00dfen. Seine Spezialgebiete umfassen Artikulation (Aussprache und Ausdrucksweise), Mimik, Gestik und Raumnutzung, sowie szenisches Arrangement.<\/span><\/p>\n<p><span style=\"color: #000066; font-family: Arial,Helvetica,sans-serif; font-size: medium;\">Vom Goucher College in Maryland erhielt Robert den Master of Fine Arts (MFA) in Nonfiction Writing. Er schrieb zahlreiche Artikel f\u00fcr Magazine und Internetseiten, spielte in Shows und Theaterst\u00fccken in den USA und Kanada und war als Gastredner an der ber\u00fchmten Harvard Universit\u00e4t. <\/span><\/p>\n<p><span style=\"color: #000066; font-family: Arial,Helvetica,sans-serif; font-size: medium;\"><strong>Referenzen:<\/strong> Bertelsmann AG, FHM Bielefeld, Harvard-Universit\u00e4t, IME Seminare, Miele &amp; Cie. KG, Terex Corporation International, Universit\u00e4t Bielefeld<\/span><\/p>\n<p><span style=\"color: #000066; font-family: Arial,Helvetica,sans-serif; font-size: medium;\"> Seminare und Trainings<br \/>\nPr\u00e4sentationstraining<br \/>\nLektorieren von Pr\u00e4sentationen<br \/>\nEntwicklung der Persona, Bewegung, Gestik und B\u00fchnenpr\u00e4senz<br \/>\nRhetorik- und Redetraining (Aussprache, Ausdrucksweise, Atmung)<br \/>\nSeminare und Coachings im Bereich Schauspiel, szenisches Arrangement und elementare Beleuchtung<\/span><\/p>\n","protected":false},"excerpt":{"rendered":"<p>Robert C Thomas hat eine einzigartige Kombination aus Trainingskompetenzen: Sowohl als Trainer als auch als Darsteller hat er vielf\u00e4ltige Erfahrungen in den Bereichen Pr\u00e4sentation und Performance, lehrt an Universit\u00e4ten und Fachhochschulen und verf\u00fcgt \u00fcber besondere Kenntnisse im Bereich des professionellen Schreibens. Viele Jahre Schauspiel- und Redetraining l\u00e4sst er in seine Trainings mit einflie\u00dfen. Seine Spezialgebiete umfassen Artikulation (Aussprache und Ausdrucksweise), Mimik, Gestik und Raumnutzung, sowie [&hellip;]<\/p>\n","protected":false},"author":1,"featured_media":0,"parent":0,"menu_order":0,"comment_status":"closed","ping_status":"closed","template":"","meta":{"om_disable_all_campaigns":false,"footnotes":""},"class_list":["post-28","page","type-page","status-publish","hentry"],"jetpack_sharing_enabled":false,"_links":{"self":[{"href":"https:\/\/hostme123.vip\/Robertcthomas\/wp-json\/wp\/v2\/pages\/28","targetHints":{"allow":["GET"]}}],"collection":[{"href":"https:\/\/hostme123.vip\/Robertcthomas\/wp-json\/wp\/v2\/pages"}],"about":[{"href":"https:\/\/hostme123.vip\/Robertcthomas\/wp-json\/wp\/v2\/types\/page"}],"author":[{"embeddable":true,"href":"https:\/\/hostme123.vip\/Robertcthomas\/wp-json\/wp\/v2\/users\/1"}],"replies":[{"embeddable":true,"href":"https:\/\/hostme123.vip\/Robertcthomas\/wp-json\/wp\/v2\/comments?post=28"}],"version-history":[{"count":4,"href":"https:\/\/hostme123.vip\/Robertcthomas\/wp-json\/wp\/v2\/pages\/28\/revisions"}],"predecessor-version":[{"id":165,"href":"https:\/\/hostme123.vip\/Robertcthomas\/wp-json\/wp\/v2\/pages\/28\/revisions\/165"}],"wp:attachment":[{"href":"https:\/\/hostme123.vip\/Robertcthomas\/wp-json\/wp\/v2\/media?parent=28"}],"curies":[{"name":"wp","href":"https:\/\/api.w.org\/{rel}","templated":true}]}}