{"id":35,"date":"2016-09-21T12:18:28","date_gmt":"2016-09-21T12:18:28","guid":{"rendered":"https:\/\/xyzhome.space\/robertcthomas\/?page_id=35"},"modified":"2016-10-12T14:10:37","modified_gmt":"2016-10-12T12:10:37","slug":"lebenslauf","status":"publish","type":"page","link":"https:\/\/hostme123.vip\/Robertcthomas\/lebenslauf\/","title":{"rendered":"Bio &#038; Lebenslauf"},"content":{"rendered":"<p style=\"text-align: left;\"><img data-recalc-dims=\"1\" loading=\"lazy\" decoding=\"async\" class=\"size-medium wp-image-59 alignright\" src=\"https:\/\/i0.wp.com\/xyzhome.space\/robertcthomas\/wp-content\/uploads\/2016\/09\/Bob-Headshot-N%C3%BCrnberg-Dec2013-IMG_1728-259x300.jpg?resize=259%2C300&#038;ssl=1\" alt=\"bob-headshot-nurnberg-dec2013-img_1728\" width=\"259\" height=\"300\" srcset=\"https:\/\/i0.wp.com\/hostme123.vip\/Robertcthomas\/wp-content\/uploads\/2016\/09\/Bob-Headshot-N%C3%BCrnberg-Dec2013-IMG_1728.jpg?resize=259%2C300&amp;ssl=1 259w, https:\/\/i0.wp.com\/hostme123.vip\/Robertcthomas\/wp-content\/uploads\/2016\/09\/Bob-Headshot-N%C3%BCrnberg-Dec2013-IMG_1728.jpg?resize=768%2C889&amp;ssl=1 768w, https:\/\/i0.wp.com\/hostme123.vip\/Robertcthomas\/wp-content\/uploads\/2016\/09\/Bob-Headshot-N%C3%BCrnberg-Dec2013-IMG_1728.jpg?w=794&amp;ssl=1 794w\" sizes=\"auto, (max-width: 259px) 100vw, 259px\" \/>Robert C Thomas hat eine einzigartige Kombination aus Trainingskompetenzen: Sowohl als Trainer als auch als Darsteller hat er vielf\u00e4ltige Erfahrungen in den Bereichen Pr\u00e4sentation und Performance, lehrt an Universit\u00e4ten und Fachhochschulen und verf\u00fcgt \u00fcber besondere Kenntnisse im Bereich des professionellen Schreibens.<\/p>\n<p>In den USA hat er jahrzehntelang an der Roger Williams University und am Dean College unterrichtet und als Gastredner an der Harvard University \u00fcber die Entwicklung des amerikanischen Jazz gesprochen. Viele Jahre Schauspiel- und Redetraining und B\u00fchnenerfahrung l\u00e4sst er in seinen Unterricht und seine Trainings einflie\u00dfen.<\/p>\n<p>&nbsp;<\/p>\n<h3><strong><br \/>\nLebenslauf<\/strong><\/h3>\n<p><strong>Universit\u00e4t Bielefed, Bielefeld. Dozent. 2012-heute.<\/strong><br \/>\n\u2022 Englisch akademisches Schreiben.<br \/>\n\u2022 Allgemeines Englisch, verschiedenste Niveaus.<\/p>\n<p><strong>Fachhochschule des Mittelstands, Bielefeld. Dozent. 2010- 2015.<\/strong><br \/>\n\u2022 Pr\u00e4sentationstraining auf Englisch (56 Unterrichtstunden pro Trimester-Kurs): inkl. Rhetorik- und Redetraining, Aussprache, Ausdrucksweise, Atmung, szenisches Arrangement.<br \/>\n\u2022 Business Englisch: inkl. Vokabeltraining, Verfassen von Emails, Einblicke in internationale Kulturen, Lesen und Zusammenfassen von englischen Artikeln (84 Unterrichtstunden).<\/p>\n<p><strong>Bertelsmann AG, G\u00fctersloh. Trainer. 2010-2014.<\/strong><br \/>\n\u2022 Business Englisch: Gesch\u00e4ftskommunikation, Lesen und Schreiben von Fachartikeln und Emails auf fortgeschrittenem Niveau f\u00fcr die Gesch\u00e4ftsbereicheTopac and Arvato.<\/p>\n<p><strong>IME Seminare, Bielefeld. Trainer. 2010<\/strong><br \/>\n2-Tage Pr\u00e4sentationstraining, 2010.<\/p>\n<p><strong>Terex Corporation International. <\/strong><strong>2012.<\/strong><br \/>\nFortgeschrittenen Pr\u00e4sentationstraining f\u00fcr die Leiter internationales Marketing. In Niedersteinbach, Frankreich.<br \/>\n1-Tag Intensiv Training in Bewegung, Aussprache, Persona und Stage-Presence, Sprech- und Stimmtraining, B\u00fchnetechniken f\u00fcr Darsteller.<\/p>\n<p><strong>Miele &amp; Cie. KG, G\u00fctersloh. Trainer. 2009-2012.<\/strong><br \/>\n\u2022 Pr\u00e4sentationstraining, Einzelunterricht: Leiterin Werbung international. inkl. Rhetorik- und Redetraining, Aussprache, Ausdrucksweise, Atmung.<br \/>\n\u2022 Coach f\u00fcr Pr\u00e4sentationen auf Englisch: Zur Vorbereitung der Vertriebsteams auf die j\u00e4hrlichen internationalen Vertriebsveranstaltungen.<br \/>\n\u2022 Fachenglisch f\u00fcr die Abteilung Innenarchitektur.<br \/>\n\u2022 Fachenglisch f\u00fcr die Abteilung Hochbau.<\/p>\n<p><strong>Autohaus Lenz, Bielefeld, G\u00fctersloh. Trainer. 2009-2013.<\/strong><br \/>\n\u2022 Fachenglisch f\u00fcr Vertrieb und Service.<\/p>\n<p><strong>Dean College, Franklin, MA; USA. Dozent. 2001-2008<\/strong><br \/>\n\u2022 Dozent<\/p>\n<p><strong>Roger Williams University, Bristol, RI, USA. Dozent. 1995-2000<\/strong><br \/>\n\u2022 Dozent<\/p>\n<p><strong>Harvard University, Cambridge, MA, USA. Gastredner. (1997-98) <\/strong><br \/>\n\u2022 Vorlesung \u00fcber Amerikanische Tanzgeschichte<\/p>\n<p><strong>Autor und Darsteller<\/strong><br \/>\n\u2022 Ver\u00f6ffentlichung unterschiedlichster englischsprachiger Artikel in Literaturzeitschriften und Erscheinen der \u00dcbersetzungen, 1985-2005.<\/p>\n<ul>\n<li>Verwendung von Abhandlungen \u00fcber Jazztanzgeschichte als Lehrmaterial f\u00fcr Tanzprogramme durch verschiedene Universit\u00e4ten.<\/li>\n<li>T\u00e4nzer und Choreograf f\u00fcr Shows mit Symphonie Orchester in Boston, Houston, New Mexico, Florida, New York.\u00a0 Choreograf f\u00fcr alle Tanzst\u00fccke in 2 Musical Theater Shows f\u00fcr 2 Boston Universit\u00e4ten.<\/li>\n<li>Schriftsteller von und Darsteller in 6 originellen dramaturgischen B\u00fchnenshows, Auff\u00fchrung in unterschiedlichen St\u00e4dten in den USA &amp; Kanada, 1995-2001.<\/li>\n<li>Auszeichnung der Monologshow &#8220;Eccentricity&#8221; mit &#8220;Critic&#8217;s Top Ten&#8221; durch das Orlando Theater Fringe Festival und &#8220;Critic&#8217;s Choice&#8221; durch das Edmonton Theater Fringe Festival, 1997<\/li>\n<li>Auszeichnung der Monologshow &#8220;Love, Art &amp; Catfish&#8221; mit &#8220;Critic&#8217;s Top Ten&#8221; durch das Orlando Theater Fringe Festival, 1995.<\/li>\n<\/ul>\n<p><strong>Ausbildung<\/strong><br \/>\nGoucher College, Maryland, 2006 &#8211; Masters of Fine Arts, Creative NonFiction Writing<br \/>\nWittenberg University, Ohio, 1976 &#8211; Bachelor of Music, Musiktheorie &amp; Komposition<\/p>\n<p><strong>Muttersprache: Englisch<br \/>\nKompetent: Deutsch<\/strong><\/p>\n<p><strong>Seminare und Trainings<\/strong><br \/>\n\u2022 Pr\u00e4sentationstraining<br \/>\n\u2022 Rhetorik- und Redetraining (Aussprache, Ausdrucksweise, Atmung)<br \/>\n\u2022 Seminare und Coachings im Bereich Schauspiel, szenisches Arrangement und elementare Beleuchtung<br \/>\n\u2022 Video Aufnehmen und Schnitt, DVD mastering, Komposition von Hintergrundmusik (GEMA frei)<\/p>\n<p>&nbsp;<\/p>\n","protected":false},"excerpt":{"rendered":"<p>Robert C Thomas hat eine einzigartige Kombination aus Trainingskompetenzen: Sowohl als Trainer als auch als Darsteller hat er vielf\u00e4ltige Erfahrungen in den Bereichen Pr\u00e4sentation und Performance, lehrt an Universit\u00e4ten und Fachhochschulen und verf\u00fcgt \u00fcber besondere Kenntnisse im Bereich des professionellen Schreibens. In den USA hat er jahrzehntelang an der Roger Williams University und am Dean College unterrichtet und als Gastredner an der Harvard University \u00fcber [&hellip;]<\/p>\n","protected":false},"author":1,"featured_media":0,"parent":0,"menu_order":0,"comment_status":"closed","ping_status":"closed","template":"","meta":{"om_disable_all_campaigns":false,"footnotes":""},"class_list":["post-35","page","type-page","status-publish","hentry"],"jetpack_sharing_enabled":true,"_links":{"self":[{"href":"https:\/\/hostme123.vip\/Robertcthomas\/wp-json\/wp\/v2\/pages\/35","targetHints":{"allow":["GET"]}}],"collection":[{"href":"https:\/\/hostme123.vip\/Robertcthomas\/wp-json\/wp\/v2\/pages"}],"about":[{"href":"https:\/\/hostme123.vip\/Robertcthomas\/wp-json\/wp\/v2\/types\/page"}],"author":[{"embeddable":true,"href":"https:\/\/hostme123.vip\/Robertcthomas\/wp-json\/wp\/v2\/users\/1"}],"replies":[{"embeddable":true,"href":"https:\/\/hostme123.vip\/Robertcthomas\/wp-json\/wp\/v2\/comments?post=35"}],"version-history":[{"count":7,"href":"https:\/\/hostme123.vip\/Robertcthomas\/wp-json\/wp\/v2\/pages\/35\/revisions"}],"predecessor-version":[{"id":146,"href":"https:\/\/hostme123.vip\/Robertcthomas\/wp-json\/wp\/v2\/pages\/35\/revisions\/146"}],"wp:attachment":[{"href":"https:\/\/hostme123.vip\/Robertcthomas\/wp-json\/wp\/v2\/media?parent=35"}],"curies":[{"name":"wp","href":"https:\/\/api.w.org\/{rel}","templated":true}]}}