{"id":45,"date":"2016-09-21T12:31:03","date_gmt":"2016-09-21T12:31:03","guid":{"rendered":"https:\/\/xyzhome.space\/robertcthomas\/?page_id=45"},"modified":"2020-07-09T12:20:05","modified_gmt":"2020-07-09T10:20:05","slug":"kunstlerische-erfahrung","status":"publish","type":"page","link":"https:\/\/hostme123.vip\/Robertcthomas\/kunstlerische-erfahrung\/","title":{"rendered":"K\u00fcnstlerische Erfahrung"},"content":{"rendered":"<div class=\"enigma_blog_full\">\n<div class=\"enigma_blog_post_content\">\n<p><img data-recalc-dims=\"1\" loading=\"lazy\" decoding=\"async\" class=\"wp-image-160 size-medium alignright\" src=\"https:\/\/i0.wp.com\/hostme123.vip\/Robertcthomas\/wp-content\/uploads\/2020\/07\/bob-touch-toes-DSC02156-retouch-jan10-FULL.jpg?resize=300%2C225&#038;ssl=1\" alt=\"\" width=\"300\" height=\"225\" srcset=\"https:\/\/i0.wp.com\/hostme123.vip\/Robertcthomas\/wp-content\/uploads\/2020\/07\/bob-touch-toes-DSC02156-retouch-jan10-FULL.jpg?resize=300%2C225&amp;ssl=1 300w, https:\/\/i0.wp.com\/hostme123.vip\/Robertcthomas\/wp-content\/uploads\/2020\/07\/bob-touch-toes-DSC02156-retouch-jan10-FULL.jpg?resize=1024%2C768&amp;ssl=1 1024w, https:\/\/i0.wp.com\/hostme123.vip\/Robertcthomas\/wp-content\/uploads\/2020\/07\/bob-touch-toes-DSC02156-retouch-jan10-FULL.jpg?resize=768%2C576&amp;ssl=1 768w, https:\/\/i0.wp.com\/hostme123.vip\/Robertcthomas\/wp-content\/uploads\/2020\/07\/bob-touch-toes-DSC02156-retouch-jan10-FULL.jpg?resize=1536%2C1152&amp;ssl=1 1536w, https:\/\/i0.wp.com\/hostme123.vip\/Robertcthomas\/wp-content\/uploads\/2020\/07\/bob-touch-toes-DSC02156-retouch-jan10-FULL.jpg?resize=2048%2C1536&amp;ssl=1 2048w, https:\/\/i0.wp.com\/hostme123.vip\/Robertcthomas\/wp-content\/uploads\/2020\/07\/bob-touch-toes-DSC02156-retouch-jan10-FULL.jpg?w=2400&amp;ssl=1 2400w\" sizes=\"auto, (max-width: 300px) 100vw, 300px\" \/>Robert C Thomas ist ein erfahrener Darsteller, T\u00e4nzer &amp; Choreograf.\u00a0 Seine Spezialit\u00e4ten sind amerikanische Tanzen aus den 1920-1950er Jahre, darunter authentischer Jazz, Swing-Jitterbug-Lindy, und Stepptanz.<\/p>\n<p>Mit dem B\u00fchnenname &#8220;Bob e Thomas&#8221; ist er t\u00e4tig als T\u00e4nzer und Darsteller \u00fcberall in der USA, Canada und Deutschland. Er hat auf einer Tour in Asien mit dem Artie Shaw Orchestra, Konzerten mit der Houston Symphony Orchestra, Boston Pops Orchestra (auf national TV), San Antonio Orchestra, New Mexico Orchestra, Jacksonville Orchestra, und Boston Philharmonic Orchestra getanzt, und in New York mit \u201cClara\u2019s Dream: A Jazz Nutcracker\u201d getanzt.<\/p>\n<p>Er hat Stepptanzimprovisation f\u00fcr die BA-Tanz Programme an der Roger Williams University und Dean College unterrichtet. Und als Gastredner an der Harvard University hat von der Entwicklung von amerikanischem Jazz von 1850-1960 erz\u00e4hlt und gezeigt.<\/p>\n<p>Als Lehrer, Trainer und Darsteller ist er immer hoch professionell aber auch steht f\u00fcr die Teilnehmer immer\u00a0Unterhaltsamkeit und Spa\u00df auf dem Programm.<\/p>\n<p><strong><a href=\"http:\/\/www.bobethomas.com\/\" target=\"_blank\" rel=\"noopener noreferrer\">Bob e Thomas, K\u00fcnstler Webseite<\/a><\/strong><\/p>\n<\/div>\n<\/div>\n","protected":false},"excerpt":{"rendered":"<p>Robert C Thomas ist ein erfahrener Darsteller, T\u00e4nzer &amp; Choreograf.\u00a0 Seine Spezialit\u00e4ten sind amerikanische Tanzen aus den 1920-1950er Jahre, darunter authentischer Jazz, Swing-Jitterbug-Lindy, und Stepptanz. Mit dem B\u00fchnenname &#8220;Bob e Thomas&#8221; ist er t\u00e4tig als T\u00e4nzer und Darsteller \u00fcberall in der USA, Canada und Deutschland. Er hat auf einer Tour in Asien mit dem Artie Shaw Orchestra, Konzerten mit der Houston Symphony Orchestra, Boston Pops [&hellip;]<\/p>\n","protected":false},"author":1,"featured_media":0,"parent":0,"menu_order":0,"comment_status":"closed","ping_status":"closed","template":"","meta":{"om_disable_all_campaigns":false,"footnotes":""},"class_list":["post-45","page","type-page","status-publish","hentry"],"jetpack_sharing_enabled":true,"_links":{"self":[{"href":"https:\/\/hostme123.vip\/Robertcthomas\/wp-json\/wp\/v2\/pages\/45","targetHints":{"allow":["GET"]}}],"collection":[{"href":"https:\/\/hostme123.vip\/Robertcthomas\/wp-json\/wp\/v2\/pages"}],"about":[{"href":"https:\/\/hostme123.vip\/Robertcthomas\/wp-json\/wp\/v2\/types\/page"}],"author":[{"embeddable":true,"href":"https:\/\/hostme123.vip\/Robertcthomas\/wp-json\/wp\/v2\/users\/1"}],"replies":[{"embeddable":true,"href":"https:\/\/hostme123.vip\/Robertcthomas\/wp-json\/wp\/v2\/comments?post=45"}],"version-history":[{"count":7,"href":"https:\/\/hostme123.vip\/Robertcthomas\/wp-json\/wp\/v2\/pages\/45\/revisions"}],"predecessor-version":[{"id":164,"href":"https:\/\/hostme123.vip\/Robertcthomas\/wp-json\/wp\/v2\/pages\/45\/revisions\/164"}],"wp:attachment":[{"href":"https:\/\/hostme123.vip\/Robertcthomas\/wp-json\/wp\/v2\/media?parent=45"}],"curies":[{"name":"wp","href":"https:\/\/api.w.org\/{rel}","templated":true}]}}