{"id":52,"date":"2016-09-21T13:03:57","date_gmt":"2016-09-21T13:03:57","guid":{"rendered":"https:\/\/xyzhome.space\/robertcthomas\/?page_id=52"},"modified":"2016-10-12T14:09:54","modified_gmt":"2016-10-12T12:09:54","slug":"bio","status":"publish","type":"page","link":"https:\/\/hostme123.vip\/Robertcthomas\/","title":{"rendered":"BIO"},"content":{"rendered":"<p style=\"text-align: left;\"><img data-recalc-dims=\"1\" loading=\"lazy\" decoding=\"async\" class=\"size-medium wp-image-59 alignright\" src=\"https:\/\/i0.wp.com\/xyzhome.space\/robertcthomas\/wp-content\/uploads\/2016\/09\/Bob-Headshot-N%C3%BCrnberg-Dec2013-IMG_1728-259x300.jpg?resize=259%2C300&#038;ssl=1\" alt=\"bob-headshot-nurnberg-dec2013-img_1728\" width=\"259\" height=\"300\" srcset=\"https:\/\/i0.wp.com\/hostme123.vip\/Robertcthomas\/wp-content\/uploads\/2016\/09\/Bob-Headshot-N%C3%BCrnberg-Dec2013-IMG_1728.jpg?resize=259%2C300&amp;ssl=1 259w, https:\/\/i0.wp.com\/hostme123.vip\/Robertcthomas\/wp-content\/uploads\/2016\/09\/Bob-Headshot-N%C3%BCrnberg-Dec2013-IMG_1728.jpg?resize=768%2C889&amp;ssl=1 768w, https:\/\/i0.wp.com\/hostme123.vip\/Robertcthomas\/wp-content\/uploads\/2016\/09\/Bob-Headshot-N%C3%BCrnberg-Dec2013-IMG_1728.jpg?w=794&amp;ssl=1 794w\" sizes=\"auto, (max-width: 259px) 100vw, 259px\" \/> Robert C Thomas hat eine einzigartige Kombination aus Trainingskompetenzen: Sowohl als Trainer als auch als Darsteller hat er vielf\u00e4ltige Erfahrungen in den Bereichen Pr\u00e4sentation und Performance, lehrt an Universit\u00e4ten und Fachhochschulen und verf\u00fcgt \u00fcber besondere Kenntnisse im Bereich des professionellen Schreibens.<\/p>\n<p>In den USA hat er jahrzehntelang an der Roger Williams University und am Dean College unterrichtet und als Gastredner an der Harvard University \u00fcber die Entwicklung des amerikanischen Jazz gesprochen. Viele Jahre Schauspiel- und Redetraining und B\u00fchnenerfahrung l\u00e4sst er in seinen Unterricht und seine Trainings einflie\u00dfen.<\/p>\n","protected":false},"excerpt":{"rendered":"<p>Robert C Thomas hat eine einzigartige Kombination aus Trainingskompetenzen: Sowohl als Trainer als auch als Darsteller hat er vielf\u00e4ltige Erfahrungen in den Bereichen Pr\u00e4sentation und Performance, lehrt an Universit\u00e4ten und Fachhochschulen und verf\u00fcgt \u00fcber besondere Kenntnisse im Bereich des professionellen Schreibens. In den USA hat er jahrzehntelang an der Roger Williams University und am Dean College unterrichtet und als Gastredner an der Harvard University \u00fcber [&hellip;]<\/p>\n","protected":false},"author":1,"featured_media":0,"parent":0,"menu_order":0,"comment_status":"closed","ping_status":"closed","template":"","meta":{"om_disable_all_campaigns":false,"footnotes":""},"class_list":["post-52","page","type-page","status-publish","hentry"],"jetpack_sharing_enabled":true,"_links":{"self":[{"href":"https:\/\/hostme123.vip\/Robertcthomas\/wp-json\/wp\/v2\/pages\/52","targetHints":{"allow":["GET"]}}],"collection":[{"href":"https:\/\/hostme123.vip\/Robertcthomas\/wp-json\/wp\/v2\/pages"}],"about":[{"href":"https:\/\/hostme123.vip\/Robertcthomas\/wp-json\/wp\/v2\/types\/page"}],"author":[{"embeddable":true,"href":"https:\/\/hostme123.vip\/Robertcthomas\/wp-json\/wp\/v2\/users\/1"}],"replies":[{"embeddable":true,"href":"https:\/\/hostme123.vip\/Robertcthomas\/wp-json\/wp\/v2\/comments?post=52"}],"version-history":[{"count":3,"href":"https:\/\/hostme123.vip\/Robertcthomas\/wp-json\/wp\/v2\/pages\/52\/revisions"}],"predecessor-version":[{"id":145,"href":"https:\/\/hostme123.vip\/Robertcthomas\/wp-json\/wp\/v2\/pages\/52\/revisions\/145"}],"wp:attachment":[{"href":"https:\/\/hostme123.vip\/Robertcthomas\/wp-json\/wp\/v2\/media?parent=52"}],"curies":[{"name":"wp","href":"https:\/\/api.w.org\/{rel}","templated":true}]}}