{"id":70,"date":"2016-09-21T13:24:09","date_gmt":"2016-09-21T13:24:09","guid":{"rendered":"https:\/\/xyzhome.space\/robertcthomas\/?page_id=70"},"modified":"2020-07-09T12:33:22","modified_gmt":"2020-07-09T10:33:22","slug":"unterricht","status":"publish","type":"page","link":"https:\/\/hostme123.vip\/Robertcthomas\/unterricht\/","title":{"rendered":"Unterricht"},"content":{"rendered":"<p><img data-recalc-dims=\"1\" loading=\"lazy\" decoding=\"async\" class=\"wp-image-169 size-medium alignright\" src=\"https:\/\/i0.wp.com\/hostme123.vip\/Robertcthomas\/wp-content\/uploads\/2020\/07\/Uni-w-G%C3%B6zde.jpg?resize=300%2C225&#038;ssl=1\" alt=\"\" width=\"300\" height=\"225\" srcset=\"https:\/\/i0.wp.com\/hostme123.vip\/Robertcthomas\/wp-content\/uploads\/2020\/07\/Uni-w-G%C3%B6zde.jpg?resize=300%2C225&amp;ssl=1 300w, https:\/\/i0.wp.com\/hostme123.vip\/Robertcthomas\/wp-content\/uploads\/2020\/07\/Uni-w-G%C3%B6zde.jpg?resize=768%2C576&amp;ssl=1 768w, https:\/\/i0.wp.com\/hostme123.vip\/Robertcthomas\/wp-content\/uploads\/2020\/07\/Uni-w-G%C3%B6zde.jpg?w=960&amp;ssl=1 960w\" sizes=\"auto, (max-width: 300px) 100vw, 300px\" \/>Robert C Thomas hat eine einzigartige Kombination aus Trainingskompetenzen: Sowohl als Trainer als auch als Darsteller hat er vielf\u00e4ltige Erfahrungen in den Bereichen Pr\u00e4sentation und Performance.Er hat sein Masters in Nonfiction Writing an Goucher College in der USA bekommen und war mehr als 20 Jahre als Darsteller t\u00e4tig in Amerika.<\/p>\n<p>Er unterrichtet seit 2012 English Writing an der Universit\u00e4t Bielefeld und hat f\u00fcr einige Jahre Business Englisch an der Fachhochschule des Mittelstands, Bielefeld und auch f\u00fcr Gesch\u00e4ftsleute an Bertelsmann und Miele in G\u00fctersloh unterrichtet.<\/p>\n<p>In Amerika hat er Jahrzehnten lang an der Roger Williams University und Dean College unterrichtet und an der Harvard University hat als Gastredner von der Entwicklung von amerikanischem Jazz erz\u00e4hlt und gezeigt.<\/p>\n<p>Viele Jahre Schauspiel- und Redetraining und B\u00fchnenefahrung l\u00e4sst er in seinem Unterricht und seine Trainings mit einflie\u00dfen<\/p>\n","protected":false},"excerpt":{"rendered":"<p>Robert C Thomas hat eine einzigartige Kombination aus Trainingskompetenzen: Sowohl als Trainer als auch als Darsteller hat er vielf\u00e4ltige Erfahrungen in den Bereichen Pr\u00e4sentation und Performance.Er hat sein Masters in Nonfiction Writing an Goucher College in der USA bekommen und war mehr als 20 Jahre als Darsteller t\u00e4tig in Amerika. Er unterrichtet seit 2012 English Writing an der Universit\u00e4t Bielefeld und hat f\u00fcr einige Jahre [&hellip;]<\/p>\n","protected":false},"author":1,"featured_media":0,"parent":0,"menu_order":0,"comment_status":"closed","ping_status":"closed","template":"","meta":{"om_disable_all_campaigns":false,"footnotes":""},"class_list":["post-70","page","type-page","status-publish","hentry"],"jetpack_sharing_enabled":true,"_links":{"self":[{"href":"https:\/\/hostme123.vip\/Robertcthomas\/wp-json\/wp\/v2\/pages\/70","targetHints":{"allow":["GET"]}}],"collection":[{"href":"https:\/\/hostme123.vip\/Robertcthomas\/wp-json\/wp\/v2\/pages"}],"about":[{"href":"https:\/\/hostme123.vip\/Robertcthomas\/wp-json\/wp\/v2\/types\/page"}],"author":[{"embeddable":true,"href":"https:\/\/hostme123.vip\/Robertcthomas\/wp-json\/wp\/v2\/users\/1"}],"replies":[{"embeddable":true,"href":"https:\/\/hostme123.vip\/Robertcthomas\/wp-json\/wp\/v2\/comments?post=70"}],"version-history":[{"count":3,"href":"https:\/\/hostme123.vip\/Robertcthomas\/wp-json\/wp\/v2\/pages\/70\/revisions"}],"predecessor-version":[{"id":170,"href":"https:\/\/hostme123.vip\/Robertcthomas\/wp-json\/wp\/v2\/pages\/70\/revisions\/170"}],"wp:attachment":[{"href":"https:\/\/hostme123.vip\/Robertcthomas\/wp-json\/wp\/v2\/media?parent=70"}],"curies":[{"name":"wp","href":"https:\/\/api.w.org\/{rel}","templated":true}]}}